{"id":5918,"date":"2025-07-02T06:30:41","date_gmt":"2025-07-02T06:30:41","guid":{"rendered":"https:\/\/www.ral-c.com\/?page_id=5918"},"modified":"2025-10-28T07:32:58","modified_gmt":"2025-10-28T07:32:58","slug":"sales-support","status":"publish","type":"page","link":"https:\/\/www.ral-c.com\/pl\/sales-support\/","title":{"rendered":"Wsparcie sprzeda\u017cy"},"content":{"rendered":"<!-- dce invisible -->","protected":false},"excerpt":{"rendered":"<p>Back NOWO\u015a\u0106. IDEALNE ROZWI\u0104ZANIE MARKETINGOWE! Zapoznaj si\u0119 z najwa\u017cniejszymi informacjami dzi\u0119ki naszej cyfrowej broszurze. Dzi\u0119ki ruchomym obrazom i interaktywnym elementom broszura ta stanowi doskona\u0142y spos\u00f3b na wyja\u015bnienie znaku jako\u015bci i tego, co on oznacza. Kliknij poni\u017cszy link, aby zapozna\u0107 si\u0119 z ca\u0142\u0105 tre\u015bci\u0105.\u00a0 Zapraszamy do zapoznania si\u0119 z now\u0105 broszur\u0105 Jak wykorzysta\u0107 t\u0119 broszur\u0119 w [&hellip;]<\/p>\n","protected":false},"author":2,"featured_media":0,"parent":0,"menu_order":0,"comment_status":"closed","ping_status":"closed","template":"elementor_header_footer","meta":{"footnotes":""},"class_list":["post-5918","page","type-page","status-publish","hentry"],"acf":[],"yoast_head":"<!-- This site is optimized with the Yoast SEO plugin v27.2 - https:\/\/yoast.com\/product\/yoast-seo-wordpress\/ -->\n<title>Wsparcie sprzeda\u017cy - RAL<\/title>\n<meta name=\"robots\" content=\"index, follow, max-snippet:-1, max-image-preview:large, max-video-preview:-1\" \/>\n<link rel=\"canonical\" href=\"https:\/\/www.ral-c.com\/pl\/sales-support\/\" \/>\n<meta property=\"og:locale\" content=\"pl_PL\" \/>\n<meta property=\"og:type\" content=\"article\" \/>\n<meta property=\"og:title\" content=\"Wsparcie sprzeda\u017cy - RAL\" \/>\n<meta property=\"og:description\" content=\"Back NOWO\u015a\u0106. IDEALNE ROZWI\u0104ZANIE MARKETINGOWE! Zapoznaj si\u0119 z najwa\u017cniejszymi informacjami dzi\u0119ki naszej cyfrowej broszurze. Dzi\u0119ki ruchomym obrazom i interaktywnym elementom broszura ta stanowi doskona\u0142y spos\u00f3b na wyja\u015bnienie znaku jako\u015bci i tego, co on oznacza. Kliknij poni\u017cszy link, aby zapozna\u0107 si\u0119 z ca\u0142\u0105 tre\u015bci\u0105.\u00a0 Zapraszamy do zapoznania si\u0119 z now\u0105 broszur\u0105 Jak wykorzysta\u0107 t\u0119 broszur\u0119 w [&hellip;]\" \/>\n<meta property=\"og:url\" content=\"https:\/\/www.ral-c.com\/pl\/sales-support\/\" \/>\n<meta property=\"og:site_name\" content=\"RAL\" \/>\n<meta property=\"article:publisher\" content=\"https:\/\/www.facebook.com\/kerzenguete\/\" \/>\n<meta property=\"article:modified_time\" content=\"2025-10-28T07:32:58+00:00\" \/>\n<meta property=\"og:image\" content=\"https:\/\/www.ral-c.com\/wp-content\/uploads\/2025\/10\/broschure-animation-weboptimiert-pl.gif\" \/>\n<meta name=\"twitter:card\" content=\"summary_large_image\" \/>\n<meta name=\"twitter:label1\" content=\"Szacowany czas czytania\" \/>\n\t<meta name=\"twitter:data1\" content=\"2 minuty\" \/>\n<script type=\"application\/ld+json\" class=\"yoast-schema-graph\">{\"@context\":\"https:\/\/schema.org\",\"@graph\":[{\"@type\":\"WebPage\",\"@id\":\"https:\/\/www.ral-c.com\/pl\/sales-support\/\",\"url\":\"https:\/\/www.ral-c.com\/pl\/sales-support\/\",\"name\":\"Wsparcie sprzeda\u017cy - RAL\",\"isPartOf\":{\"@id\":\"https:\/\/www.ral-c.com\/pl\/#website\"},\"primaryImageOfPage\":{\"@id\":\"https:\/\/www.ral-c.com\/pl\/sales-support\/#primaryimage\"},\"image\":{\"@id\":\"https:\/\/www.ral-c.com\/pl\/sales-support\/#primaryimage\"},\"thumbnailUrl\":\"https:\/\/www.ral-c.com\/wp-content\/uploads\/2025\/10\/broschure-animation-weboptimiert-pl.gif\",\"datePublished\":\"2025-07-02T06:30:41+00:00\",\"dateModified\":\"2025-10-28T07:32:58+00:00\",\"breadcrumb\":{\"@id\":\"https:\/\/www.ral-c.com\/pl\/sales-support\/#breadcrumb\"},\"inLanguage\":\"pl-PL\",\"potentialAction\":[{\"@type\":\"ReadAction\",\"target\":[\"https:\/\/www.ral-c.com\/pl\/sales-support\/\"]}]},{\"@type\":\"ImageObject\",\"inLanguage\":\"pl-PL\",\"@id\":\"https:\/\/www.ral-c.com\/pl\/sales-support\/#primaryimage\",\"url\":\"https:\/\/www.ral-c.com\/wp-content\/uploads\/2025\/10\/broschure-animation-weboptimiert-pl.gif\",\"contentUrl\":\"https:\/\/www.ral-c.com\/wp-content\/uploads\/2025\/10\/broschure-animation-weboptimiert-pl.gif\"},{\"@type\":\"BreadcrumbList\",\"@id\":\"https:\/\/www.ral-c.com\/pl\/sales-support\/#breadcrumb\",\"itemListElement\":[{\"@type\":\"ListItem\",\"position\":1,\"name\":\"Home\",\"item\":\"https:\/\/www.ral-c.com\/pl\/\"},{\"@type\":\"ListItem\",\"position\":2,\"name\":\"Wsparcie sprzeda\u017cy\"}]},{\"@type\":\"WebSite\",\"@id\":\"https:\/\/www.ral-c.com\/pl\/#website\",\"url\":\"https:\/\/www.ral-c.com\/pl\/\",\"name\":\"RAL Quality Mark Candles\",\"description\":\"G\u00fctezeichen f\u00fcr Kerzen\",\"publisher\":{\"@id\":\"https:\/\/www.ral-c.com\/pl\/#organization\"},\"potentialAction\":[{\"@type\":\"SearchAction\",\"target\":{\"@type\":\"EntryPoint\",\"urlTemplate\":\"https:\/\/www.ral-c.com\/pl\/?s={search_term_string}\"},\"query-input\":{\"@type\":\"PropertyValueSpecification\",\"valueRequired\":true,\"valueName\":\"search_term_string\"}}],\"inLanguage\":\"pl-PL\"},{\"@type\":\"Organization\",\"@id\":\"https:\/\/www.ral-c.com\/pl\/#organization\",\"name\":\"RAL Quality Mark Candles\",\"url\":\"https:\/\/www.ral-c.com\/pl\/\",\"logo\":{\"@type\":\"ImageObject\",\"inLanguage\":\"pl-PL\",\"@id\":\"https:\/\/www.ral-c.com\/pl\/#\/schema\/logo\/image\/\",\"url\":\"https:\/\/www.ral-c.com\/wp-content\/uploads\/2024\/08\/ral-website-logo-en.jpg\",\"contentUrl\":\"https:\/\/www.ral-c.com\/wp-content\/uploads\/2024\/08\/ral-website-logo-en.jpg\",\"width\":739,\"height\":1419,\"caption\":\"RAL Quality Mark Candles\"},\"image\":{\"@id\":\"https:\/\/www.ral-c.com\/pl\/#\/schema\/logo\/image\/\"},\"sameAs\":[\"https:\/\/www.facebook.com\/kerzenguete\/\",\"https:\/\/www.instagram.com\/ralqualitymarkcandles\/\"]}]}<\/script>\n<!-- \/ Yoast SEO plugin. -->","yoast_head_json":{"title":"Wsparcie sprzeda\u017cy - RAL","robots":{"index":"index","follow":"follow","max-snippet":"max-snippet:-1","max-image-preview":"max-image-preview:large","max-video-preview":"max-video-preview:-1"},"canonical":"https:\/\/www.ral-c.com\/pl\/sales-support\/","og_locale":"pl_PL","og_type":"article","og_title":"Wsparcie sprzeda\u017cy - RAL","og_description":"Back NOWO\u015a\u0106. IDEALNE ROZWI\u0104ZANIE MARKETINGOWE! Zapoznaj si\u0119 z najwa\u017cniejszymi informacjami dzi\u0119ki naszej cyfrowej broszurze. Dzi\u0119ki ruchomym obrazom i interaktywnym elementom broszura ta stanowi doskona\u0142y spos\u00f3b na wyja\u015bnienie znaku jako\u015bci i tego, co on oznacza. Kliknij poni\u017cszy link, aby zapozna\u0107 si\u0119 z ca\u0142\u0105 tre\u015bci\u0105.\u00a0 Zapraszamy do zapoznania si\u0119 z now\u0105 broszur\u0105 Jak wykorzysta\u0107 t\u0119 broszur\u0119 w [&hellip;]","og_url":"https:\/\/www.ral-c.com\/pl\/sales-support\/","og_site_name":"RAL","article_publisher":"https:\/\/www.facebook.com\/kerzenguete\/","article_modified_time":"2025-10-28T07:32:58+00:00","og_image":[{"url":"https:\/\/www.ral-c.com\/wp-content\/uploads\/2025\/10\/broschure-animation-weboptimiert-pl.gif","type":"","width":"","height":""}],"twitter_card":"summary_large_image","twitter_misc":{"Szacowany czas czytania":"2 minuty"},"schema":{"@context":"https:\/\/schema.org","@graph":[{"@type":"WebPage","@id":"https:\/\/www.ral-c.com\/pl\/sales-support\/","url":"https:\/\/www.ral-c.com\/pl\/sales-support\/","name":"Wsparcie sprzeda\u017cy - RAL","isPartOf":{"@id":"https:\/\/www.ral-c.com\/pl\/#website"},"primaryImageOfPage":{"@id":"https:\/\/www.ral-c.com\/pl\/sales-support\/#primaryimage"},"image":{"@id":"https:\/\/www.ral-c.com\/pl\/sales-support\/#primaryimage"},"thumbnailUrl":"https:\/\/www.ral-c.com\/wp-content\/uploads\/2025\/10\/broschure-animation-weboptimiert-pl.gif","datePublished":"2025-07-02T06:30:41+00:00","dateModified":"2025-10-28T07:32:58+00:00","breadcrumb":{"@id":"https:\/\/www.ral-c.com\/pl\/sales-support\/#breadcrumb"},"inLanguage":"pl-PL","potentialAction":[{"@type":"ReadAction","target":["https:\/\/www.ral-c.com\/pl\/sales-support\/"]}]},{"@type":"ImageObject","inLanguage":"pl-PL","@id":"https:\/\/www.ral-c.com\/pl\/sales-support\/#primaryimage","url":"https:\/\/www.ral-c.com\/wp-content\/uploads\/2025\/10\/broschure-animation-weboptimiert-pl.gif","contentUrl":"https:\/\/www.ral-c.com\/wp-content\/uploads\/2025\/10\/broschure-animation-weboptimiert-pl.gif"},{"@type":"BreadcrumbList","@id":"https:\/\/www.ral-c.com\/pl\/sales-support\/#breadcrumb","itemListElement":[{"@type":"ListItem","position":1,"name":"Home","item":"https:\/\/www.ral-c.com\/pl\/"},{"@type":"ListItem","position":2,"name":"Wsparcie sprzeda\u017cy"}]},{"@type":"WebSite","@id":"https:\/\/www.ral-c.com\/pl\/#website","url":"https:\/\/www.ral-c.com\/pl\/","name":"RAL Quality Mark Candles","description":"G\u00fctezeichen f\u00fcr Kerzen","publisher":{"@id":"https:\/\/www.ral-c.com\/pl\/#organization"},"potentialAction":[{"@type":"SearchAction","target":{"@type":"EntryPoint","urlTemplate":"https:\/\/www.ral-c.com\/pl\/?s={search_term_string}"},"query-input":{"@type":"PropertyValueSpecification","valueRequired":true,"valueName":"search_term_string"}}],"inLanguage":"pl-PL"},{"@type":"Organization","@id":"https:\/\/www.ral-c.com\/pl\/#organization","name":"RAL Quality Mark Candles","url":"https:\/\/www.ral-c.com\/pl\/","logo":{"@type":"ImageObject","inLanguage":"pl-PL","@id":"https:\/\/www.ral-c.com\/pl\/#\/schema\/logo\/image\/","url":"https:\/\/www.ral-c.com\/wp-content\/uploads\/2024\/08\/ral-website-logo-en.jpg","contentUrl":"https:\/\/www.ral-c.com\/wp-content\/uploads\/2024\/08\/ral-website-logo-en.jpg","width":739,"height":1419,"caption":"RAL Quality Mark Candles"},"image":{"@id":"https:\/\/www.ral-c.com\/pl\/#\/schema\/logo\/image\/"},"sameAs":["https:\/\/www.facebook.com\/kerzenguete\/","https:\/\/www.instagram.com\/ralqualitymarkcandles\/"]}]}},"_links":{"self":[{"href":"https:\/\/www.ral-c.com\/pl\/wp-json\/wp\/v2\/pages\/5918","targetHints":{"allow":["GET"]}}],"collection":[{"href":"https:\/\/www.ral-c.com\/pl\/wp-json\/wp\/v2\/pages"}],"about":[{"href":"https:\/\/www.ral-c.com\/pl\/wp-json\/wp\/v2\/types\/page"}],"author":[{"embeddable":true,"href":"https:\/\/www.ral-c.com\/pl\/wp-json\/wp\/v2\/users\/2"}],"replies":[{"embeddable":true,"href":"https:\/\/www.ral-c.com\/pl\/wp-json\/wp\/v2\/comments?post=5918"}],"version-history":[{"count":20,"href":"https:\/\/www.ral-c.com\/pl\/wp-json\/wp\/v2\/pages\/5918\/revisions"}],"predecessor-version":[{"id":7033,"href":"https:\/\/www.ral-c.com\/pl\/wp-json\/wp\/v2\/pages\/5918\/revisions\/7033"}],"wp:attachment":[{"href":"https:\/\/www.ral-c.com\/pl\/wp-json\/wp\/v2\/media?parent=5918"}],"curies":[{"name":"wp","href":"https:\/\/api.w.org\/{rel}","templated":true}]}}