{"id":5877,"date":"2025-06-30T13:16:59","date_gmt":"2025-06-30T13:16:59","guid":{"rendered":"https:\/\/www.ral-c.com\/?page_id=5877"},"modified":"2025-10-20T13:44:53","modified_gmt":"2025-10-20T13:44:53","slug":"protected-area","status":"publish","type":"page","link":"https:\/\/www.ral-c.com\/pl\/protected-area\/","title":{"rendered":"Obszar dla cz\u0142onk\u00f3w"},"content":{"rendered":"\t\t<div data-elementor-type=\"wp-page\" data-elementor-id=\"5877\" class=\"elementor elementor-5877 elementor-5875\" data-elementor-post-type=\"page\">\n\t\t\t\t<div class=\"elementor-element elementor-element-8be35c6 e-flex e-con-boxed e-con e-parent\" data-id=\"8be35c6\" data-element_type=\"container\" data-e-type=\"container\">\n\t\t\t\t\t<div class=\"e-con-inner\">\n\t\t<div class=\"elementor-element elementor-element-59e660f e-con-full e-flex e-con e-child\" data-id=\"59e660f\" data-element_type=\"container\" data-e-type=\"container\">\n\t\t\t\t<div class=\"elementor-element elementor-element-65c2ed6 elementor-button-align-start elementor-widget elementor-widget-login\" data-id=\"65c2ed6\" data-element_type=\"widget\" data-e-type=\"widget\" data-widget_type=\"login.default\">\n\t\t\t\t<div class=\"elementor-widget-container\">\n\t\t\t\t\t\t\t<form class=\"elementor-login elementor-form\" method=\"post\" action=\"https:\/\/www.ral-c.com\/wp-login.php\" aria-label=\"Login form\">\n\t\t\t<input type=\"hidden\" name=\"redirect_to\" value=\"https:\/\/www.ral-c.com\/protected-area\/\">\n\t\t\t<div class=\"elementor-form-fields-wrapper\">\n\t\t\t\t<div class=\"elementor-field-type-text elementor-field-group elementor-column elementor-col-100 elementor-field-required\">\n\t\t\t\t\t<label for=\"user-65c2ed6\" class=\"elementor-field-label\">Nazwa u\u017cytkownika lub adres e-mail<\/label>\n\t\t\t\t\t<input size=\"1\" type=\"text\" name=\"log\" id=\"user-65c2ed6\" placeholder=\"\" class=\"elementor-field elementor-field-textual elementor-size-xs\">\n\t\t\t\t<\/div>\n\t\t\t\t<div class=\"elementor-field-type-text elementor-field-group elementor-column elementor-col-100 elementor-field-required\">\n\t\t\t\t\t<label for=\"password-65c2ed6\" class=\"elementor-field-label\">Has\u0142o<\/label>\n\t\t\t\t\t<input size=\"1\" type=\"password\" name=\"pwd\" id=\"password-65c2ed6\" placeholder=\"\" class=\"elementor-field elementor-field-textual elementor-size-xs\">\n\t\t\t\t<\/div>\n\n\t\t\t\t\t\t\t\t\t<div class=\"elementor-field-type-checkbox elementor-field-group elementor-column elementor-col-100 elementor-remember-me\">\n\t\t\t\t\t\t<label for=\"elementor-login-remember-me\">\n\t\t\t\t\t\t\t<input type=\"checkbox\" id=\"elementor-login-remember-me\" name=\"rememberme\" value=\"forever\">\n\t\t\t\t\t\t\tZapami\u0119taj mnie\t\t\t\t\t\t<\/label>\n\t\t\t\t\t<\/div>\n\t\t\t\t\n\t\t\t\t<div class=\"elementor-field-group elementor-column elementor-field-type-submit elementor-col-100\">\n\t\t\t\t\t<button type=\"submit\" class=\"elementor-size-xs elementor-button\" name=\"wp-submit\">\n\t\t\t\t\t\t\t\t\t\t\t\t\t\t\t<span class=\"elementor-button-text\">Zaloguj si\u0119<\/span>\n\t\t\t\t\t\t\t\t\t\t\t\t<\/button>\n\t\t\t\t<\/div>\n\n\t\t\t\t\t\t\t\t\t<div class=\"elementor-field-group elementor-column elementor-col-100\">\n\t\t\t\t\t\t\t\t\t\t\t\t\t\t\t\t\t\t\t\t<a class=\"elementor-lost-password\" href=\"https:\/\/www.ral-c.com\/wp-login.php?action=lostpassword&redirect_to=https%3A%2F%2Fwww.ral-c.com%2Fprotected-area%2F\">\n\t\t\t\t\t\t\t\tZapomnia\u0142e\u015b has\u0142a?\t\t\t\t\t\t\t<\/a>\n\t\t\t\t\t\t\n\t\t\t\t\t\t\t\t\t\t\t<\/div>\n\t\t\t\t\t\t\t<\/div>\n\t\t<\/form>\n\t\t\t\t\t\t<\/div>\n\t\t\t\t<\/div>\n\t\t\t\t<div class=\"elementor-element elementor-element-b2103f0 elementor--h-position-left elementor--v-position-top elementor-widget__width-initial elementor-arrows-position-inside elementor-pagination-position-inside elementor-widget elementor-widget-slides\" data-id=\"b2103f0\" data-element_type=\"widget\" data-e-type=\"widget\" data-settings=\"{&quot;navigation&quot;:&quot;both&quot;,&quot;autoplay&quot;:&quot;yes&quot;,&quot;pause_on_hover&quot;:&quot;yes&quot;,&quot;pause_on_interaction&quot;:&quot;yes&quot;,&quot;autoplay_speed&quot;:5000,&quot;infinite&quot;:&quot;yes&quot;,&quot;transition&quot;:&quot;slide&quot;,&quot;transition_speed&quot;:500}\" data-widget_type=\"slides.default\">\n\t\t\t\t<div class=\"elementor-widget-container\">\n\t\t\t\t\t\t\t\t\t<div class=\"elementor-swiper\">\n\t\t\t\t\t<div class=\"elementor-slides-wrapper elementor-main-swiper swiper\" role=\"region\" aria-roledescription=\"carousel\" aria-label=\"Slajdy\" dir=\"ltr\" data-animation=\"fadeInUp\">\n\t\t\t\t<div class=\"swiper-wrapper elementor-slides\">\n\t\t\t\t\t\t\t\t\t\t<div class=\"elementor-repeater-item-07035d2 swiper-slide\" role=\"group\" aria-roledescription=\"slide\"><div class=\"swiper-slide-bg\" role=\"img\" aria-label=\"B2B Business to Business Concept, Cooperation and Partnership, Corporate Trade, Networked Global Business\"><\/div><div class=\"swiper-slide-inner\" ><div class=\"swiper-slide-contents\"><div class=\"elementor-slide-heading\">WITAMY DO<\/div><div class=\"elementor-slide-description\"><p>ekskluzywnej strefy dla cz\u0142onk\u00f3w!<\/p>\n<\/div><\/div><\/div><\/div>\t\t\t\t<\/div>\n\t\t\t\t\t\t\t<\/div>\n\t\t\t\t<\/div>\n\t\t\t\t\t\t\t\t<\/div>\n\t\t\t\t<\/div>\n\t\t\t\t<\/div>\n\t\t<div class=\"elementor-element elementor-element-bca24b3 e-con-full e-flex e-con e-child\" data-id=\"bca24b3\" data-element_type=\"container\" data-e-type=\"container\">\n\t\t\t\t<div class=\"elementor-element elementor-element-d588e93 elementor-widget elementor-widget-text-editor\" data-id=\"d588e93\" data-element_type=\"widget\" data-e-type=\"widget\" data-widget_type=\"text-editor.default\">\n\t\t\t\t<div class=\"elementor-widget-container\">\n\t\t\t\t\t\t\t\t\t<h4>Ten obszar jest dost\u0119pny wy\u0142\u0105cznie dla zarejestrowanych cz\u0142onk\u00f3w. Znajdziesz tu wszystkie wa\u017cne zasoby, takie jak logo, ikony, listy biznesowe i materia\u0142y reklamowe, kt\u00f3re pomog\u0105 Ci w komunikacji z klientami.\u00a0<\/h4>\t\t\t\t\t\t\t\t<\/div>\n\t\t\t\t<\/div>\n\t\t\t\t<\/div>\n\t\t\t\t\t<\/div>\n\t\t\t\t<\/div>\n\t\t<!-- dce invisible element f7ee343 -->\t\t<\/div>\n\t\t","protected":false},"excerpt":{"rendered":"<p>WITAMY DO ekskluzywnej strefy dla cz\u0142onk\u00f3w! Ten obszar jest dost\u0119pny wy\u0142\u0105cznie dla zarejestrowanych cz\u0142onk\u00f3w. Znajdziesz tu wszystkie wa\u017cne zasoby, takie jak logo, ikony, listy biznesowe i materia\u0142y reklamowe, kt\u00f3re pomog\u0105 Ci w komunikacji z klientami.\u00a0 Wsparcie sprzeda\u017cy Mi\u0119dzynarodowy znak jako\u015bci Piktogramy Siedziba firmy<\/p>\n","protected":false},"author":2,"featured_media":0,"parent":0,"menu_order":0,"comment_status":"closed","ping_status":"closed","template":"elementor_header_footer","meta":{"footnotes":""},"class_list":["post-5877","page","type-page","status-publish","hentry"],"acf":[],"yoast_head":"<!-- This site is optimized with the Yoast SEO plugin v27.2 - https:\/\/yoast.com\/product\/yoast-seo-wordpress\/ -->\n<title>Obszar dla cz\u0142onk\u00f3w - RAL<\/title>\n<meta name=\"robots\" content=\"index, follow, max-snippet:-1, max-image-preview:large, max-video-preview:-1\" \/>\n<link rel=\"canonical\" href=\"https:\/\/www.ral-c.com\/pl\/protected-area\/\" \/>\n<meta property=\"og:locale\" content=\"pl_PL\" \/>\n<meta property=\"og:type\" content=\"article\" \/>\n<meta property=\"og:title\" content=\"Obszar dla cz\u0142onk\u00f3w - RAL\" \/>\n<meta property=\"og:description\" content=\"WITAMY DO ekskluzywnej strefy dla cz\u0142onk\u00f3w! Ten obszar jest dost\u0119pny wy\u0142\u0105cznie dla zarejestrowanych cz\u0142onk\u00f3w. Znajdziesz tu wszystkie wa\u017cne zasoby, takie jak logo, ikony, listy biznesowe i materia\u0142y reklamowe, kt\u00f3re pomog\u0105 Ci w komunikacji z klientami.\u00a0 Wsparcie sprzeda\u017cy Mi\u0119dzynarodowy znak jako\u015bci Piktogramy Siedziba firmy\" \/>\n<meta property=\"og:url\" content=\"https:\/\/www.ral-c.com\/pl\/protected-area\/\" \/>\n<meta property=\"og:site_name\" content=\"RAL\" \/>\n<meta property=\"article:publisher\" content=\"https:\/\/www.facebook.com\/kerzenguete\/\" \/>\n<meta property=\"article:modified_time\" content=\"2025-10-20T13:44:53+00:00\" \/>\n<meta name=\"twitter:card\" content=\"summary_large_image\" \/>\n<meta name=\"twitter:label1\" content=\"Szacowany czas czytania\" \/>\n\t<meta name=\"twitter:data1\" content=\"2 minuty\" \/>\n<script type=\"application\/ld+json\" class=\"yoast-schema-graph\">{\"@context\":\"https:\/\/schema.org\",\"@graph\":[{\"@type\":\"WebPage\",\"@id\":\"https:\/\/www.ral-c.com\/pl\/protected-area\/\",\"url\":\"https:\/\/www.ral-c.com\/pl\/protected-area\/\",\"name\":\"Obszar dla cz\u0142onk\u00f3w - RAL\",\"isPartOf\":{\"@id\":\"https:\/\/www.ral-c.com\/pl\/#website\"},\"primaryImageOfPage\":{\"@id\":\"https:\/\/www.ral-c.com\/pl\/protected-area\/#primaryimage\"},\"image\":{\"@id\":\"https:\/\/www.ral-c.com\/pl\/protected-area\/#primaryimage\"},\"thumbnailUrl\":\"https:\/\/www.ral-c.com\/wp-content\/uploads\/2025\/08\/icon-sales-uenterstuetzung-1.svg\",\"datePublished\":\"2025-06-30T13:16:59+00:00\",\"dateModified\":\"2025-10-20T13:44:53+00:00\",\"breadcrumb\":{\"@id\":\"https:\/\/www.ral-c.com\/pl\/protected-area\/#breadcrumb\"},\"inLanguage\":\"pl-PL\",\"potentialAction\":[{\"@type\":\"ReadAction\",\"target\":[\"https:\/\/www.ral-c.com\/pl\/protected-area\/\"]}]},{\"@type\":\"ImageObject\",\"inLanguage\":\"pl-PL\",\"@id\":\"https:\/\/www.ral-c.com\/pl\/protected-area\/#primaryimage\",\"url\":\"https:\/\/www.ral-c.com\/wp-content\/uploads\/2025\/08\/icon-sales-uenterstuetzung-1.svg\",\"contentUrl\":\"https:\/\/www.ral-c.com\/wp-content\/uploads\/2025\/08\/icon-sales-uenterstuetzung-1.svg\"},{\"@type\":\"BreadcrumbList\",\"@id\":\"https:\/\/www.ral-c.com\/pl\/protected-area\/#breadcrumb\",\"itemListElement\":[{\"@type\":\"ListItem\",\"position\":1,\"name\":\"Home\",\"item\":\"https:\/\/www.ral-c.com\/pl\/\"},{\"@type\":\"ListItem\",\"position\":2,\"name\":\"Obszar dla cz\u0142onk\u00f3w\"}]},{\"@type\":\"WebSite\",\"@id\":\"https:\/\/www.ral-c.com\/pl\/#website\",\"url\":\"https:\/\/www.ral-c.com\/pl\/\",\"name\":\"RAL Quality Mark Candles\",\"description\":\"G\u00fctezeichen f\u00fcr Kerzen\",\"publisher\":{\"@id\":\"https:\/\/www.ral-c.com\/pl\/#organization\"},\"potentialAction\":[{\"@type\":\"SearchAction\",\"target\":{\"@type\":\"EntryPoint\",\"urlTemplate\":\"https:\/\/www.ral-c.com\/pl\/?s={search_term_string}\"},\"query-input\":{\"@type\":\"PropertyValueSpecification\",\"valueRequired\":true,\"valueName\":\"search_term_string\"}}],\"inLanguage\":\"pl-PL\"},{\"@type\":\"Organization\",\"@id\":\"https:\/\/www.ral-c.com\/pl\/#organization\",\"name\":\"RAL Quality Mark Candles\",\"url\":\"https:\/\/www.ral-c.com\/pl\/\",\"logo\":{\"@type\":\"ImageObject\",\"inLanguage\":\"pl-PL\",\"@id\":\"https:\/\/www.ral-c.com\/pl\/#\/schema\/logo\/image\/\",\"url\":\"https:\/\/www.ral-c.com\/wp-content\/uploads\/2024\/08\/ral-website-logo-en.jpg\",\"contentUrl\":\"https:\/\/www.ral-c.com\/wp-content\/uploads\/2024\/08\/ral-website-logo-en.jpg\",\"width\":739,\"height\":1419,\"caption\":\"RAL Quality Mark Candles\"},\"image\":{\"@id\":\"https:\/\/www.ral-c.com\/pl\/#\/schema\/logo\/image\/\"},\"sameAs\":[\"https:\/\/www.facebook.com\/kerzenguete\/\",\"https:\/\/www.instagram.com\/ralqualitymarkcandles\/\"]}]}<\/script>\n<!-- \/ Yoast SEO plugin. -->","yoast_head_json":{"title":"Obszar dla cz\u0142onk\u00f3w - RAL","robots":{"index":"index","follow":"follow","max-snippet":"max-snippet:-1","max-image-preview":"max-image-preview:large","max-video-preview":"max-video-preview:-1"},"canonical":"https:\/\/www.ral-c.com\/pl\/protected-area\/","og_locale":"pl_PL","og_type":"article","og_title":"Obszar dla cz\u0142onk\u00f3w - RAL","og_description":"WITAMY DO ekskluzywnej strefy dla cz\u0142onk\u00f3w! Ten obszar jest dost\u0119pny wy\u0142\u0105cznie dla zarejestrowanych cz\u0142onk\u00f3w. Znajdziesz tu wszystkie wa\u017cne zasoby, takie jak logo, ikony, listy biznesowe i materia\u0142y reklamowe, kt\u00f3re pomog\u0105 Ci w komunikacji z klientami.\u00a0 Wsparcie sprzeda\u017cy Mi\u0119dzynarodowy znak jako\u015bci Piktogramy Siedziba firmy","og_url":"https:\/\/www.ral-c.com\/pl\/protected-area\/","og_site_name":"RAL","article_publisher":"https:\/\/www.facebook.com\/kerzenguete\/","article_modified_time":"2025-10-20T13:44:53+00:00","twitter_card":"summary_large_image","twitter_misc":{"Szacowany czas czytania":"2 minuty"},"schema":{"@context":"https:\/\/schema.org","@graph":[{"@type":"WebPage","@id":"https:\/\/www.ral-c.com\/pl\/protected-area\/","url":"https:\/\/www.ral-c.com\/pl\/protected-area\/","name":"Obszar dla cz\u0142onk\u00f3w - RAL","isPartOf":{"@id":"https:\/\/www.ral-c.com\/pl\/#website"},"primaryImageOfPage":{"@id":"https:\/\/www.ral-c.com\/pl\/protected-area\/#primaryimage"},"image":{"@id":"https:\/\/www.ral-c.com\/pl\/protected-area\/#primaryimage"},"thumbnailUrl":"https:\/\/www.ral-c.com\/wp-content\/uploads\/2025\/08\/icon-sales-uenterstuetzung-1.svg","datePublished":"2025-06-30T13:16:59+00:00","dateModified":"2025-10-20T13:44:53+00:00","breadcrumb":{"@id":"https:\/\/www.ral-c.com\/pl\/protected-area\/#breadcrumb"},"inLanguage":"pl-PL","potentialAction":[{"@type":"ReadAction","target":["https:\/\/www.ral-c.com\/pl\/protected-area\/"]}]},{"@type":"ImageObject","inLanguage":"pl-PL","@id":"https:\/\/www.ral-c.com\/pl\/protected-area\/#primaryimage","url":"https:\/\/www.ral-c.com\/wp-content\/uploads\/2025\/08\/icon-sales-uenterstuetzung-1.svg","contentUrl":"https:\/\/www.ral-c.com\/wp-content\/uploads\/2025\/08\/icon-sales-uenterstuetzung-1.svg"},{"@type":"BreadcrumbList","@id":"https:\/\/www.ral-c.com\/pl\/protected-area\/#breadcrumb","itemListElement":[{"@type":"ListItem","position":1,"name":"Home","item":"https:\/\/www.ral-c.com\/pl\/"},{"@type":"ListItem","position":2,"name":"Obszar dla cz\u0142onk\u00f3w"}]},{"@type":"WebSite","@id":"https:\/\/www.ral-c.com\/pl\/#website","url":"https:\/\/www.ral-c.com\/pl\/","name":"RAL Quality Mark Candles","description":"G\u00fctezeichen f\u00fcr Kerzen","publisher":{"@id":"https:\/\/www.ral-c.com\/pl\/#organization"},"potentialAction":[{"@type":"SearchAction","target":{"@type":"EntryPoint","urlTemplate":"https:\/\/www.ral-c.com\/pl\/?s={search_term_string}"},"query-input":{"@type":"PropertyValueSpecification","valueRequired":true,"valueName":"search_term_string"}}],"inLanguage":"pl-PL"},{"@type":"Organization","@id":"https:\/\/www.ral-c.com\/pl\/#organization","name":"RAL Quality Mark Candles","url":"https:\/\/www.ral-c.com\/pl\/","logo":{"@type":"ImageObject","inLanguage":"pl-PL","@id":"https:\/\/www.ral-c.com\/pl\/#\/schema\/logo\/image\/","url":"https:\/\/www.ral-c.com\/wp-content\/uploads\/2024\/08\/ral-website-logo-en.jpg","contentUrl":"https:\/\/www.ral-c.com\/wp-content\/uploads\/2024\/08\/ral-website-logo-en.jpg","width":739,"height":1419,"caption":"RAL Quality Mark Candles"},"image":{"@id":"https:\/\/www.ral-c.com\/pl\/#\/schema\/logo\/image\/"},"sameAs":["https:\/\/www.facebook.com\/kerzenguete\/","https:\/\/www.instagram.com\/ralqualitymarkcandles\/"]}]}},"_links":{"self":[{"href":"https:\/\/www.ral-c.com\/pl\/wp-json\/wp\/v2\/pages\/5877","targetHints":{"allow":["GET"]}}],"collection":[{"href":"https:\/\/www.ral-c.com\/pl\/wp-json\/wp\/v2\/pages"}],"about":[{"href":"https:\/\/www.ral-c.com\/pl\/wp-json\/wp\/v2\/types\/page"}],"author":[{"embeddable":true,"href":"https:\/\/www.ral-c.com\/pl\/wp-json\/wp\/v2\/users\/2"}],"replies":[{"embeddable":true,"href":"https:\/\/www.ral-c.com\/pl\/wp-json\/wp\/v2\/comments?post=5877"}],"version-history":[{"count":5,"href":"https:\/\/www.ral-c.com\/pl\/wp-json\/wp\/v2\/pages\/5877\/revisions"}],"predecessor-version":[{"id":6867,"href":"https:\/\/www.ral-c.com\/pl\/wp-json\/wp\/v2\/pages\/5877\/revisions\/6867"}],"wp:attachment":[{"href":"https:\/\/www.ral-c.com\/pl\/wp-json\/wp\/v2\/media?parent=5877"}],"curies":[{"name":"wp","href":"https:\/\/api.w.org\/{rel}","templated":true}]}}