{"id":3942,"date":"2024-05-14T13:38:51","date_gmt":"2024-05-14T13:38:51","guid":{"rendered":"https:\/\/ral.komfour-develop.de\/?page_id=3942"},"modified":"2024-08-08T06:50:32","modified_gmt":"2024-08-08T06:50:32","slug":"ochrona-danych","status":"publish","type":"page","link":"https:\/\/www.ral-c.com\/pl\/ochrona-danych\/","title":{"rendered":"Ochrona danych"},"content":{"rendered":"\t\t<div data-elementor-type=\"wp-page\" data-elementor-id=\"3942\" class=\"elementor elementor-3942 elementor-299\" data-elementor-post-type=\"page\">\n\t\t\t\t<div class=\"elementor-element elementor-element-69d6e15 e-flex e-con-boxed e-con e-parent\" data-id=\"69d6e15\" data-element_type=\"container\" data-e-type=\"container\">\n\t\t\t\t\t<div class=\"e-con-inner\">\n\t\t<div class=\"elementor-element elementor-element-daf3822 e-con-full e-flex e-con e-child\" data-id=\"daf3822\" data-element_type=\"container\" data-e-type=\"container\">\n\t\t\t\t<div class=\"elementor-element elementor-element-d4a1a2c elementor-widget elementor-widget-heading\" data-id=\"d4a1a2c\" data-element_type=\"widget\" data-e-type=\"widget\" data-widget_type=\"heading.default\">\n\t\t\t\t<div class=\"elementor-widget-container\">\n\t\t\t\t\t<h1 class=\"elementor-heading-title elementor-size-default\">INFORMACJE DOTYCZ\u0104CE OCHRONY DANYCH ZGODNIE Z ART. 13 RODO<\/h1>\t\t\t\t<\/div>\n\t\t\t\t<\/div>\n\t\t\t\t<div class=\"elementor-element elementor-element-ab44ff5 elementor-widget elementor-widget-text-editor\" data-id=\"ab44ff5\" data-element_type=\"widget\" data-e-type=\"widget\" data-widget_type=\"text-editor.default\">\n\t\t\t\t<div class=\"elementor-widget-container\">\n\t\t\t\t\t\t\t\t\t<p><\/p>\n<p class=\"bodytext\"><b>Preambu\u0142a<\/b><br>Og\u00f3lne rozporz\u0105dzenie UE o ochronie danych (RODO; rozporz\u0105dzenie (UE) 2016\/679) przewiduje obowi\u0105zek przekazywania informacji w przypadku przetwarzania danych osobowych. Ochrona i poszanowanie prywatno\u015bci u\u017cytkownik\u00f3w jest dla nas wa\u017cne, dlatego chcieliby\u015bmy poinformowa\u0107 ich o tym, w jaki spos\u00f3b wykorzystujemy i chronimy ich dane osobowe.<br>Je\u015bli masz jakiekolwiek dalsze pro\u015bby dotycz\u0105ce ochrony Twoich danych, z przyjemno\u015bci\u0105 przyjmiemy Twoje sugestie. Mo\u017cesz skontaktowa\u0107 si\u0119 z nami za po\u015brednictwem wymienionych danych kontaktowych &#8211; lub, w razie potrzeby, za po\u015brednictwem formularza kontaktowego, w kt\u00f3rym dobrowolnie podasz nam swoje imi\u0119 i nazwisko, adres e-mail i inne dane kontaktowe, aby\u015bmy mogli si\u0119 z Tob\u0105 skontaktowa\u0107.  <\/p>\n<p class=\"bodytext\">W tym celu wymagane s\u0105 internetowe systemy informatyczne, takie jak dostawca (dostawcy), dostawca strony internetowej i nasz dostawca poczty e-mail.<\/p>\n<p class=\"bodytext\">Wi\u0119cej informacji na temat opcji kontaktu za po\u015brednictwem strony internetowej, plik\u00f3w cookie i Google Analytics mo\u017cna znale\u017a\u0107 w punkcie (10). Wi\u0119cej informacji na temat rejestracji na naszej stronie internetowej i YouTube mo\u017cna znale\u017a\u0107 w punkcie (11). <\/p>\n<p class=\"bodytext\"><b>Nasze informacje<\/b><\/p>\n<p class=\"bodytext\">G\u00fctegemeinschaft Kerzen e. V.<br>Zum Burgstall 13<br>D-88677 Markdorf<br>Tel. <a href=\"tel:+49075449626873\">+49 (0)7544 9626-873<\/a><br>E-mail: <a href=\"mailto:martin.rieg@komfour.de\">info@guetezeichen-kerzen.de<\/a><\/p>\n<p class=\"bodytext\">Reprezentowana przez prezesa zarz\u0105du, dr Franka Hanewinckela.<br>Dyrektorem zarz\u0105dzaj\u0105cym jest Constanze Gill\u00e9.<br>Wy\u017cej wymienione osoby s\u0105 odpowiedzialne za ochron\u0119 danych.<\/p>\n<p class=\"bodytext\">Wi\u0119cej informacji mo\u017cna znale\u017a\u0107 w stopce redakcyjnej.<\/p>\n<p class=\"bodytext\">(1)<br>Wysy\u0142aj\u0105c nam wiadomo\u015b\u0107, wyra\u017casz zgod\u0119 na przetwarzanie danych osobowych, poniewa\u017c przetwarzamy dane osobowe dotycz\u0105ce Ciebie tylko w jednym lub kilku okre\u015blonych celach (np. w przypadku zapyta\u0144, r\u00f3wnie\u017c w szerszym znaczeniu, w celu udzielenia odpowiedzi na Twoje zapytanie, w celu administracji technicznej lub w przypadku newslettera, kt\u00f3ry od czasu do czasu informuje Ci\u0119 o naszych ofertach).<br>Podstaw\u0119 prawn\u0105 przetwarzania danych mo\u017cna znale\u017a\u0107 w art. 6 ust. 1, w szczeg\u00f3lno\u015bci w art. 6 ust. 1 lit. b) RODO.<\/p>\n<p class=\"bodytext\">(2)<br>Odbiorcami danych osobowych dotycz\u0105cych u\u017cytkownika s\u0105 pracownicy odpowiedzialni za odpowiadanie na wiadomo\u015bci za po\u015brednictwem naszej strony internetowej, kt\u00f3rych oczywi\u015bcie zobowi\u0105zali\u015bmy do przestrzegania RODO, a tak\u017ce nasz zarz\u0105d i kierownictwo.<\/p>\n<p class=\"bodytext\">W zakresie, w jakim strony trzecie s\u0105 zaanga\u017cowane do przesy\u0142ania\/przetwarzania danych, utrzymujemy z nimi regulacje dotycz\u0105ce przetwarzania danych w celu zapewnienia zgodno\u015bci z prawnie wymagan\u0105 ochron\u0105 danych i monitorujemy t\u0119 zgodno\u015b\u0107 w zakresie, w jakim mamy na to wp\u0142yw.<\/p>\n<p class=\"bodytext\">(3)<br>Przechowujemy dane osobowe dotycz\u0105ce u\u017cytkownika tylko tak d\u0142ugo, jak jest to konieczne do jednego lub wi\u0119cej okre\u015blonych cel\u00f3w, aby w pe\u0142ni wyja\u015bni\u0107 \u017c\u0105danie (\u017c\u0105dania) u\u017cytkownika w przes\u0142anej wiadomo\u015bci.<\/p>\n<p class=\"bodytext\">(4)<br>U\u017cytkownik ma prawo do informacji o swoich danych osobowych przechowywanych przez nas, a tak\u017ce prawo do sprostowania niedok\u0142adnych danych, usuni\u0119cia danych, ograniczenia przetwarzania lub prawo do sprzeciwu wobec nieuzasadnionego przetwarzania, a tak\u017ce prawo do przenoszenia danych.<\/p>\n<p class=\"bodytext\">(5)<br>U\u017cytkownik ma prawo do wycofania zgody w dowolnym momencie bez wp\u0142ywu na zgodno\u015b\u0107 z prawem przetwarzania opartego na zgodzie przed jej wycofaniem.<\/p>\n<p class=\"bodytext\">(6)<br>U\u017cytkownik ma prawo do z\u0142o\u017cenia skargi do w\u0142a\u015bciwego organu nadzorczego ds. ochrony danych. Dane kontaktowe mo\u017cna uzyska\u0107 za po\u015brednictwem og\u00f3lnych \u017ar\u00f3de\u0142 informacji (np. wyszukiwanie w Internecie). <\/p>\n<p class=\"bodytext\">(7)<br>U\u017cytkownik nie ma obowi\u0105zku podawania swoich danych osobowych online za po\u015brednictwem oferowanych przez nas opcji kontaktowych. Jednak w przeciwnym razie kontakt z nami za po\u015brednictwem naszej strony internetowej mo\u017ce okaza\u0107 si\u0119 niemo\u017cliwy. W takim przypadku prosimy o wybranie numeru telefonu podanego w polu kontaktowym lub w naszej nocie prawnej, przes\u0142anie nam faksu, skontaktowanie si\u0119 z nami poczt\u0105 lub osobi\u015bcie w naszym biurze.  <\/p>\n<p class=\"bodytext\">(8)<br>Zautomatyzowane podejmowanie decyzji, w tym profilowanie, nie ma miejsca.<\/p>\n<p class=\"bodytext\">(9)<br>Nie zamierzamy dalej przetwarza\u0107 danych osobowych w celu innym ni\u017c ten, w kt\u00f3rym dane osobowe zosta\u0142y zebrane.<\/p>\n<p class=\"bodytext\">Je\u015bli b\u0119dziemy chcieli wykorzysta\u0107 dane osobowe przekazane nam w okre\u015blonym celu w innym celu, poinformujemy o tym u\u017cytkownika z wyprzedzeniem i uzyskamy jego zgod\u0119.<\/p>\n<p class=\"bodytext\">(10)<br>Na naszej stronie internetowej u\u017cywamy nast\u0119puj\u0105cych komponent\u00f3w:<\/p>\n<p class=\"bodytext\"><b>Kontakt za po\u015brednictwem strony internetowej<\/b><\/p>\n<p class=\"bodytext\">Ze wzgl\u0119du na przepisy prawa strona internetowa zawiera informacje umo\u017cliwiaj\u0105ce szybki kontakt elektroniczny z nami i bezpo\u015bredni\u0105 komunikacj\u0119 z nami, co obejmuje r\u00f3wnie\u017c og\u00f3lny adres tak zwanej poczty elektronicznej (adres e-mail). Je\u015bli osoba, kt\u00f3rej dane dotycz\u0105, kontaktuje si\u0119 z nami za po\u015brednictwem poczty elektronicznej lub formularza kontaktowego, dane osobowe przekazane przez osob\u0119, kt\u00f3rej dane dotycz\u0105, s\u0105 automatycznie przechowywane w celu przetwarzania lub kontaktowania si\u0119 z osob\u0105, kt\u00f3rej dane dotycz\u0105. Te dane osobowe nie s\u0105 przekazywane stronom trzecim.  <\/p>\n<p class=\"bodytext\"><b>Cookies<\/b><\/p>\n<p class=\"bodytext\">Strona korzysta z plik\u00f3w cookie. Wiele plik\u00f3w cookie zawiera tak zwany identyfikator pliku cookie. Identyfikator pliku cookie jest unikalnym identyfikatorem pliku cookie. Umo\u017cliwia to odwiedzanym stronom internetowym i serwerom odr\u00f3\u017cnienie indywidualnej przegl\u0105darki osoby, kt\u00f3rej dane dotycz\u0105, od innych przegl\u0105darek internetowych zawieraj\u0105cych inne pliki cookie. Konkretna przegl\u0105darka internetowa mo\u017ce zosta\u0107 rozpoznana i zidentyfikowana za pomoc\u0105 unikalnego identyfikatora pliku cookie.    <\/p>\n<p class=\"bodytext\">Osoba, kt\u00f3rej dane dotycz\u0105, mo\u017ce w dowolnym momencie zapobiec ustawianiu plik\u00f3w cookie przez nasz\u0105 stron\u0119 internetow\u0105 za pomoc\u0105 odpowiedniego ustawienia u\u017cywanej przegl\u0105darki internetowej, a tym samym trwale sprzeciwi\u0107 si\u0119 ustawianiu plik\u00f3w cookie. Ponadto pliki cookie, kt\u00f3re zosta\u0142y ju\u017c ustawione, mo\u017cna usun\u0105\u0107 w dowolnym momencie za pomoc\u0105 przegl\u0105darki internetowej lub innego oprogramowania. Jest to mo\u017cliwe we wszystkich popularnych przegl\u0105darkach internetowych. Je\u015bli osoba, kt\u00f3rej dane dotycz\u0105, dezaktywuje ustawienia plik\u00f3w cookie w u\u017cywanej przegl\u0105darce internetowej, nie wszystkie funkcje naszej strony internetowej mog\u0105 by\u0107 w pe\u0142ni u\u017cyteczne.   <\/p>\n<p class=\"bodytext\"><b>Postanowienia dotycz\u0105ce ochrony danych w zakresie stosowania i korzystania z Google Analytics<\/b><\/p>\n<p class=\"bodytext\">Komponent Google Analytics (z funkcj\u0105 anonimizacji) zosta\u0142 zintegrowany z t\u0105 witryn\u0105. Google Analytics gromadzi mi\u0119dzy innymi dane na temat strony internetowej, z kt\u00f3rej osoba, kt\u00f3rej dane dotycz\u0105, wesz\u0142a na stron\u0119 internetow\u0105 (tzw. referrer), kt\u00f3re podstrony strony internetowej by\u0142y odwiedzane lub jak cz\u0119sto i jak d\u0142ugo podstrona by\u0142a przegl\u0105dana. <\/p>\n<p class=\"bodytext\">Operatorem komponentu Google Analytics jest Google Inc., 1600 Amphitheatre Pkwy, Mountain View, CA 94043-1351, USA.<\/p>\n<p class=\"bodytext\">Google Analytics umieszcza plik cookie w systemie informatycznym osoby, kt\u00f3rej dane dotycz\u0105. W trakcie tej procedury technicznej Google uzyskuje wiedz\u0119 na temat danych osobowych, takich jak adres IP osoby, kt\u00f3rej dane dotycz\u0105. <\/p>\n<p class=\"bodytext\">Za ka\u017cdym razem, gdy u\u017cytkownik odwiedza nasz\u0105 stron\u0119 internetow\u0105, te dane osobowe, w tym adres IP po\u0142\u0105czenia internetowego u\u017cywanego przez osob\u0119, kt\u00f3rej dane dotycz\u0105, s\u0105 przesy\u0142ane do Google w Stanach Zjednoczonych Ameryki. Te dane osobowe s\u0105 przechowywane przez Google w Stanach Zjednoczonych Ameryki. Google mo\u017ce przekazywa\u0107 te dane osobowe zebrane w procesie technicznym stronom trzecim.  <\/p>\n<p class=\"bodytext\">Jak wspomniano powy\u017cej, osoba, kt\u00f3rej dane dotycz\u0105, mo\u017ce w dowolnym momencie uniemo\u017cliwi\u0107 ustawienie plik\u00f3w cookie za po\u015brednictwem naszej strony internetowej poprzez odpowiednie dostosowanie u\u017cywanej przegl\u0105darki internetowej, a tym samym trwale odm\u00f3wi\u0107 ustawienia plik\u00f3w cookie. Ponadto osoba, kt\u00f3rej dane dotycz\u0105, ma mo\u017cliwo\u015b\u0107 sprzeciwienia si\u0119 i uniemo\u017cliwienia gromadzenia danych generowanych przez Google Analytics w zwi\u0105zku z korzystaniem z tej strony internetowej i przetwarzaniem tych danych przez Google. W tym celu osoba, kt\u00f3rej dane dotycz\u0105, musi pobra\u0107 i zainstalowa\u0107 dodatek do przegl\u0105darki z linku <a href=\"https:\/\/tools.google.com\/dlpage\/gaoptout\" target=\"_blank\" rel=\"noopener\">tools.google.com\/dlpage\/gaoptout<\/a>.  <\/p>\n<p class=\"bodytext\">Dalsze informacje i obowi\u0105zuj\u0105ce przepisy Google dotycz\u0105ce ochrony danych mo\u017cna znale\u017a\u0107 pod adresem <a href=\"https:\/\/www.google.de\/intl\/de\/policies\/privacy\/\" target=\"_blank\" rel=\"noopener\">www.google.de\/intl\/de\/policies\/privacy\/<\/a> i <a href=\"https:\/\/www.google.com\/analytics\/terms\/de.html\" target=\"_blank\" rel=\"noopener\">www.google.com\/analytics\/terms\/de.html<\/a>.<\/p>\n<p class=\"bodytext\">(11)<br>Na naszej stronie internetowej tymczasowo u\u017cywamy nast\u0119puj\u0105cych komponent\u00f3w:<\/p>\n<p class=\"bodytext\"><b>Rejestracja na naszej stronie internetowej<\/b><\/p>\n<p class=\"bodytext\">Osoba, kt\u00f3rej dane dotycz\u0105, ma mo\u017cliwo\u015b\u0107 zarejestrowania si\u0119 na naszej stronie internetowej poprzez podanie danych osobowych. O tym, kt\u00f3re dane osobowe s\u0105 przekazywane, decyduje odpowiednia maska wej\u015bciowa u\u017cywana do rejestracji. Dane osobowe wprowadzone przez osob\u0119, kt\u00f3rej dane dotycz\u0105, s\u0105 gromadzone i przechowywane wy\u0142\u0105cznie do u\u017cytku wewn\u0119trznego i do naszych w\u0142asnych cel\u00f3w.  <\/p>\n<p class=\"bodytext\">Podczas rejestracji na naszej stronie internetowej przechowywany jest r\u00f3wnie\u017c adres IP przypisany przez dostawc\u0119 us\u0142ug internetowych osoby, kt\u00f3rej dane dotycz\u0105, oraz data i godzina rejestracji. Dane te nie s\u0105 przekazywane stronom trzecim, chyba \u017ce istnieje prawny obowi\u0105zek ich przekazania lub s\u0142u\u017cy to \u015bciganiu przest\u0119pstw. <\/p>\n<p class=\"bodytext\">Zarejestrowane osoby mog\u0105 w dowolnym momencie zmieni\u0107 dane osobowe podane podczas rejestracji lub ca\u0142kowicie usun\u0105\u0107 je z naszej bazy danych.<\/p>\n<p class=\"bodytext\">Na \u017c\u0105danie ka\u017cdej osoby, kt\u00f3rej dane dotycz\u0105, w dowolnym momencie przeka\u017cemy jej informacje o tym, jakie dane osobowe s\u0105 przechowywane. Ponadto korygujemy lub usuwamy dane osobowe na \u017c\u0105danie osoby, kt\u00f3rej dane dotycz\u0105, o ile nie jest to sprzeczne z ustawowymi obowi\u0105zkami w zakresie przechowywania danych. Wszyscy odpowiedzialni za to pracownicy s\u0105 dost\u0119pni dla osoby, kt\u00f3rej dane dotycz\u0105, jako osoby kontaktowe w tym kontek\u015bcie.  <\/p>\n<p class=\"bodytext\"><b>Przepisy o ochronie danych dotycz\u0105ce aplikacji i korzystania z YouTube<\/b><\/p>\n<p class=\"bodytext\">Komponenty YouTube zosta\u0142y zintegrowane z t\u0105 witryn\u0105. Sp\u00f3\u0142k\u0105 operacyjn\u0105 YouTube jest YouTube, LLC, 901 Cherry Ave, San Bruno, CA 94066, USA. YouTube, LLC jest sp\u00f3\u0142k\u0105 zale\u017cn\u0105 Google Inc, 1600 Amphitheatre Pkwy, Mountain View, CA 94043-1351, USA.<\/p>\n<p class=\"bodytext\">Za ka\u017cdym razem, gdy u\u017cytkownik uzyskuje dost\u0119p do jednej z poszczeg\u00f3lnych stron tej witryny, kt\u00f3ra ma zintegrowany komponent YouTube (wideo YouTube), YouTube i Google otrzymuj\u0105 informacje o tym, kt\u00f3ra konkretna podstrona naszej witryny zosta\u0142a odwiedzona przez dan\u0105 osob\u0119.<\/p>\n<p class=\"bodytext\">Je\u015bli osoba, kt\u00f3rej dane dotycz\u0105, jest jednocze\u015bnie zalogowana w serwisie YouTube, YouTube rozpoznaje, kt\u00f3r\u0105 konkretn\u0105 podstron\u0119 naszej witryny internetowej odwiedza osoba, kt\u00f3rej dane dotycz\u0105, gdy uzyskuje dost\u0119p do podstrony zawieraj\u0105cej film z YouTube. Informacje te s\u0105 gromadzone przez YouTube i Google i przypisywane do odpowiedniego konta YouTube osoby, kt\u00f3rej dane dotycz\u0105. <\/p>\n<p class=\"bodytext\">Postanowienia dotycz\u0105ce ochrony danych opublikowane przez YouTube, kt\u00f3re s\u0105 dost\u0119pne pod adresem <a href=\"https:\/\/www.google.de\/intl\/de\/policies\/privacy\/\" target=\"_blank\" rel=\"noopener\">www.google.de\/intl\/de\/policies\/privacy\/<\/a>, zawieraj\u0105 informacje na temat gromadzenia, przetwarzania i wykorzystywania danych osobowych przez YouTube i Google.<\/p>\t\t\t\t\t\t\t\t<\/div>\n\t\t\t\t<\/div>\n\t\t\t\t<\/div>\n\t\t\t\t\t<\/div>\n\t\t\t\t<\/div>\n\t\t\t\t<\/div>\n\t\t","protected":false},"excerpt":{"rendered":"<p>INFORMACJE DOTYCZ\u0104CE OCHRONY DANYCH ZGODNIE Z ART. 13 RODO Preambu\u0142aOg\u00f3lne rozporz\u0105dzenie UE o ochronie danych (RODO; rozporz\u0105dzenie (UE) 2016\/679) przewiduje obowi\u0105zek przekazywania informacji w przypadku przetwarzania danych osobowych. Ochrona i poszanowanie prywatno\u015bci u\u017cytkownik\u00f3w jest dla nas wa\u017cne, dlatego chcieliby\u015bmy poinformowa\u0107 ich o tym, w jaki spos\u00f3b wykorzystujemy i chronimy ich dane osobowe.Je\u015bli masz jakiekolwiek dalsze [&hellip;]<\/p>\n","protected":false},"author":2,"featured_media":0,"parent":0,"menu_order":0,"comment_status":"closed","ping_status":"closed","template":"elementor_header_footer","meta":{"footnotes":""},"class_list":["post-3942","page","type-page","status-publish","hentry"],"acf":[],"yoast_head":"<!-- This site is optimized with the Yoast SEO plugin v27.2 - https:\/\/yoast.com\/product\/yoast-seo-wordpress\/ -->\n<title>Ochrona danych - RAL<\/title>\n<meta name=\"robots\" content=\"index, follow, max-snippet:-1, max-image-preview:large, max-video-preview:-1\" \/>\n<link rel=\"canonical\" href=\"https:\/\/www.ral-c.com\/pl\/ochrona-danych\/\" \/>\n<meta property=\"og:locale\" content=\"pl_PL\" \/>\n<meta property=\"og:type\" content=\"article\" \/>\n<meta property=\"og:title\" content=\"Ochrona danych - RAL\" \/>\n<meta property=\"og:description\" content=\"INFORMACJE DOTYCZ\u0104CE OCHRONY DANYCH ZGODNIE Z ART. 13 RODO Preambu\u0142aOg\u00f3lne rozporz\u0105dzenie UE o ochronie danych (RODO; rozporz\u0105dzenie (UE) 2016\/679) przewiduje obowi\u0105zek przekazywania informacji w przypadku przetwarzania danych osobowych. Ochrona i poszanowanie prywatno\u015bci u\u017cytkownik\u00f3w jest dla nas wa\u017cne, dlatego chcieliby\u015bmy poinformowa\u0107 ich o tym, w jaki spos\u00f3b wykorzystujemy i chronimy ich dane osobowe.Je\u015bli masz jakiekolwiek dalsze [&hellip;]\" \/>\n<meta property=\"og:url\" content=\"https:\/\/www.ral-c.com\/pl\/ochrona-danych\/\" \/>\n<meta property=\"og:site_name\" content=\"RAL\" \/>\n<meta property=\"article:publisher\" content=\"https:\/\/www.facebook.com\/kerzenguete\/\" \/>\n<meta property=\"article:modified_time\" content=\"2024-08-08T06:50:32+00:00\" \/>\n<meta name=\"twitter:card\" content=\"summary_large_image\" \/>\n<meta name=\"twitter:label1\" content=\"Szacowany czas czytania\" \/>\n\t<meta name=\"twitter:data1\" content=\"8 minut\" \/>\n<script type=\"application\/ld+json\" class=\"yoast-schema-graph\">{\"@context\":\"https:\/\/schema.org\",\"@graph\":[{\"@type\":\"WebPage\",\"@id\":\"https:\/\/www.ral-c.com\/pl\/ochrona-danych\/\",\"url\":\"https:\/\/www.ral-c.com\/pl\/ochrona-danych\/\",\"name\":\"Ochrona danych - RAL\",\"isPartOf\":{\"@id\":\"https:\/\/www.ral-c.com\/pl\/#website\"},\"datePublished\":\"2024-05-14T13:38:51+00:00\",\"dateModified\":\"2024-08-08T06:50:32+00:00\",\"breadcrumb\":{\"@id\":\"https:\/\/www.ral-c.com\/pl\/ochrona-danych\/#breadcrumb\"},\"inLanguage\":\"pl-PL\",\"potentialAction\":[{\"@type\":\"ReadAction\",\"target\":[\"https:\/\/www.ral-c.com\/pl\/ochrona-danych\/\"]}]},{\"@type\":\"BreadcrumbList\",\"@id\":\"https:\/\/www.ral-c.com\/pl\/ochrona-danych\/#breadcrumb\",\"itemListElement\":[{\"@type\":\"ListItem\",\"position\":1,\"name\":\"Home\",\"item\":\"https:\/\/www.ral-c.com\/pl\/\"},{\"@type\":\"ListItem\",\"position\":2,\"name\":\"Ochrona danych\"}]},{\"@type\":\"WebSite\",\"@id\":\"https:\/\/www.ral-c.com\/pl\/#website\",\"url\":\"https:\/\/www.ral-c.com\/pl\/\",\"name\":\"RAL Quality Mark Candles\",\"description\":\"G\u00fctezeichen f\u00fcr Kerzen\",\"publisher\":{\"@id\":\"https:\/\/www.ral-c.com\/pl\/#organization\"},\"potentialAction\":[{\"@type\":\"SearchAction\",\"target\":{\"@type\":\"EntryPoint\",\"urlTemplate\":\"https:\/\/www.ral-c.com\/pl\/?s={search_term_string}\"},\"query-input\":{\"@type\":\"PropertyValueSpecification\",\"valueRequired\":true,\"valueName\":\"search_term_string\"}}],\"inLanguage\":\"pl-PL\"},{\"@type\":\"Organization\",\"@id\":\"https:\/\/www.ral-c.com\/pl\/#organization\",\"name\":\"RAL Quality Mark Candles\",\"url\":\"https:\/\/www.ral-c.com\/pl\/\",\"logo\":{\"@type\":\"ImageObject\",\"inLanguage\":\"pl-PL\",\"@id\":\"https:\/\/www.ral-c.com\/pl\/#\/schema\/logo\/image\/\",\"url\":\"https:\/\/www.ral-c.com\/wp-content\/uploads\/2024\/08\/ral-website-logo-en.jpg\",\"contentUrl\":\"https:\/\/www.ral-c.com\/wp-content\/uploads\/2024\/08\/ral-website-logo-en.jpg\",\"width\":739,\"height\":1419,\"caption\":\"RAL Quality Mark Candles\"},\"image\":{\"@id\":\"https:\/\/www.ral-c.com\/pl\/#\/schema\/logo\/image\/\"},\"sameAs\":[\"https:\/\/www.facebook.com\/kerzenguete\/\",\"https:\/\/www.instagram.com\/ralqualitymarkcandles\/\"]}]}<\/script>\n<!-- \/ Yoast SEO plugin. -->","yoast_head_json":{"title":"Ochrona danych - RAL","robots":{"index":"index","follow":"follow","max-snippet":"max-snippet:-1","max-image-preview":"max-image-preview:large","max-video-preview":"max-video-preview:-1"},"canonical":"https:\/\/www.ral-c.com\/pl\/ochrona-danych\/","og_locale":"pl_PL","og_type":"article","og_title":"Ochrona danych - RAL","og_description":"INFORMACJE DOTYCZ\u0104CE OCHRONY DANYCH ZGODNIE Z ART. 13 RODO Preambu\u0142aOg\u00f3lne rozporz\u0105dzenie UE o ochronie danych (RODO; rozporz\u0105dzenie (UE) 2016\/679) przewiduje obowi\u0105zek przekazywania informacji w przypadku przetwarzania danych osobowych. Ochrona i poszanowanie prywatno\u015bci u\u017cytkownik\u00f3w jest dla nas wa\u017cne, dlatego chcieliby\u015bmy poinformowa\u0107 ich o tym, w jaki spos\u00f3b wykorzystujemy i chronimy ich dane osobowe.Je\u015bli masz jakiekolwiek dalsze [&hellip;]","og_url":"https:\/\/www.ral-c.com\/pl\/ochrona-danych\/","og_site_name":"RAL","article_publisher":"https:\/\/www.facebook.com\/kerzenguete\/","article_modified_time":"2024-08-08T06:50:32+00:00","twitter_card":"summary_large_image","twitter_misc":{"Szacowany czas czytania":"8 minut"},"schema":{"@context":"https:\/\/schema.org","@graph":[{"@type":"WebPage","@id":"https:\/\/www.ral-c.com\/pl\/ochrona-danych\/","url":"https:\/\/www.ral-c.com\/pl\/ochrona-danych\/","name":"Ochrona danych - RAL","isPartOf":{"@id":"https:\/\/www.ral-c.com\/pl\/#website"},"datePublished":"2024-05-14T13:38:51+00:00","dateModified":"2024-08-08T06:50:32+00:00","breadcrumb":{"@id":"https:\/\/www.ral-c.com\/pl\/ochrona-danych\/#breadcrumb"},"inLanguage":"pl-PL","potentialAction":[{"@type":"ReadAction","target":["https:\/\/www.ral-c.com\/pl\/ochrona-danych\/"]}]},{"@type":"BreadcrumbList","@id":"https:\/\/www.ral-c.com\/pl\/ochrona-danych\/#breadcrumb","itemListElement":[{"@type":"ListItem","position":1,"name":"Home","item":"https:\/\/www.ral-c.com\/pl\/"},{"@type":"ListItem","position":2,"name":"Ochrona danych"}]},{"@type":"WebSite","@id":"https:\/\/www.ral-c.com\/pl\/#website","url":"https:\/\/www.ral-c.com\/pl\/","name":"RAL Quality Mark Candles","description":"G\u00fctezeichen f\u00fcr Kerzen","publisher":{"@id":"https:\/\/www.ral-c.com\/pl\/#organization"},"potentialAction":[{"@type":"SearchAction","target":{"@type":"EntryPoint","urlTemplate":"https:\/\/www.ral-c.com\/pl\/?s={search_term_string}"},"query-input":{"@type":"PropertyValueSpecification","valueRequired":true,"valueName":"search_term_string"}}],"inLanguage":"pl-PL"},{"@type":"Organization","@id":"https:\/\/www.ral-c.com\/pl\/#organization","name":"RAL Quality Mark Candles","url":"https:\/\/www.ral-c.com\/pl\/","logo":{"@type":"ImageObject","inLanguage":"pl-PL","@id":"https:\/\/www.ral-c.com\/pl\/#\/schema\/logo\/image\/","url":"https:\/\/www.ral-c.com\/wp-content\/uploads\/2024\/08\/ral-website-logo-en.jpg","contentUrl":"https:\/\/www.ral-c.com\/wp-content\/uploads\/2024\/08\/ral-website-logo-en.jpg","width":739,"height":1419,"caption":"RAL Quality Mark Candles"},"image":{"@id":"https:\/\/www.ral-c.com\/pl\/#\/schema\/logo\/image\/"},"sameAs":["https:\/\/www.facebook.com\/kerzenguete\/","https:\/\/www.instagram.com\/ralqualitymarkcandles\/"]}]}},"_links":{"self":[{"href":"https:\/\/www.ral-c.com\/pl\/wp-json\/wp\/v2\/pages\/3942","targetHints":{"allow":["GET"]}}],"collection":[{"href":"https:\/\/www.ral-c.com\/pl\/wp-json\/wp\/v2\/pages"}],"about":[{"href":"https:\/\/www.ral-c.com\/pl\/wp-json\/wp\/v2\/types\/page"}],"author":[{"embeddable":true,"href":"https:\/\/www.ral-c.com\/pl\/wp-json\/wp\/v2\/users\/2"}],"replies":[{"embeddable":true,"href":"https:\/\/www.ral-c.com\/pl\/wp-json\/wp\/v2\/comments?post=3942"}],"version-history":[{"count":4,"href":"https:\/\/www.ral-c.com\/pl\/wp-json\/wp\/v2\/pages\/3942\/revisions"}],"predecessor-version":[{"id":3946,"href":"https:\/\/www.ral-c.com\/pl\/wp-json\/wp\/v2\/pages\/3942\/revisions\/3946"}],"wp:attachment":[{"href":"https:\/\/www.ral-c.com\/pl\/wp-json\/wp\/v2\/media?parent=3942"}],"curies":[{"name":"wp","href":"https:\/\/api.w.org\/{rel}","templated":true}]}}