{"id":5919,"date":"2025-07-02T06:30:41","date_gmt":"2025-07-02T06:30:41","guid":{"rendered":"https:\/\/www.ral-c.com\/?page_id=5919"},"modified":"2025-10-28T07:32:17","modified_gmt":"2025-10-28T07:32:17","slug":"sales-support","status":"publish","type":"page","link":"https:\/\/www.ral-c.com\/fr\/sales-support\/","title":{"rendered":"Assistance commerciale"},"content":{"rendered":"<!-- dce invisible -->","protected":false},"excerpt":{"rendered":"<p>Back NOUVEAU. LA SOLUTION MARKETING PARFAITE! D\u00e9couvrez l&rsquo;essentiel gr\u00e2ce \u00e0 notre brochure num\u00e9rique. Avec ses images anim\u00e9es et ses \u00e9l\u00e9ments interactifs, cette brochure est le moyen id\u00e9al pour expliquer le label de qualit\u00e9 et ce qu&rsquo;il repr\u00e9sente. Cliquez sur le lien ci-dessous pour d\u00e9couvrir l&rsquo;exp\u00e9rience compl\u00e8te.\u00a0 Jetez un \u0153il \u00e0 la nouvelle brochure Comment utiliser [&hellip;]<\/p>\n","protected":false},"author":2,"featured_media":0,"parent":0,"menu_order":0,"comment_status":"closed","ping_status":"closed","template":"elementor_header_footer","meta":{"footnotes":""},"class_list":["post-5919","page","type-page","status-publish","hentry"],"acf":[],"yoast_head":"<!-- This site is optimized with the Yoast SEO plugin v27.2 - https:\/\/yoast.com\/product\/yoast-seo-wordpress\/ -->\n<title>Assistance commerciale - RAL<\/title>\n<meta name=\"robots\" content=\"index, follow, max-snippet:-1, max-image-preview:large, max-video-preview:-1\" \/>\n<link rel=\"canonical\" href=\"https:\/\/www.ral-c.com\/fr\/sales-support\/\" \/>\n<meta property=\"og:locale\" content=\"fr_FR\" \/>\n<meta property=\"og:type\" content=\"article\" \/>\n<meta property=\"og:title\" content=\"Assistance commerciale - RAL\" \/>\n<meta property=\"og:description\" content=\"Back NOUVEAU. LA SOLUTION MARKETING PARFAITE! D\u00e9couvrez l&rsquo;essentiel gr\u00e2ce \u00e0 notre brochure num\u00e9rique. Avec ses images anim\u00e9es et ses \u00e9l\u00e9ments interactifs, cette brochure est le moyen id\u00e9al pour expliquer le label de qualit\u00e9 et ce qu&rsquo;il repr\u00e9sente. Cliquez sur le lien ci-dessous pour d\u00e9couvrir l&rsquo;exp\u00e9rience compl\u00e8te.\u00a0 Jetez un \u0153il \u00e0 la nouvelle brochure Comment utiliser [&hellip;]\" \/>\n<meta property=\"og:url\" content=\"https:\/\/www.ral-c.com\/fr\/sales-support\/\" \/>\n<meta property=\"og:site_name\" content=\"RAL\" \/>\n<meta property=\"article:publisher\" content=\"https:\/\/www.facebook.com\/kerzenguete\/\" \/>\n<meta property=\"article:modified_time\" content=\"2025-10-28T07:32:17+00:00\" \/>\n<meta property=\"og:image\" content=\"https:\/\/www.ral-c.com\/wp-content\/uploads\/2025\/10\/broschure-animation-weboptimiert-fr.gif\" \/>\n<meta name=\"twitter:card\" content=\"summary_large_image\" \/>\n<meta name=\"twitter:label1\" content=\"Dur\u00e9e de lecture estim\u00e9e\" \/>\n\t<meta name=\"twitter:data1\" content=\"2 minutes\" \/>\n<script type=\"application\/ld+json\" class=\"yoast-schema-graph\">{\"@context\":\"https:\/\/schema.org\",\"@graph\":[{\"@type\":\"WebPage\",\"@id\":\"https:\/\/www.ral-c.com\/fr\/sales-support\/\",\"url\":\"https:\/\/www.ral-c.com\/fr\/sales-support\/\",\"name\":\"Assistance commerciale - RAL\",\"isPartOf\":{\"@id\":\"https:\/\/www.ral-c.com\/fr\/#website\"},\"primaryImageOfPage\":{\"@id\":\"https:\/\/www.ral-c.com\/fr\/sales-support\/#primaryimage\"},\"image\":{\"@id\":\"https:\/\/www.ral-c.com\/fr\/sales-support\/#primaryimage\"},\"thumbnailUrl\":\"https:\/\/www.ral-c.com\/wp-content\/uploads\/2025\/10\/broschure-animation-weboptimiert-fr.gif\",\"datePublished\":\"2025-07-02T06:30:41+00:00\",\"dateModified\":\"2025-10-28T07:32:17+00:00\",\"breadcrumb\":{\"@id\":\"https:\/\/www.ral-c.com\/fr\/sales-support\/#breadcrumb\"},\"inLanguage\":\"fr-FR\",\"potentialAction\":[{\"@type\":\"ReadAction\",\"target\":[\"https:\/\/www.ral-c.com\/fr\/sales-support\/\"]}]},{\"@type\":\"ImageObject\",\"inLanguage\":\"fr-FR\",\"@id\":\"https:\/\/www.ral-c.com\/fr\/sales-support\/#primaryimage\",\"url\":\"https:\/\/www.ral-c.com\/wp-content\/uploads\/2025\/10\/broschure-animation-weboptimiert-fr.gif\",\"contentUrl\":\"https:\/\/www.ral-c.com\/wp-content\/uploads\/2025\/10\/broschure-animation-weboptimiert-fr.gif\"},{\"@type\":\"BreadcrumbList\",\"@id\":\"https:\/\/www.ral-c.com\/fr\/sales-support\/#breadcrumb\",\"itemListElement\":[{\"@type\":\"ListItem\",\"position\":1,\"name\":\"Home\",\"item\":\"https:\/\/www.ral-c.com\/fr\/\"},{\"@type\":\"ListItem\",\"position\":2,\"name\":\"Assistance commerciale\"}]},{\"@type\":\"WebSite\",\"@id\":\"https:\/\/www.ral-c.com\/fr\/#website\",\"url\":\"https:\/\/www.ral-c.com\/fr\/\",\"name\":\"RAL Quality Mark Candles\",\"description\":\"G\u00fctezeichen f\u00fcr Kerzen\",\"publisher\":{\"@id\":\"https:\/\/www.ral-c.com\/fr\/#organization\"},\"potentialAction\":[{\"@type\":\"SearchAction\",\"target\":{\"@type\":\"EntryPoint\",\"urlTemplate\":\"https:\/\/www.ral-c.com\/fr\/?s={search_term_string}\"},\"query-input\":{\"@type\":\"PropertyValueSpecification\",\"valueRequired\":true,\"valueName\":\"search_term_string\"}}],\"inLanguage\":\"fr-FR\"},{\"@type\":\"Organization\",\"@id\":\"https:\/\/www.ral-c.com\/fr\/#organization\",\"name\":\"RAL Quality Mark Candles\",\"url\":\"https:\/\/www.ral-c.com\/fr\/\",\"logo\":{\"@type\":\"ImageObject\",\"inLanguage\":\"fr-FR\",\"@id\":\"https:\/\/www.ral-c.com\/fr\/#\/schema\/logo\/image\/\",\"url\":\"https:\/\/www.ral-c.com\/wp-content\/uploads\/2024\/08\/ral-website-logo-en.jpg\",\"contentUrl\":\"https:\/\/www.ral-c.com\/wp-content\/uploads\/2024\/08\/ral-website-logo-en.jpg\",\"width\":739,\"height\":1419,\"caption\":\"RAL Quality Mark Candles\"},\"image\":{\"@id\":\"https:\/\/www.ral-c.com\/fr\/#\/schema\/logo\/image\/\"},\"sameAs\":[\"https:\/\/www.facebook.com\/kerzenguete\/\",\"https:\/\/www.instagram.com\/ralqualitymarkcandles\/\"]}]}<\/script>\n<!-- \/ Yoast SEO plugin. -->","yoast_head_json":{"title":"Assistance commerciale - RAL","robots":{"index":"index","follow":"follow","max-snippet":"max-snippet:-1","max-image-preview":"max-image-preview:large","max-video-preview":"max-video-preview:-1"},"canonical":"https:\/\/www.ral-c.com\/fr\/sales-support\/","og_locale":"fr_FR","og_type":"article","og_title":"Assistance commerciale - RAL","og_description":"Back NOUVEAU. LA SOLUTION MARKETING PARFAITE! D\u00e9couvrez l&rsquo;essentiel gr\u00e2ce \u00e0 notre brochure num\u00e9rique. Avec ses images anim\u00e9es et ses \u00e9l\u00e9ments interactifs, cette brochure est le moyen id\u00e9al pour expliquer le label de qualit\u00e9 et ce qu&rsquo;il repr\u00e9sente. Cliquez sur le lien ci-dessous pour d\u00e9couvrir l&rsquo;exp\u00e9rience compl\u00e8te.\u00a0 Jetez un \u0153il \u00e0 la nouvelle brochure Comment utiliser [&hellip;]","og_url":"https:\/\/www.ral-c.com\/fr\/sales-support\/","og_site_name":"RAL","article_publisher":"https:\/\/www.facebook.com\/kerzenguete\/","article_modified_time":"2025-10-28T07:32:17+00:00","og_image":[{"url":"https:\/\/www.ral-c.com\/wp-content\/uploads\/2025\/10\/broschure-animation-weboptimiert-fr.gif","type":"","width":"","height":""}],"twitter_card":"summary_large_image","twitter_misc":{"Dur\u00e9e de lecture estim\u00e9e":"2 minutes"},"schema":{"@context":"https:\/\/schema.org","@graph":[{"@type":"WebPage","@id":"https:\/\/www.ral-c.com\/fr\/sales-support\/","url":"https:\/\/www.ral-c.com\/fr\/sales-support\/","name":"Assistance commerciale - RAL","isPartOf":{"@id":"https:\/\/www.ral-c.com\/fr\/#website"},"primaryImageOfPage":{"@id":"https:\/\/www.ral-c.com\/fr\/sales-support\/#primaryimage"},"image":{"@id":"https:\/\/www.ral-c.com\/fr\/sales-support\/#primaryimage"},"thumbnailUrl":"https:\/\/www.ral-c.com\/wp-content\/uploads\/2025\/10\/broschure-animation-weboptimiert-fr.gif","datePublished":"2025-07-02T06:30:41+00:00","dateModified":"2025-10-28T07:32:17+00:00","breadcrumb":{"@id":"https:\/\/www.ral-c.com\/fr\/sales-support\/#breadcrumb"},"inLanguage":"fr-FR","potentialAction":[{"@type":"ReadAction","target":["https:\/\/www.ral-c.com\/fr\/sales-support\/"]}]},{"@type":"ImageObject","inLanguage":"fr-FR","@id":"https:\/\/www.ral-c.com\/fr\/sales-support\/#primaryimage","url":"https:\/\/www.ral-c.com\/wp-content\/uploads\/2025\/10\/broschure-animation-weboptimiert-fr.gif","contentUrl":"https:\/\/www.ral-c.com\/wp-content\/uploads\/2025\/10\/broschure-animation-weboptimiert-fr.gif"},{"@type":"BreadcrumbList","@id":"https:\/\/www.ral-c.com\/fr\/sales-support\/#breadcrumb","itemListElement":[{"@type":"ListItem","position":1,"name":"Home","item":"https:\/\/www.ral-c.com\/fr\/"},{"@type":"ListItem","position":2,"name":"Assistance commerciale"}]},{"@type":"WebSite","@id":"https:\/\/www.ral-c.com\/fr\/#website","url":"https:\/\/www.ral-c.com\/fr\/","name":"RAL Quality Mark Candles","description":"G\u00fctezeichen f\u00fcr Kerzen","publisher":{"@id":"https:\/\/www.ral-c.com\/fr\/#organization"},"potentialAction":[{"@type":"SearchAction","target":{"@type":"EntryPoint","urlTemplate":"https:\/\/www.ral-c.com\/fr\/?s={search_term_string}"},"query-input":{"@type":"PropertyValueSpecification","valueRequired":true,"valueName":"search_term_string"}}],"inLanguage":"fr-FR"},{"@type":"Organization","@id":"https:\/\/www.ral-c.com\/fr\/#organization","name":"RAL Quality Mark Candles","url":"https:\/\/www.ral-c.com\/fr\/","logo":{"@type":"ImageObject","inLanguage":"fr-FR","@id":"https:\/\/www.ral-c.com\/fr\/#\/schema\/logo\/image\/","url":"https:\/\/www.ral-c.com\/wp-content\/uploads\/2024\/08\/ral-website-logo-en.jpg","contentUrl":"https:\/\/www.ral-c.com\/wp-content\/uploads\/2024\/08\/ral-website-logo-en.jpg","width":739,"height":1419,"caption":"RAL Quality Mark Candles"},"image":{"@id":"https:\/\/www.ral-c.com\/fr\/#\/schema\/logo\/image\/"},"sameAs":["https:\/\/www.facebook.com\/kerzenguete\/","https:\/\/www.instagram.com\/ralqualitymarkcandles\/"]}]}},"_links":{"self":[{"href":"https:\/\/www.ral-c.com\/fr\/wp-json\/wp\/v2\/pages\/5919","targetHints":{"allow":["GET"]}}],"collection":[{"href":"https:\/\/www.ral-c.com\/fr\/wp-json\/wp\/v2\/pages"}],"about":[{"href":"https:\/\/www.ral-c.com\/fr\/wp-json\/wp\/v2\/types\/page"}],"author":[{"embeddable":true,"href":"https:\/\/www.ral-c.com\/fr\/wp-json\/wp\/v2\/users\/2"}],"replies":[{"embeddable":true,"href":"https:\/\/www.ral-c.com\/fr\/wp-json\/wp\/v2\/comments?post=5919"}],"version-history":[{"count":26,"href":"https:\/\/www.ral-c.com\/fr\/wp-json\/wp\/v2\/pages\/5919\/revisions"}],"predecessor-version":[{"id":7027,"href":"https:\/\/www.ral-c.com\/fr\/wp-json\/wp\/v2\/pages\/5919\/revisions\/7027"}],"wp:attachment":[{"href":"https:\/\/www.ral-c.com\/fr\/wp-json\/wp\/v2\/media?parent=5919"}],"curies":[{"name":"wp","href":"https:\/\/api.w.org\/{rel}","templated":true}]}}