{"id":3921,"date":"2024-06-26T07:22:26","date_gmt":"2024-06-26T07:22:26","guid":{"rendered":"https:\/\/ral.komfour-develop.de\/?page_id=3921"},"modified":"2024-11-25T08:16:01","modified_gmt":"2024-11-25T08:16:01","slug":"note-sur-le-genre","status":"publish","type":"page","link":"https:\/\/www.ral-c.com\/fr\/note-sur-le-genre\/","title":{"rendered":"Note sur le genre"},"content":{"rendered":"\t\t<div data-elementor-type=\"wp-page\" data-elementor-id=\"3921\" class=\"elementor elementor-3921 elementor-2309\" data-elementor-post-type=\"page\">\n\t\t\t\t<div class=\"elementor-element elementor-element-69d6e15 e-flex e-con-boxed e-con e-parent\" data-id=\"69d6e15\" data-element_type=\"container\" data-e-type=\"container\">\n\t\t\t\t\t<div class=\"e-con-inner\">\n\t\t<div class=\"elementor-element elementor-element-daf3822 e-con-full e-flex e-con e-child\" data-id=\"daf3822\" data-element_type=\"container\" data-e-type=\"container\">\n\t\t\t\t<div class=\"elementor-element elementor-element-d4a1a2c elementor-widget elementor-widget-heading\" data-id=\"d4a1a2c\" data-element_type=\"widget\" data-e-type=\"widget\" data-widget_type=\"heading.default\">\n\t\t\t\t<div class=\"elementor-widget-container\">\n\t\t\t\t\t<h1 class=\"elementor-heading-title elementor-size-default\">Note sur le genre<\/h1>\t\t\t\t<\/div>\n\t\t\t\t<\/div>\n\t\t\t\t<div class=\"elementor-element elementor-element-ab44ff5 elementor-widget elementor-widget-text-editor\" data-id=\"ab44ff5\" data-element_type=\"widget\" data-e-type=\"widget\" data-widget_type=\"text-editor.default\">\n\t\t\t\t<div class=\"elementor-widget-container\">\n\t\t\t\t\t\t\t\t\t<\/p>\n<p class=\"bodytext\">Chers visiteurs,<\/p>\n<p class=\"bodytext\">bienvenue sur le site de l&rsquo;Association pour la qualit\u00e9 des bougies.<\/p>\n<p class=\"bodytext\">Nous souhaitons attirer votre attention sur le fait que, pour des raisons r\u00e9dactionnelles, nous utilisons actuellement principalement le masculin g\u00e9n\u00e9rique. Toutes les d\u00e9signations de personnes et les mots principaux se rapportant \u00e0 des personnes s&rsquo;appliquent bien entendu de la m\u00eame mani\u00e8re \u00e0 tous les sexes.  <\/p>\n\t\t\t\t\t\t\t\t<\/div>\n\t\t\t\t<\/div>\n\t\t\t\t<\/div>\n\t\t\t\t\t<\/div>\n\t\t\t\t<\/div>\n\t\t\t\t<\/div>\n\t\t","protected":false},"excerpt":{"rendered":"<p>Note sur le genre Chers visiteurs, bienvenue sur le site de l&rsquo;Association pour la qualit\u00e9 des bougies. Nous souhaitons attirer votre attention sur le fait que, pour des raisons r\u00e9dactionnelles, nous utilisons actuellement principalement le masculin g\u00e9n\u00e9rique. Toutes les d\u00e9signations de personnes et les mots principaux se rapportant \u00e0 des personnes s&rsquo;appliquent bien entendu de [&hellip;]<\/p>\n","protected":false},"author":3,"featured_media":0,"parent":0,"menu_order":0,"comment_status":"closed","ping_status":"closed","template":"elementor_header_footer","meta":{"footnotes":""},"class_list":["post-3921","page","type-page","status-publish","hentry"],"acf":[],"yoast_head":"<!-- This site is optimized with the Yoast SEO plugin v27.2 - https:\/\/yoast.com\/product\/yoast-seo-wordpress\/ -->\n<title>Note sur le genre - RAL<\/title>\n<meta name=\"robots\" content=\"index, follow, max-snippet:-1, max-image-preview:large, max-video-preview:-1\" \/>\n<link rel=\"canonical\" href=\"https:\/\/www.ral-c.com\/fr\/note-sur-le-genre\/\" \/>\n<meta property=\"og:locale\" content=\"fr_FR\" \/>\n<meta property=\"og:type\" content=\"article\" \/>\n<meta property=\"og:title\" content=\"Note sur le genre - RAL\" \/>\n<meta property=\"og:description\" content=\"Note sur le genre Chers visiteurs, bienvenue sur le site de l&rsquo;Association pour la qualit\u00e9 des bougies. Nous souhaitons attirer votre attention sur le fait que, pour des raisons r\u00e9dactionnelles, nous utilisons actuellement principalement le masculin g\u00e9n\u00e9rique. Toutes les d\u00e9signations de personnes et les mots principaux se rapportant \u00e0 des personnes s&rsquo;appliquent bien entendu de [&hellip;]\" \/>\n<meta property=\"og:url\" content=\"https:\/\/www.ral-c.com\/fr\/note-sur-le-genre\/\" \/>\n<meta property=\"og:site_name\" content=\"RAL\" \/>\n<meta property=\"article:publisher\" content=\"https:\/\/www.facebook.com\/kerzenguete\/\" \/>\n<meta property=\"article:modified_time\" content=\"2024-11-25T08:16:01+00:00\" \/>\n<meta name=\"twitter:card\" content=\"summary_large_image\" \/>\n<script type=\"application\/ld+json\" class=\"yoast-schema-graph\">{\"@context\":\"https:\/\/schema.org\",\"@graph\":[{\"@type\":\"WebPage\",\"@id\":\"https:\/\/www.ral-c.com\/fr\/note-sur-le-genre\/\",\"url\":\"https:\/\/www.ral-c.com\/fr\/note-sur-le-genre\/\",\"name\":\"Note sur le genre - RAL\",\"isPartOf\":{\"@id\":\"https:\/\/www.ral-c.com\/fr\/#website\"},\"datePublished\":\"2024-06-26T07:22:26+00:00\",\"dateModified\":\"2024-11-25T08:16:01+00:00\",\"breadcrumb\":{\"@id\":\"https:\/\/www.ral-c.com\/fr\/note-sur-le-genre\/#breadcrumb\"},\"inLanguage\":\"fr-FR\",\"potentialAction\":[{\"@type\":\"ReadAction\",\"target\":[\"https:\/\/www.ral-c.com\/fr\/note-sur-le-genre\/\"]}]},{\"@type\":\"BreadcrumbList\",\"@id\":\"https:\/\/www.ral-c.com\/fr\/note-sur-le-genre\/#breadcrumb\",\"itemListElement\":[{\"@type\":\"ListItem\",\"position\":1,\"name\":\"Home\",\"item\":\"https:\/\/www.ral-c.com\/fr\/\"},{\"@type\":\"ListItem\",\"position\":2,\"name\":\"Note sur le genre\"}]},{\"@type\":\"WebSite\",\"@id\":\"https:\/\/www.ral-c.com\/fr\/#website\",\"url\":\"https:\/\/www.ral-c.com\/fr\/\",\"name\":\"RAL Quality Mark Candles\",\"description\":\"G\u00fctezeichen f\u00fcr Kerzen\",\"publisher\":{\"@id\":\"https:\/\/www.ral-c.com\/fr\/#organization\"},\"potentialAction\":[{\"@type\":\"SearchAction\",\"target\":{\"@type\":\"EntryPoint\",\"urlTemplate\":\"https:\/\/www.ral-c.com\/fr\/?s={search_term_string}\"},\"query-input\":{\"@type\":\"PropertyValueSpecification\",\"valueRequired\":true,\"valueName\":\"search_term_string\"}}],\"inLanguage\":\"fr-FR\"},{\"@type\":\"Organization\",\"@id\":\"https:\/\/www.ral-c.com\/fr\/#organization\",\"name\":\"RAL Quality Mark Candles\",\"url\":\"https:\/\/www.ral-c.com\/fr\/\",\"logo\":{\"@type\":\"ImageObject\",\"inLanguage\":\"fr-FR\",\"@id\":\"https:\/\/www.ral-c.com\/fr\/#\/schema\/logo\/image\/\",\"url\":\"https:\/\/www.ral-c.com\/wp-content\/uploads\/2024\/08\/ral-website-logo-en.jpg\",\"contentUrl\":\"https:\/\/www.ral-c.com\/wp-content\/uploads\/2024\/08\/ral-website-logo-en.jpg\",\"width\":739,\"height\":1419,\"caption\":\"RAL Quality Mark Candles\"},\"image\":{\"@id\":\"https:\/\/www.ral-c.com\/fr\/#\/schema\/logo\/image\/\"},\"sameAs\":[\"https:\/\/www.facebook.com\/kerzenguete\/\",\"https:\/\/www.instagram.com\/ralqualitymarkcandles\/\"]}]}<\/script>\n<!-- \/ Yoast SEO plugin. -->","yoast_head_json":{"title":"Note sur le genre - RAL","robots":{"index":"index","follow":"follow","max-snippet":"max-snippet:-1","max-image-preview":"max-image-preview:large","max-video-preview":"max-video-preview:-1"},"canonical":"https:\/\/www.ral-c.com\/fr\/note-sur-le-genre\/","og_locale":"fr_FR","og_type":"article","og_title":"Note sur le genre - RAL","og_description":"Note sur le genre Chers visiteurs, bienvenue sur le site de l&rsquo;Association pour la qualit\u00e9 des bougies. Nous souhaitons attirer votre attention sur le fait que, pour des raisons r\u00e9dactionnelles, nous utilisons actuellement principalement le masculin g\u00e9n\u00e9rique. Toutes les d\u00e9signations de personnes et les mots principaux se rapportant \u00e0 des personnes s&rsquo;appliquent bien entendu de [&hellip;]","og_url":"https:\/\/www.ral-c.com\/fr\/note-sur-le-genre\/","og_site_name":"RAL","article_publisher":"https:\/\/www.facebook.com\/kerzenguete\/","article_modified_time":"2024-11-25T08:16:01+00:00","twitter_card":"summary_large_image","schema":{"@context":"https:\/\/schema.org","@graph":[{"@type":"WebPage","@id":"https:\/\/www.ral-c.com\/fr\/note-sur-le-genre\/","url":"https:\/\/www.ral-c.com\/fr\/note-sur-le-genre\/","name":"Note sur le genre - RAL","isPartOf":{"@id":"https:\/\/www.ral-c.com\/fr\/#website"},"datePublished":"2024-06-26T07:22:26+00:00","dateModified":"2024-11-25T08:16:01+00:00","breadcrumb":{"@id":"https:\/\/www.ral-c.com\/fr\/note-sur-le-genre\/#breadcrumb"},"inLanguage":"fr-FR","potentialAction":[{"@type":"ReadAction","target":["https:\/\/www.ral-c.com\/fr\/note-sur-le-genre\/"]}]},{"@type":"BreadcrumbList","@id":"https:\/\/www.ral-c.com\/fr\/note-sur-le-genre\/#breadcrumb","itemListElement":[{"@type":"ListItem","position":1,"name":"Home","item":"https:\/\/www.ral-c.com\/fr\/"},{"@type":"ListItem","position":2,"name":"Note sur le genre"}]},{"@type":"WebSite","@id":"https:\/\/www.ral-c.com\/fr\/#website","url":"https:\/\/www.ral-c.com\/fr\/","name":"RAL Quality Mark Candles","description":"G\u00fctezeichen f\u00fcr Kerzen","publisher":{"@id":"https:\/\/www.ral-c.com\/fr\/#organization"},"potentialAction":[{"@type":"SearchAction","target":{"@type":"EntryPoint","urlTemplate":"https:\/\/www.ral-c.com\/fr\/?s={search_term_string}"},"query-input":{"@type":"PropertyValueSpecification","valueRequired":true,"valueName":"search_term_string"}}],"inLanguage":"fr-FR"},{"@type":"Organization","@id":"https:\/\/www.ral-c.com\/fr\/#organization","name":"RAL Quality Mark Candles","url":"https:\/\/www.ral-c.com\/fr\/","logo":{"@type":"ImageObject","inLanguage":"fr-FR","@id":"https:\/\/www.ral-c.com\/fr\/#\/schema\/logo\/image\/","url":"https:\/\/www.ral-c.com\/wp-content\/uploads\/2024\/08\/ral-website-logo-en.jpg","contentUrl":"https:\/\/www.ral-c.com\/wp-content\/uploads\/2024\/08\/ral-website-logo-en.jpg","width":739,"height":1419,"caption":"RAL Quality Mark Candles"},"image":{"@id":"https:\/\/www.ral-c.com\/fr\/#\/schema\/logo\/image\/"},"sameAs":["https:\/\/www.facebook.com\/kerzenguete\/","https:\/\/www.instagram.com\/ralqualitymarkcandles\/"]}]}},"_links":{"self":[{"href":"https:\/\/www.ral-c.com\/fr\/wp-json\/wp\/v2\/pages\/3921","targetHints":{"allow":["GET"]}}],"collection":[{"href":"https:\/\/www.ral-c.com\/fr\/wp-json\/wp\/v2\/pages"}],"about":[{"href":"https:\/\/www.ral-c.com\/fr\/wp-json\/wp\/v2\/types\/page"}],"author":[{"embeddable":true,"href":"https:\/\/www.ral-c.com\/fr\/wp-json\/wp\/v2\/users\/3"}],"replies":[{"embeddable":true,"href":"https:\/\/www.ral-c.com\/fr\/wp-json\/wp\/v2\/comments?post=3921"}],"version-history":[{"count":3,"href":"https:\/\/www.ral-c.com\/fr\/wp-json\/wp\/v2\/pages\/3921\/revisions"}],"predecessor-version":[{"id":4998,"href":"https:\/\/www.ral-c.com\/fr\/wp-json\/wp\/v2\/pages\/3921\/revisions\/4998"}],"wp:attachment":[{"href":"https:\/\/www.ral-c.com\/fr\/wp-json\/wp\/v2\/media?parent=3921"}],"curies":[{"name":"wp","href":"https:\/\/api.w.org\/{rel}","templated":true}]}}