{"id":3787,"date":"2024-05-28T14:23:39","date_gmt":"2024-05-28T14:23:39","guid":{"rendered":"https:\/\/ral.komfour-develop.de\/?page_id=3787"},"modified":"2025-07-03T07:25:57","modified_gmt":"2025-07-03T07:25:57","slug":"extrait-des-specifications-de-lessai-ral-gz-041-4","status":"publish","type":"page","link":"https:\/\/www.ral-c.com\/fr\/extrait-des-specifications-de-lessai-ral-gz-041-4\/","title":{"rendered":"Extrait des sp\u00e9cifications de l&rsquo;essai RAL-GZ 041\/4"},"content":{"rendered":"\t\t<div data-elementor-type=\"wp-page\" data-elementor-id=\"3787\" class=\"elementor elementor-3787 elementor-1337\" data-elementor-post-type=\"page\">\n\t\t\t\t<div class=\"elementor-element elementor-element-1c04d01 e-con-full e-flex e-con e-parent\" data-id=\"1c04d01\" data-element_type=\"container\" data-e-type=\"container\">\n\t\t<div class=\"elementor-element elementor-element-7b8b2fb e-con-full e-flex e-con e-child\" data-id=\"7b8b2fb\" data-element_type=\"container\" data-e-type=\"container\">\n\t\t\t\t<div class=\"elementor-element elementor-element-403a0b5 elementor--h-position-left elementor--v-position-top elementor-arrows-position-inside elementor-pagination-position-inside elementor-widget elementor-widget-slides\" data-id=\"403a0b5\" data-element_type=\"widget\" data-e-type=\"widget\" data-settings=\"{&quot;navigation&quot;:&quot;both&quot;,&quot;autoplay&quot;:&quot;yes&quot;,&quot;pause_on_hover&quot;:&quot;yes&quot;,&quot;pause_on_interaction&quot;:&quot;yes&quot;,&quot;autoplay_speed&quot;:5000,&quot;infinite&quot;:&quot;yes&quot;,&quot;transition&quot;:&quot;slide&quot;,&quot;transition_speed&quot;:500}\" data-widget_type=\"slides.default\">\n\t\t\t\t<div class=\"elementor-widget-container\">\n\t\t\t\t\t\t\t\t\t<div class=\"elementor-swiper\">\n\t\t\t\t\t<div class=\"elementor-slides-wrapper elementor-main-swiper swiper\" role=\"region\" aria-roledescription=\"carousel\" aria-label=\"Diapositives\" dir=\"ltr\" data-animation=\"fadeInUp\">\n\t\t\t\t<div class=\"swiper-wrapper elementor-slides\">\n\t\t\t\t\t\t\t\t\t\t<div class=\"elementor-repeater-item-07035d2 swiper-slide\" role=\"group\" aria-roledescription=\"slide\"><div class=\"swiper-slide-bg\" role=\"img\" aria-label=\"Kerzen mit RAL-G\u00fctezeichen zertifizierter Qualit\u00e4t\"><\/div><div class=\"swiper-slide-inner\" ><div class=\"swiper-slide-contents\"><div class=\"elementor-slide-heading\">Nous travaillons avec<\/div><div class=\"elementor-slide-description\"><p>des mati\u00e8res premi\u00e8res dont la qualit\u00e9 est garantie !<\/p>\n<\/div><\/div><\/div><\/div>\t\t\t\t<\/div>\n\t\t\t\t\t\t\t<\/div>\n\t\t\t\t<\/div>\n\t\t\t\t\t\t\t\t<\/div>\n\t\t\t\t<\/div>\n\t\t\t\t<\/div>\n\t\t\t\t<\/div>\n\t\t<div class=\"elementor-element elementor-element-1cb4345 e-flex e-con-boxed e-con e-parent\" data-id=\"1cb4345\" data-element_type=\"container\" data-e-type=\"container\">\n\t\t\t\t\t<div class=\"e-con-inner\">\n\t\t<div class=\"elementor-element elementor-element-5afa847 e-con-full e-flex e-con e-child\" data-id=\"5afa847\" data-element_type=\"container\" data-e-type=\"container\">\n\t\t\t\t<div class=\"elementor-element elementor-element-6d29b45 elementor-widget elementor-widget-heading\" data-id=\"6d29b45\" data-element_type=\"widget\" data-e-type=\"widget\" data-widget_type=\"heading.default\">\n\t\t\t\t<div class=\"elementor-widget-container\">\n\t\t\t\t\t<h1 class=\"elementor-heading-title elementor-size-default\">Extrait des sp\u00e9cifications d\u2018assurance qualit\u00e9 et d\u2019essai sp\u00e9cifiques aux bougies fun\u00e9raires RAL-GZ 041\/4<\/h1>\t\t\t\t<\/div>\n\t\t\t\t<\/div>\n\t\t\t\t<div class=\"elementor-element elementor-element-5805c0d elementor-widget elementor-widget-text-editor\" data-id=\"5805c0d\" data-element_type=\"widget\" data-e-type=\"widget\" data-widget_type=\"text-editor.default\">\n\t\t\t\t<div class=\"elementor-widget-container\">\n\t\t\t\t\t\t\t\t\t<p><\/p>\n<h1>4-1 CHAMP D&rsquo;APPLICATION<\/h1>\n<p><img fetchpriority=\"high\" decoding=\"async\" class=\"alignnone size-medium wp-image-1442\" src=\"https:\/\/www.ral-c.com\/wp-content\/uploads\/2024\/05\/grablicht-weiss-deckel-300x243.jpg\" alt=\"\" width=\"300\" height=\"243\" srcset=\"https:\/\/www.ral-c.com\/wp-content\/uploads\/2024\/05\/grablicht-weiss-deckel-300x243.jpg 300w, https:\/\/www.ral-c.com\/wp-content\/uploads\/2024\/05\/grablicht-weiss-deckel-768x622.jpg 768w, https:\/\/www.ral-c.com\/wp-content\/uploads\/2024\/05\/grablicht-weiss-deckel.jpg 845w\" sizes=\"(max-width: 300px) 100vw, 300px\" \/><\/p>\n<p>La masse combustible m\u00e9lang\u00e9e uniform\u00e9ment est introduite dans un r\u00e9cipient.<\/p>\n<p>Les produits sont destin\u00e9s \u00e0 br\u00fbler \u00e0 l&rsquo;int\u00e9rieur ou \u00e0 l&rsquo;ext\u00e9rieur d&rsquo;une lanterne fun\u00e9raire \u00e0 l&rsquo;air libre, de mani\u00e8re ininterrompue, c&rsquo;est-\u00e0-dire jusqu&rsquo;\u00e0 auto-extinction, et ce aussi bien \u00e0 des temp\u00e9ratures sup\u00e9rieures qu&rsquo;inf\u00e9rieures \u00e0 0 \u00b0C.<\/p>\n<p>Il s&rsquo;agit d&rsquo;un groupe particulier de produits \u00e0 base d&rsquo;huile et de produits \u00e0 base d&rsquo;huile de composition.<\/p>\n<p>Dans le cadre de ce champ d&rsquo;application, les exigences du label de qualit\u00e9 des bougies pour bougies fun\u00e9raires doivent \u00eatre remplies.<\/p>\t\t\t\t\t\t\t\t<\/div>\n\t\t\t\t<\/div>\n\t\t\t\t<div class=\"elementor-element elementor-element-5d061f4 elementor-widget elementor-widget-text-editor\" data-id=\"5d061f4\" data-element_type=\"widget\" data-e-type=\"widget\" data-widget_type=\"text-editor.default\">\n\t\t\t\t<div class=\"elementor-widget-container\">\n\t\t\t\t\t\t\t\t\t<p><\/p>\n<h1>4-2 D\u00c9TERMINATION DE LA QUALIT\u00c9<\/h1>\n<h3>4-2.1 Exigences relatives aux mati\u00e8res premi\u00e8res<\/h3>\n<p>L&rsquo;annexe 1 \u00ab\u00a0Exigences relatives aux mati\u00e8res premi\u00e8res et auxiliaires pour la protection de la sant\u00e9\u00a0\u00bb ne s&rsquo;applique pas.<\/p>\n<h3>4-2.2 Exigences optiques et techniques<\/h3>\n<h4>4-2.2.1 Aspect \/ qualit\u00e9 du r\u00e9cipient \/ disposition de la m\u00e8che<\/h4>\n<p>La m\u00e8che et le porte-m\u00e8che doivent \u00eatre plac\u00e9s au centre.<\/p>\n<p>La surface du corps de la bougie doit \u00eatre exempte d&rsquo;impuret\u00e9s lorsqu&rsquo;elle est observ\u00e9e sans moyens techniques.<\/p>\n<p>Le r\u00e9cipient doit emp\u00eacher l&rsquo;\u00e9coulement de la masse combustible fondue pendant toute la dur\u00e9e de la combustion jusqu&rsquo;\u00e0 l&rsquo;auto-extinction.<\/p>\n<h4>4-2.2.2 Dur\u00e9e de cuisson<\/h4>\n<p>Un produit labellis\u00e9 peut \u00eatre commercialis\u00e9 soit avec une indication explicite de la dur\u00e9e minimale de cuisson, soit sans une telle indication. Dans le cas d&rsquo;une indication explicite, la dur\u00e9e de cuisson doit \u00eatre v\u00e9rifi\u00e9e par rapport \u00e0 son respect moyen. <\/p>\n<p>Pour une indication telle que \u00ab\u00a0environ\u00a0\u00bb ou \u00ab\u00a0\u00b1\u00a0\u00bb, une tol\u00e9rance n\u00e9gative de 10 % est admise.<\/p>\n<h4>4-2.2.3 Comportement au feu<\/h4>\n<p><img decoding=\"async\" class=\"alignnone size-full wp-image-1371\" src=\"https:\/\/www.ral-c.com\/wp-content\/uploads\/2024\/05\/grablicht_rot.jpg\" alt=\"\" width=\"300\" height=\"300\" srcset=\"https:\/\/www.ral-c.com\/wp-content\/uploads\/2024\/05\/grablicht_rot.jpg 300w, https:\/\/www.ral-c.com\/wp-content\/uploads\/2024\/05\/grablicht_rot-150x150.jpg 150w\" sizes=\"(max-width: 300px) 100vw, 300px\" \/><\/p>\t\t\t\t\t\t\t\t<\/div>\n\t\t\t\t<\/div>\n\t\t\t\t<div class=\"elementor-element elementor-element-3613d3b elementor-widget elementor-widget-text-editor\" data-id=\"3613d3b\" data-element_type=\"widget\" data-e-type=\"widget\" data-widget_type=\"text-editor.default\">\n\t\t\t\t<div class=\"elementor-widget-container\">\n\t\t\t\t\t\t\t\t\t<p><\/p>\n<h1>4-3 DISPOSITIONS RELATIVES AUX ESSAIS<\/h1>\n<p><img decoding=\"async\" class=\"alignnone size-medium wp-image-1443\" src=\"https:\/\/www.ral-c.com\/wp-content\/uploads\/2024\/05\/grablicht-pruefbestimmungen-300x243.jpg\" alt=\"\" width=\"300\" height=\"243\" srcset=\"https:\/\/www.ral-c.com\/wp-content\/uploads\/2024\/05\/grablicht-pruefbestimmungen-300x243.jpg 300w, https:\/\/www.ral-c.com\/wp-content\/uploads\/2024\/05\/grablicht-pruefbestimmungen-768x622.jpg 768w, https:\/\/www.ral-c.com\/wp-content\/uploads\/2024\/05\/grablicht-pruefbestimmungen.jpg 845w\" sizes=\"(max-width: 300px) 100vw, 300px\" \/><\/p>\n<p>L&rsquo;essai de combustion est effectu\u00e9 dans une salle d&rsquo;essai dont la temp\u00e9rature ambiante est comprise entre 15 \u00b0C et 25 \u00b0C. Les r\u00e9sultats de l&rsquo;essai de combustion sont pr\u00e9sent\u00e9s dans le tableau ci-dessous.<\/p>\n<p>Il convient de faire une distinction :<\/p>\n<p>Les mod\u00e8les de bougies fun\u00e9raires sans couvercle sont br\u00fbl\u00e9s dans une lanterne fun\u00e9raire,<br>Les mod\u00e8les de bougies fun\u00e9raires avec couvercle sont br\u00fbl\u00e9s de mani\u00e8re autonome.<br>La lanterne fun\u00e9raire utilis\u00e9e pour l&rsquo;essai doit \u00eatre con\u00e7ue de mani\u00e8re appropri\u00e9e, c&rsquo;est-\u00e0-dire que les caract\u00e9ristiques de construction suivantes sont recommand\u00e9es :<\/p>\n<p>Dimensions : par exemple 10 cm de largeur, 10 cm de profondeur, 20 cm de hauteur. L&rsquo;int\u00e9rieur de la lanterne doit \u00eatre suffisamment grand pour qu&rsquo;il reste suffisamment d&rsquo;espace libre entre l&rsquo;enveloppe de la tombe, les parois et le couvercle de la lanterne, \u00e0 savoir au moins 3 cm sur les c\u00f4t\u00e9s et 5 cm vers le haut,<br>la lanterne doit garantir une arriv\u00e9e d&rsquo;air et l&rsquo;\u00e9vacuation des gaz d&rsquo;incendie.   <\/p>\t\t\t\t\t\t\t\t<\/div>\n\t\t\t\t<\/div>\n\t\t\t\t<div class=\"elementor-element elementor-element-4060073 elementor-widget elementor-widget-text-editor\" data-id=\"4060073\" data-element_type=\"widget\" data-e-type=\"widget\" data-widget_type=\"text-editor.default\">\n\t\t\t\t<div class=\"elementor-widget-container\">\n\t\t\t\t\t\t\t\t\t<p><\/p>\n<h1>4-4 \u00c9VALUATION GLOBALE<\/h1>\n<p><img loading=\"lazy\" decoding=\"async\" class=\"alignnone size-medium wp-image-1444\" src=\"https:\/\/www.ral-c.com\/wp-content\/uploads\/2024\/05\/grablicht-gesamtbeurteilung-300x243.jpg\" alt=\"\" width=\"300\" height=\"243\" srcset=\"https:\/\/www.ral-c.com\/wp-content\/uploads\/2024\/05\/grablicht-gesamtbeurteilung-300x243.jpg 300w, https:\/\/www.ral-c.com\/wp-content\/uploads\/2024\/05\/grablicht-gesamtbeurteilung-768x622.jpg 768w, https:\/\/www.ral-c.com\/wp-content\/uploads\/2024\/05\/grablicht-gesamtbeurteilung.jpg 845w\" sizes=\"(max-width: 300px) 100vw, 300px\" \/><\/p>\t\t\t\t\t\t\t\t<\/div>\n\t\t\t\t<\/div>\n\t\t\t\t<div class=\"elementor-element elementor-element-5f95f1c gallery-spacing-custom elementor-widget elementor-widget-image-gallery\" data-id=\"5f95f1c\" data-element_type=\"widget\" data-e-type=\"widget\" data-widget_type=\"image-gallery.default\">\n\t\t\t\t<div class=\"elementor-widget-container\">\n\t\t\t\t\t\t\t<div class=\"elementor-image-gallery\">\n\t\t\t<div id='gallery-1' class='gallery galleryid-3787 gallery-columns-2 gallery-size-full'><figure class='gallery-item'>\n\t\t\t<div class='gallery-icon portrait'>\n\t\t\t\t<a data-elementor-open-lightbox=\"yes\" data-elementor-lightbox-slideshow=\"5f95f1c\" data-elementor-lightbox-title=\"award-certificate\" data-e-action-hash=\"#elementor-action%3Aaction%3Dlightbox%26settings%3DeyJpZCI6MjkyNywidXJsIjoiaHR0cHM6XC9cL3d3dy5yYWwtYy5jb21cL3dwLWNvbnRlbnRcL3VwbG9hZHNcLzIwMjRcLzA1XC9hd2FyZC1jZXJ0aWZpY2F0ZS5qcGciLCJzbGlkZXNob3ciOiI1Zjk1ZjFjIn0%3D\" href='https:\/\/www.ral-c.com\/wp-content\/uploads\/2024\/05\/award-certificate.jpg'><img loading=\"lazy\" decoding=\"async\" width=\"718\" height=\"1030\" src=\"https:\/\/www.ral-c.com\/wp-content\/uploads\/2024\/05\/award-certificate.jpg\" class=\"attachment-full size-full\" alt=\"\" srcset=\"https:\/\/www.ral-c.com\/wp-content\/uploads\/2024\/05\/award-certificate.jpg 718w, https:\/\/www.ral-c.com\/wp-content\/uploads\/2024\/05\/award-certificate-209x300.jpg 209w, https:\/\/www.ral-c.com\/wp-content\/uploads\/2024\/05\/award-certificate-714x1024.jpg 714w\" sizes=\"(max-width: 718px) 100vw, 718px\" \/><\/a>\n\t\t\t<\/div><\/figure><figure class='gallery-item'>\n\t\t\t<div class='gallery-icon portrait'>\n\t\t\t\t<a data-elementor-open-lightbox=\"yes\" data-elementor-lightbox-slideshow=\"5f95f1c\" data-elementor-lightbox-title=\"test-report\" data-e-action-hash=\"#elementor-action%3Aaction%3Dlightbox%26settings%3DeyJpZCI6MjkzMCwidXJsIjoiaHR0cHM6XC9cL3d3dy5yYWwtYy5jb21cL3dwLWNvbnRlbnRcL3VwbG9hZHNcLzIwMjRcLzA1XC90ZXN0LXJlcG9ydC5qcGciLCJzbGlkZXNob3ciOiI1Zjk1ZjFjIn0%3D\" href='https:\/\/www.ral-c.com\/wp-content\/uploads\/2024\/05\/test-report.jpg'><img loading=\"lazy\" decoding=\"async\" width=\"718\" height=\"1030\" src=\"https:\/\/www.ral-c.com\/wp-content\/uploads\/2024\/05\/test-report.jpg\" class=\"attachment-full size-full\" alt=\"\" srcset=\"https:\/\/www.ral-c.com\/wp-content\/uploads\/2024\/05\/test-report.jpg 718w, https:\/\/www.ral-c.com\/wp-content\/uploads\/2024\/05\/test-report-209x300.jpg 209w, https:\/\/www.ral-c.com\/wp-content\/uploads\/2024\/05\/test-report-714x1024.jpg 714w\" sizes=\"(max-width: 718px) 100vw, 718px\" \/><\/a>\n\t\t\t<\/div><\/figure>\n\t\t<\/div>\n\t\t<\/div>\n\t\t\t\t\t\t<\/div>\n\t\t\t\t<\/div>\n\t\t\t\t<\/div>\n\t\t\t\t\t<\/div>\n\t\t\t\t<\/div>\n\t\t\t\t<\/div>\n\t\t","protected":false},"excerpt":{"rendered":"<p>Nous travaillons avec des mati\u00e8res premi\u00e8res dont la qualit\u00e9 est garantie ! Extrait des sp\u00e9cifications d\u2018assurance qualit\u00e9 et d\u2019essai sp\u00e9cifiques aux bougies fun\u00e9raires RAL-GZ 041\/4 4-1 CHAMP D&rsquo;APPLICATION La masse combustible m\u00e9lang\u00e9e uniform\u00e9ment est introduite dans un r\u00e9cipient. Les produits sont destin\u00e9s \u00e0 br\u00fbler \u00e0 l&rsquo;int\u00e9rieur ou \u00e0 l&rsquo;ext\u00e9rieur d&rsquo;une lanterne fun\u00e9raire \u00e0 l&rsquo;air libre, [&hellip;]<\/p>\n","protected":false},"author":2,"featured_media":0,"parent":0,"menu_order":0,"comment_status":"closed","ping_status":"closed","template":"elementor_header_footer","meta":{"footnotes":""},"class_list":["post-3787","page","type-page","status-publish","hentry"],"acf":[],"yoast_head":"<!-- This site is optimized with the Yoast SEO plugin v27.2 - https:\/\/yoast.com\/product\/yoast-seo-wordpress\/ -->\n<title>Extrait des sp\u00e9cifications de l&#039;essai RAL-GZ 041\/4 - RAL<\/title>\n<meta name=\"robots\" content=\"index, follow, max-snippet:-1, max-image-preview:large, max-video-preview:-1\" \/>\n<link rel=\"canonical\" href=\"https:\/\/www.ral-c.com\/fr\/extrait-des-specifications-de-lessai-ral-gz-041-4\/\" \/>\n<meta property=\"og:locale\" content=\"fr_FR\" \/>\n<meta property=\"og:type\" content=\"article\" \/>\n<meta property=\"og:title\" content=\"Extrait des sp\u00e9cifications de l&#039;essai RAL-GZ 041\/4 - RAL\" \/>\n<meta property=\"og:description\" content=\"Nous travaillons avec des mati\u00e8res premi\u00e8res dont la qualit\u00e9 est garantie ! Extrait des sp\u00e9cifications d\u2018assurance qualit\u00e9 et d\u2019essai sp\u00e9cifiques aux bougies fun\u00e9raires RAL-GZ 041\/4 4-1 CHAMP D&rsquo;APPLICATION La masse combustible m\u00e9lang\u00e9e uniform\u00e9ment est introduite dans un r\u00e9cipient. Les produits sont destin\u00e9s \u00e0 br\u00fbler \u00e0 l&rsquo;int\u00e9rieur ou \u00e0 l&rsquo;ext\u00e9rieur d&rsquo;une lanterne fun\u00e9raire \u00e0 l&rsquo;air libre, [&hellip;]\" \/>\n<meta property=\"og:url\" content=\"https:\/\/www.ral-c.com\/fr\/extrait-des-specifications-de-lessai-ral-gz-041-4\/\" \/>\n<meta property=\"og:site_name\" content=\"RAL\" \/>\n<meta property=\"article:publisher\" content=\"https:\/\/www.facebook.com\/kerzenguete\/\" \/>\n<meta property=\"article:modified_time\" content=\"2025-07-03T07:25:57+00:00\" \/>\n<meta property=\"og:image\" content=\"https:\/\/www.ral-c.com\/wp-content\/uploads\/2024\/05\/grablicht-weiss-deckel.jpg\" \/>\n\t<meta property=\"og:image:width\" content=\"845\" \/>\n\t<meta property=\"og:image:height\" content=\"684\" \/>\n\t<meta property=\"og:image:type\" content=\"image\/jpeg\" \/>\n<meta name=\"twitter:card\" content=\"summary_large_image\" \/>\n<meta name=\"twitter:label1\" content=\"Dur\u00e9e de lecture estim\u00e9e\" \/>\n\t<meta name=\"twitter:data1\" content=\"4 minutes\" \/>\n<script type=\"application\/ld+json\" class=\"yoast-schema-graph\">{\"@context\":\"https:\/\/schema.org\",\"@graph\":[{\"@type\":\"WebPage\",\"@id\":\"https:\/\/www.ral-c.com\/fr\/extrait-des-specifications-de-lessai-ral-gz-041-4\/\",\"url\":\"https:\/\/www.ral-c.com\/fr\/extrait-des-specifications-de-lessai-ral-gz-041-4\/\",\"name\":\"Extrait des sp\u00e9cifications de l'essai RAL-GZ 041\/4 - RAL\",\"isPartOf\":{\"@id\":\"https:\/\/www.ral-c.com\/fr\/#website\"},\"primaryImageOfPage\":{\"@id\":\"https:\/\/www.ral-c.com\/fr\/extrait-des-specifications-de-lessai-ral-gz-041-4\/#primaryimage\"},\"image\":{\"@id\":\"https:\/\/www.ral-c.com\/fr\/extrait-des-specifications-de-lessai-ral-gz-041-4\/#primaryimage\"},\"thumbnailUrl\":\"https:\/\/www.ral-c.com\/wp-content\/uploads\/2024\/05\/grablicht-weiss-deckel-300x243.jpg\",\"datePublished\":\"2024-05-28T14:23:39+00:00\",\"dateModified\":\"2025-07-03T07:25:57+00:00\",\"breadcrumb\":{\"@id\":\"https:\/\/www.ral-c.com\/fr\/extrait-des-specifications-de-lessai-ral-gz-041-4\/#breadcrumb\"},\"inLanguage\":\"fr-FR\",\"potentialAction\":[{\"@type\":\"ReadAction\",\"target\":[\"https:\/\/www.ral-c.com\/fr\/extrait-des-specifications-de-lessai-ral-gz-041-4\/\"]}]},{\"@type\":\"ImageObject\",\"inLanguage\":\"fr-FR\",\"@id\":\"https:\/\/www.ral-c.com\/fr\/extrait-des-specifications-de-lessai-ral-gz-041-4\/#primaryimage\",\"url\":\"https:\/\/www.ral-c.com\/wp-content\/uploads\/2024\/05\/grablicht-weiss-deckel-300x243.jpg\",\"contentUrl\":\"https:\/\/www.ral-c.com\/wp-content\/uploads\/2024\/05\/grablicht-weiss-deckel-300x243.jpg\"},{\"@type\":\"BreadcrumbList\",\"@id\":\"https:\/\/www.ral-c.com\/fr\/extrait-des-specifications-de-lessai-ral-gz-041-4\/#breadcrumb\",\"itemListElement\":[{\"@type\":\"ListItem\",\"position\":1,\"name\":\"Home\",\"item\":\"https:\/\/www.ral-c.com\/fr\/\"},{\"@type\":\"ListItem\",\"position\":2,\"name\":\"Extrait des sp\u00e9cifications de l&#8217;essai RAL-GZ 041\/4\"}]},{\"@type\":\"WebSite\",\"@id\":\"https:\/\/www.ral-c.com\/fr\/#website\",\"url\":\"https:\/\/www.ral-c.com\/fr\/\",\"name\":\"RAL Quality Mark Candles\",\"description\":\"G\u00fctezeichen f\u00fcr Kerzen\",\"publisher\":{\"@id\":\"https:\/\/www.ral-c.com\/fr\/#organization\"},\"potentialAction\":[{\"@type\":\"SearchAction\",\"target\":{\"@type\":\"EntryPoint\",\"urlTemplate\":\"https:\/\/www.ral-c.com\/fr\/?s={search_term_string}\"},\"query-input\":{\"@type\":\"PropertyValueSpecification\",\"valueRequired\":true,\"valueName\":\"search_term_string\"}}],\"inLanguage\":\"fr-FR\"},{\"@type\":\"Organization\",\"@id\":\"https:\/\/www.ral-c.com\/fr\/#organization\",\"name\":\"RAL Quality Mark Candles\",\"url\":\"https:\/\/www.ral-c.com\/fr\/\",\"logo\":{\"@type\":\"ImageObject\",\"inLanguage\":\"fr-FR\",\"@id\":\"https:\/\/www.ral-c.com\/fr\/#\/schema\/logo\/image\/\",\"url\":\"https:\/\/www.ral-c.com\/wp-content\/uploads\/2024\/08\/ral-website-logo-en.jpg\",\"contentUrl\":\"https:\/\/www.ral-c.com\/wp-content\/uploads\/2024\/08\/ral-website-logo-en.jpg\",\"width\":739,\"height\":1419,\"caption\":\"RAL Quality Mark Candles\"},\"image\":{\"@id\":\"https:\/\/www.ral-c.com\/fr\/#\/schema\/logo\/image\/\"},\"sameAs\":[\"https:\/\/www.facebook.com\/kerzenguete\/\",\"https:\/\/www.instagram.com\/ralqualitymarkcandles\/\"]}]}<\/script>\n<!-- \/ Yoast SEO plugin. -->","yoast_head_json":{"title":"Extrait des sp\u00e9cifications de l'essai RAL-GZ 041\/4 - RAL","robots":{"index":"index","follow":"follow","max-snippet":"max-snippet:-1","max-image-preview":"max-image-preview:large","max-video-preview":"max-video-preview:-1"},"canonical":"https:\/\/www.ral-c.com\/fr\/extrait-des-specifications-de-lessai-ral-gz-041-4\/","og_locale":"fr_FR","og_type":"article","og_title":"Extrait des sp\u00e9cifications de l'essai RAL-GZ 041\/4 - RAL","og_description":"Nous travaillons avec des mati\u00e8res premi\u00e8res dont la qualit\u00e9 est garantie ! Extrait des sp\u00e9cifications d\u2018assurance qualit\u00e9 et d\u2019essai sp\u00e9cifiques aux bougies fun\u00e9raires RAL-GZ 041\/4 4-1 CHAMP D&rsquo;APPLICATION La masse combustible m\u00e9lang\u00e9e uniform\u00e9ment est introduite dans un r\u00e9cipient. Les produits sont destin\u00e9s \u00e0 br\u00fbler \u00e0 l&rsquo;int\u00e9rieur ou \u00e0 l&rsquo;ext\u00e9rieur d&rsquo;une lanterne fun\u00e9raire \u00e0 l&rsquo;air libre, [&hellip;]","og_url":"https:\/\/www.ral-c.com\/fr\/extrait-des-specifications-de-lessai-ral-gz-041-4\/","og_site_name":"RAL","article_publisher":"https:\/\/www.facebook.com\/kerzenguete\/","article_modified_time":"2025-07-03T07:25:57+00:00","og_image":[{"width":845,"height":684,"url":"https:\/\/www.ral-c.com\/wp-content\/uploads\/2024\/05\/grablicht-weiss-deckel.jpg","type":"image\/jpeg"}],"twitter_card":"summary_large_image","twitter_misc":{"Dur\u00e9e de lecture estim\u00e9e":"4 minutes"},"schema":{"@context":"https:\/\/schema.org","@graph":[{"@type":"WebPage","@id":"https:\/\/www.ral-c.com\/fr\/extrait-des-specifications-de-lessai-ral-gz-041-4\/","url":"https:\/\/www.ral-c.com\/fr\/extrait-des-specifications-de-lessai-ral-gz-041-4\/","name":"Extrait des sp\u00e9cifications de l'essai RAL-GZ 041\/4 - RAL","isPartOf":{"@id":"https:\/\/www.ral-c.com\/fr\/#website"},"primaryImageOfPage":{"@id":"https:\/\/www.ral-c.com\/fr\/extrait-des-specifications-de-lessai-ral-gz-041-4\/#primaryimage"},"image":{"@id":"https:\/\/www.ral-c.com\/fr\/extrait-des-specifications-de-lessai-ral-gz-041-4\/#primaryimage"},"thumbnailUrl":"https:\/\/www.ral-c.com\/wp-content\/uploads\/2024\/05\/grablicht-weiss-deckel-300x243.jpg","datePublished":"2024-05-28T14:23:39+00:00","dateModified":"2025-07-03T07:25:57+00:00","breadcrumb":{"@id":"https:\/\/www.ral-c.com\/fr\/extrait-des-specifications-de-lessai-ral-gz-041-4\/#breadcrumb"},"inLanguage":"fr-FR","potentialAction":[{"@type":"ReadAction","target":["https:\/\/www.ral-c.com\/fr\/extrait-des-specifications-de-lessai-ral-gz-041-4\/"]}]},{"@type":"ImageObject","inLanguage":"fr-FR","@id":"https:\/\/www.ral-c.com\/fr\/extrait-des-specifications-de-lessai-ral-gz-041-4\/#primaryimage","url":"https:\/\/www.ral-c.com\/wp-content\/uploads\/2024\/05\/grablicht-weiss-deckel-300x243.jpg","contentUrl":"https:\/\/www.ral-c.com\/wp-content\/uploads\/2024\/05\/grablicht-weiss-deckel-300x243.jpg"},{"@type":"BreadcrumbList","@id":"https:\/\/www.ral-c.com\/fr\/extrait-des-specifications-de-lessai-ral-gz-041-4\/#breadcrumb","itemListElement":[{"@type":"ListItem","position":1,"name":"Home","item":"https:\/\/www.ral-c.com\/fr\/"},{"@type":"ListItem","position":2,"name":"Extrait des sp\u00e9cifications de l&#8217;essai RAL-GZ 041\/4"}]},{"@type":"WebSite","@id":"https:\/\/www.ral-c.com\/fr\/#website","url":"https:\/\/www.ral-c.com\/fr\/","name":"RAL Quality Mark Candles","description":"G\u00fctezeichen f\u00fcr Kerzen","publisher":{"@id":"https:\/\/www.ral-c.com\/fr\/#organization"},"potentialAction":[{"@type":"SearchAction","target":{"@type":"EntryPoint","urlTemplate":"https:\/\/www.ral-c.com\/fr\/?s={search_term_string}"},"query-input":{"@type":"PropertyValueSpecification","valueRequired":true,"valueName":"search_term_string"}}],"inLanguage":"fr-FR"},{"@type":"Organization","@id":"https:\/\/www.ral-c.com\/fr\/#organization","name":"RAL Quality Mark Candles","url":"https:\/\/www.ral-c.com\/fr\/","logo":{"@type":"ImageObject","inLanguage":"fr-FR","@id":"https:\/\/www.ral-c.com\/fr\/#\/schema\/logo\/image\/","url":"https:\/\/www.ral-c.com\/wp-content\/uploads\/2024\/08\/ral-website-logo-en.jpg","contentUrl":"https:\/\/www.ral-c.com\/wp-content\/uploads\/2024\/08\/ral-website-logo-en.jpg","width":739,"height":1419,"caption":"RAL Quality Mark Candles"},"image":{"@id":"https:\/\/www.ral-c.com\/fr\/#\/schema\/logo\/image\/"},"sameAs":["https:\/\/www.facebook.com\/kerzenguete\/","https:\/\/www.instagram.com\/ralqualitymarkcandles\/"]}]}},"_links":{"self":[{"href":"https:\/\/www.ral-c.com\/fr\/wp-json\/wp\/v2\/pages\/3787","targetHints":{"allow":["GET"]}}],"collection":[{"href":"https:\/\/www.ral-c.com\/fr\/wp-json\/wp\/v2\/pages"}],"about":[{"href":"https:\/\/www.ral-c.com\/fr\/wp-json\/wp\/v2\/types\/page"}],"author":[{"embeddable":true,"href":"https:\/\/www.ral-c.com\/fr\/wp-json\/wp\/v2\/users\/2"}],"replies":[{"embeddable":true,"href":"https:\/\/www.ral-c.com\/fr\/wp-json\/wp\/v2\/comments?post=3787"}],"version-history":[{"count":11,"href":"https:\/\/www.ral-c.com\/fr\/wp-json\/wp\/v2\/pages\/3787\/revisions"}],"predecessor-version":[{"id":6099,"href":"https:\/\/www.ral-c.com\/fr\/wp-json\/wp\/v2\/pages\/3787\/revisions\/6099"}],"wp:attachment":[{"href":"https:\/\/www.ral-c.com\/fr\/wp-json\/wp\/v2\/media?parent=3787"}],"curies":[{"name":"wp","href":"https:\/\/api.w.org\/{rel}","templated":true}]}}