{"id":3670,"date":"2024-05-24T12:13:47","date_gmt":"2024-05-24T11:13:47","guid":{"rendered":"https:\/\/ral.komfour-develop.de\/?page_id=3670"},"modified":"2026-02-18T12:56:04","modified_gmt":"2026-02-18T11:56:04","slug":"conditions-de-controle","status":"publish","type":"page","link":"https:\/\/www.ral-c.com\/fr\/conditions-de-controle\/","title":{"rendered":"Conditions de contr\u00f4le"},"content":{"rendered":"\t\t<div data-elementor-type=\"wp-page\" data-elementor-id=\"3670\" class=\"elementor elementor-3670 elementor-937\" data-elementor-post-type=\"page\">\n\t\t\t\t<div class=\"elementor-element elementor-element-1c04d01 e-con-full e-flex e-con e-parent\" data-id=\"1c04d01\" data-element_type=\"container\" data-e-type=\"container\">\n\t\t<div class=\"elementor-element elementor-element-7b8b2fb e-con-full e-flex e-con e-child\" data-id=\"7b8b2fb\" data-element_type=\"container\" data-e-type=\"container\">\n\t\t\t\t<div class=\"elementor-element elementor-element-403a0b5 elementor--h-position-left elementor--v-position-top elementor-hidden-desktop elementor-hidden-tablet elementor-hidden-mobile elementor-arrows-position-inside elementor-pagination-position-inside elementor-widget elementor-widget-slides\" data-id=\"403a0b5\" data-element_type=\"widget\" data-e-type=\"widget\" data-settings=\"{&quot;navigation&quot;:&quot;both&quot;,&quot;autoplay&quot;:&quot;yes&quot;,&quot;pause_on_hover&quot;:&quot;yes&quot;,&quot;pause_on_interaction&quot;:&quot;yes&quot;,&quot;autoplay_speed&quot;:5000,&quot;infinite&quot;:&quot;yes&quot;,&quot;transition&quot;:&quot;slide&quot;,&quot;transition_speed&quot;:500}\" data-widget_type=\"slides.default\">\n\t\t\t\t<div class=\"elementor-widget-container\">\n\t\t\t\t\t\t\t\t\t<div class=\"elementor-swiper\">\n\t\t\t\t\t<div class=\"elementor-slides-wrapper elementor-main-swiper swiper\" role=\"region\" aria-roledescription=\"carousel\" aria-label=\"Slides\" dir=\"ltr\" data-animation=\"fadeInUp\">\n\t\t\t\t<div class=\"swiper-wrapper elementor-slides\">\n\t\t\t\t\t\t\t\t\t\t<div class=\"elementor-repeater-item-07035d2 swiper-slide\" role=\"group\" aria-roledescription=\"slide\"><div class=\"swiper-slide-bg\" role=\"img\" aria-label=\"Kerzen mit RAL-G\u00fctezeichen zertifizierter Qualit\u00e4t\"><\/div><div class=\"swiper-slide-inner\" ><div class=\"swiper-slide-contents\"><div class=\"elementor-slide-heading\">Nous travaillons avec<\/div><div class=\"elementor-slide-description\"><p>des mati\u00e8res premi\u00e8res dont la qualit\u00e9 est garantie !<\/p>\n<\/div><\/div><\/div><\/div>\t\t\t\t<\/div>\n\t\t\t\t\t\t\t<\/div>\n\t\t\t\t<\/div>\n\t\t\t\t\t\t\t\t<\/div>\n\t\t\t\t<\/div>\n\t\t\t\t<\/div>\n\t\t\t\t<\/div>\n\t\t<div class=\"elementor-element elementor-element-e88ffe3 e-flex e-con-boxed e-con e-parent\" data-id=\"e88ffe3\" data-element_type=\"container\" data-e-type=\"container\">\n\t\t\t\t\t<div class=\"e-con-inner\">\n\t\t<div class=\"elementor-element elementor-element-0b3a54e e-con-full e-flex e-con e-child\" data-id=\"0b3a54e\" data-element_type=\"container\" data-e-type=\"container\">\n\t\t\t\t<div class=\"elementor-element elementor-element-a6dbf68 elementor-widget elementor-widget-heading\" data-id=\"a6dbf68\" data-element_type=\"widget\" data-e-type=\"widget\" data-widget_type=\"heading.default\">\n\t\t\t\t<div class=\"elementor-widget-container\">\n\t\t\t\t\t<h1 class=\"elementor-heading-title elementor-size-default\">DISPOSITIONS G\u00c9N\u00c9RALES DE QUALIT\u00c9 ET D'ESSAI POUR LES BOUGIES- RAL-GZ 041<\/h1>\t\t\t\t<\/div>\n\t\t\t\t<\/div>\n\t\t\t\t<div class=\"elementor-element elementor-element-86fbce5 elementor-widget elementor-widget-text-editor\" data-id=\"86fbce5\" data-element_type=\"widget\" data-e-type=\"widget\" data-widget_type=\"text-editor.default\">\n\t\t\t\t<div class=\"elementor-widget-container\">\n\t\t\t\t\t\t\t\t\t<p>T\u00e9l\u00e9chargez <a href=\"https:\/\/www.ral-c.com\/wp-content\/uploads\/2025\/02\/RAL-GZ-041-EN-Edition-July-2020.pdf\">ici <\/a>les textes complets RAL-GZ 041 et suivants au format PDF.<\/p>\t\t\t\t\t\t\t\t<\/div>\n\t\t\t\t<\/div>\n\t\t\t\t<\/div>\n\t\t<div class=\"elementor-element elementor-element-7c7e6bd e-con-full e-flex e-con e-child\" data-id=\"7c7e6bd\" data-element_type=\"container\" data-e-type=\"container\">\n\t\t<div class=\"elementor-element elementor-element-39a0b20 e-con-full e-grid e-con e-child\" data-id=\"39a0b20\" data-element_type=\"container\" data-e-type=\"container\">\n\t\t\t\t<div class=\"elementor-element elementor-element-9f366da elementor-widget elementor-widget-button\" data-id=\"9f366da\" data-element_type=\"widget\" data-e-type=\"widget\" data-widget_type=\"button.default\">\n\t\t\t\t<div class=\"elementor-widget-container\">\n\t\t\t\t\t\t\t\t\t<div class=\"elementor-button-wrapper\">\n\t\t\t\t\t<a class=\"elementor-button elementor-button-link elementor-size-sm\" href=\"https:\/\/www.ral-c.com\/wp-content\/uploads\/2025\/12\/RAL-GZ-041-EN-Supplement-sootfree-Dec-2025_Edit-2020_12_2025.pdf\" target=\"_blank\">\n\t\t\t\t\t\t<span class=\"elementor-button-content-wrapper\">\n\t\t\t\t\t\t\t\t\t<span class=\"elementor-button-text\">T\u00e9l\u00e9chargement<\/span>\n\t\t\t\t\t<\/span>\n\t\t\t\t\t<\/a>\n\t\t\t\t<\/div>\n\t\t\t\t\t\t\t\t<\/div>\n\t\t\t\t<\/div>\n\t\t\t\t<div class=\"elementor-element elementor-element-1d099f9 elementor-widget elementor-widget-button\" data-id=\"1d099f9\" data-element_type=\"widget\" data-e-type=\"widget\" data-widget_type=\"button.default\">\n\t\t\t\t<div class=\"elementor-widget-container\">\n\t\t\t\t\t\t\t\t\t<div class=\"elementor-button-wrapper\">\n\t\t\t\t\t<a class=\"elementor-button elementor-button-link elementor-size-sm\" href=\"https:\/\/www.ral.de\/guetezeichen-von-a-z\/guetezeichen-uebersicht\/gz-041\/\" target=\"_blank\">\n\t\t\t\t\t\t<span class=\"elementor-button-content-wrapper\">\n\t\t\t\t\t\t\t\t\t<span class=\"elementor-button-text\">Consultez l'assurance qualit\u00e9 sur le site Web de RAL<\/span>\n\t\t\t\t\t<\/span>\n\t\t\t\t\t<\/a>\n\t\t\t\t<\/div>\n\t\t\t\t\t\t\t\t<\/div>\n\t\t\t\t<\/div>\n\t\t\t\t<\/div>\n\t\t\t\t<\/div>\n\t\t\t\t\t<\/div>\n\t\t\t\t<\/div>\n\t\t<div class=\"elementor-element elementor-element-f7ee343 e-grid e-con-boxed e-con e-parent\" data-id=\"f7ee343\" data-element_type=\"container\" data-e-type=\"container\" data-settings=\"{&quot;background_background&quot;:&quot;classic&quot;,&quot;animation&quot;:&quot;none&quot;}\">\n\t\t\t\t\t<div class=\"e-con-inner\">\n\t\t\t\t<div class=\"elementor-element elementor-element-96127a9 animated-fast elementor-invisible elementor-widget elementor-widget-heading\" data-id=\"96127a9\" data-element_type=\"widget\" data-e-type=\"widget\" data-settings=\"{&quot;_animation&quot;:&quot;zoomIn&quot;}\" data-widget_type=\"heading.default\">\n\t\t\t\t<div class=\"elementor-widget-container\">\n\t\t\t\t\t<h2 class=\"elementor-heading-title elementor-size-default\"><a href=\"https:\/\/www.ral-c.com\/de\/pruefbestimmungen-auszug-ral-gz-041\/\">Extrait : Dispositions g\u00e9n\u00e9rales de qualit\u00e9 et de contr\u00f4le pour les bougies RAL-GZ 041<\/a><\/h2>\t\t\t\t<\/div>\n\t\t\t\t<\/div>\n\t\t\t\t<div class=\"elementor-element elementor-element-27fa9d7 animated-fast elementor-invisible elementor-widget elementor-widget-heading\" data-id=\"27fa9d7\" data-element_type=\"widget\" data-e-type=\"widget\" data-settings=\"{&quot;_animation&quot;:&quot;zoomIn&quot;,&quot;_animation_delay&quot;:150}\" data-widget_type=\"heading.default\">\n\t\t\t\t<div class=\"elementor-widget-container\">\n\t\t\t\t\t<h2 class=\"elementor-heading-title elementor-size-default\"><a href=\"https:\/\/www.ral-c.com\/de\/pruefbestimmungen-auszug-ral-gz-041-1\/\">Extrait : Dispositions particuli\u00e8res de qualit\u00e9 et de contr\u00f4le pour les bougies de m\u00e9nage, les bougies pointues, les bougies \u00e0 tige et autres bougies RAL-GZ 041\/1<\/a><\/h2>\t\t\t\t<\/div>\n\t\t\t\t<\/div>\n\t\t\t\t<div class=\"elementor-element elementor-element-40ac301 animated-fast elementor-invisible elementor-widget elementor-widget-heading\" data-id=\"40ac301\" data-element_type=\"widget\" data-e-type=\"widget\" data-settings=\"{&quot;_animation&quot;:&quot;zoomIn&quot;,&quot;_animation_delay&quot;:300}\" data-widget_type=\"heading.default\">\n\t\t\t\t<div class=\"elementor-widget-container\">\n\t\t\t\t\t<h2 class=\"elementor-heading-title elementor-size-default\"><a href=\"https:\/\/www.ral-c.com\/de\/pruefbestimmungen-auszug-ral-gz-041-2\/\">Extrait : Dispositions particuli\u00e8res de qualit\u00e9 et de contr\u00f4le pour les luminaires \u00e0 l'int\u00e9rieur RAL-GZ 041\/2<\/a><\/h2>\t\t\t\t<\/div>\n\t\t\t\t<\/div>\n\t\t\t\t<div class=\"elementor-element elementor-element-ec84b3a animated-fast elementor-invisible elementor-widget elementor-widget-heading\" data-id=\"ec84b3a\" data-element_type=\"widget\" data-e-type=\"widget\" data-settings=\"{&quot;_animation&quot;:&quot;zoomIn&quot;,&quot;_animation_delay&quot;:450}\" data-widget_type=\"heading.default\">\n\t\t\t\t<div class=\"elementor-widget-container\">\n\t\t\t\t\t<h2 class=\"elementor-heading-title elementor-size-default\"><a href=\"https:\/\/www.ral-c.com\/de\/pruefbestimmungen-auszug-ral-gz-041-3\/\">Extrait : Dispositions particuli\u00e8res de qualit\u00e9 et de contr\u00f4le pour les bougies chauffe-plat RAL-GZ 041\/3<\/a><\/h2>\t\t\t\t<\/div>\n\t\t\t\t<\/div>\n\t\t\t\t<div class=\"elementor-element elementor-element-efaef27 animated-fast elementor-invisible elementor-widget elementor-widget-heading\" data-id=\"efaef27\" data-element_type=\"widget\" data-e-type=\"widget\" data-settings=\"{&quot;_animation&quot;:&quot;zoomIn&quot;,&quot;_animation_delay&quot;:600}\" data-widget_type=\"heading.default\">\n\t\t\t\t<div class=\"elementor-widget-container\">\n\t\t\t\t\t<h2 class=\"elementor-heading-title elementor-size-default\"><a href=\"https:\/\/www.ral-c.com\/de\/pruefbestimmungen-auszug-ral-gz-041-4\/\">Extrait : Dispositions particuli\u00e8res de qualit\u00e9 et de contr\u00f4le pour les bougies fun\u00e9raires RAL-GZ 041\/4<\/a><\/h2>\t\t\t\t<\/div>\n\t\t\t\t<\/div>\n\t\t\t\t<div class=\"elementor-element elementor-element-0c1751c animated-fast elementor-invisible elementor-widget elementor-widget-heading\" data-id=\"0c1751c\" data-element_type=\"widget\" data-e-type=\"widget\" data-settings=\"{&quot;_animation&quot;:&quot;zoomIn&quot;,&quot;_animation_delay&quot;:750}\" data-widget_type=\"heading.default\">\n\t\t\t\t<div class=\"elementor-widget-container\">\n\t\t\t\t\t<h2 class=\"elementor-heading-title elementor-size-default\"><a href=\"https:\/\/www.ral-c.com\/de\/pruefbestimmungen-auszug\/\">Extrait : Exigences relatives aux mati\u00e8res premi\u00e8res et auxiliaires pour la protection de la sant\u00e9<\/a><\/h2>\t\t\t\t<\/div>\n\t\t\t\t<\/div>\n\t\t\t\t\t<\/div>\n\t\t\t\t<\/div>\n\t\t\t\t<\/div>\n\t\t","protected":false},"excerpt":{"rendered":"<p>Nous travaillons avec des mati\u00e8res premi\u00e8res dont la qualit\u00e9 est garantie ! DISPOSITIONS G\u00c9N\u00c9RALES DE QUALIT\u00c9 ET D&rsquo;ESSAI POUR LES BOUGIES- RAL-GZ 041 T\u00e9l\u00e9chargez ici les textes complets RAL-GZ 041 et suivants au format PDF. T\u00e9l\u00e9chargement Consultez l&rsquo;assurance qualit\u00e9 sur le site Web de RAL Extrait : Dispositions g\u00e9n\u00e9rales de qualit\u00e9 et de contr\u00f4le pour [&hellip;]<\/p>\n","protected":false},"author":2,"featured_media":0,"parent":0,"menu_order":0,"comment_status":"closed","ping_status":"closed","template":"elementor_header_footer","meta":{"footnotes":""},"class_list":["post-3670","page","type-page","status-publish","hentry"],"acf":[],"yoast_head":"<!-- This site is optimized with the Yoast SEO plugin v27.2 - https:\/\/yoast.com\/product\/yoast-seo-wordpress\/ -->\n<title>Conditions de contr\u00f4le - RAL<\/title>\n<meta name=\"robots\" content=\"index, follow, max-snippet:-1, max-image-preview:large, max-video-preview:-1\" \/>\n<link rel=\"canonical\" href=\"https:\/\/www.ral-c.com\/fr\/conditions-de-controle\/\" \/>\n<meta property=\"og:locale\" content=\"fr_FR\" \/>\n<meta property=\"og:type\" content=\"article\" \/>\n<meta property=\"og:title\" content=\"Conditions de contr\u00f4le - RAL\" \/>\n<meta property=\"og:description\" content=\"Nous travaillons avec des mati\u00e8res premi\u00e8res dont la qualit\u00e9 est garantie ! DISPOSITIONS G\u00c9N\u00c9RALES DE QUALIT\u00c9 ET D&rsquo;ESSAI POUR LES BOUGIES- RAL-GZ 041 T\u00e9l\u00e9chargez ici les textes complets RAL-GZ 041 et suivants au format PDF. T\u00e9l\u00e9chargement Consultez l&rsquo;assurance qualit\u00e9 sur le site Web de RAL Extrait : Dispositions g\u00e9n\u00e9rales de qualit\u00e9 et de contr\u00f4le pour [&hellip;]\" \/>\n<meta property=\"og:url\" content=\"https:\/\/www.ral-c.com\/fr\/conditions-de-controle\/\" \/>\n<meta property=\"og:site_name\" content=\"RAL\" \/>\n<meta property=\"article:publisher\" content=\"https:\/\/www.facebook.com\/kerzenguete\/\" \/>\n<meta property=\"article:modified_time\" content=\"2026-02-18T11:56:04+00:00\" \/>\n<meta name=\"twitter:card\" content=\"summary_large_image\" \/>\n<meta name=\"twitter:label1\" content=\"Dur\u00e9e de lecture estim\u00e9e\" \/>\n\t<meta name=\"twitter:data1\" content=\"1 minute\" \/>\n<script type=\"application\/ld+json\" class=\"yoast-schema-graph\">{\"@context\":\"https:\/\/schema.org\",\"@graph\":[{\"@type\":\"WebPage\",\"@id\":\"https:\/\/www.ral-c.com\/fr\/conditions-de-controle\/\",\"url\":\"https:\/\/www.ral-c.com\/fr\/conditions-de-controle\/\",\"name\":\"Conditions de contr\u00f4le - RAL\",\"isPartOf\":{\"@id\":\"https:\/\/www.ral-c.com\/fr\/#website\"},\"datePublished\":\"2024-05-24T11:13:47+00:00\",\"dateModified\":\"2026-02-18T11:56:04+00:00\",\"breadcrumb\":{\"@id\":\"https:\/\/www.ral-c.com\/fr\/conditions-de-controle\/#breadcrumb\"},\"inLanguage\":\"fr-FR\",\"potentialAction\":[{\"@type\":\"ReadAction\",\"target\":[\"https:\/\/www.ral-c.com\/fr\/conditions-de-controle\/\"]}]},{\"@type\":\"BreadcrumbList\",\"@id\":\"https:\/\/www.ral-c.com\/fr\/conditions-de-controle\/#breadcrumb\",\"itemListElement\":[{\"@type\":\"ListItem\",\"position\":1,\"name\":\"Home\",\"item\":\"https:\/\/www.ral-c.com\/fr\/\"},{\"@type\":\"ListItem\",\"position\":2,\"name\":\"Conditions de contr\u00f4le\"}]},{\"@type\":\"WebSite\",\"@id\":\"https:\/\/www.ral-c.com\/fr\/#website\",\"url\":\"https:\/\/www.ral-c.com\/fr\/\",\"name\":\"RAL Quality Mark Candles\",\"description\":\"G\u00fctezeichen f\u00fcr Kerzen\",\"publisher\":{\"@id\":\"https:\/\/www.ral-c.com\/fr\/#organization\"},\"potentialAction\":[{\"@type\":\"SearchAction\",\"target\":{\"@type\":\"EntryPoint\",\"urlTemplate\":\"https:\/\/www.ral-c.com\/fr\/?s={search_term_string}\"},\"query-input\":{\"@type\":\"PropertyValueSpecification\",\"valueRequired\":true,\"valueName\":\"search_term_string\"}}],\"inLanguage\":\"fr-FR\"},{\"@type\":\"Organization\",\"@id\":\"https:\/\/www.ral-c.com\/fr\/#organization\",\"name\":\"RAL Quality Mark Candles\",\"url\":\"https:\/\/www.ral-c.com\/fr\/\",\"logo\":{\"@type\":\"ImageObject\",\"inLanguage\":\"fr-FR\",\"@id\":\"https:\/\/www.ral-c.com\/fr\/#\/schema\/logo\/image\/\",\"url\":\"https:\/\/www.ral-c.com\/wp-content\/uploads\/2024\/08\/ral-website-logo-en.jpg\",\"contentUrl\":\"https:\/\/www.ral-c.com\/wp-content\/uploads\/2024\/08\/ral-website-logo-en.jpg\",\"width\":739,\"height\":1419,\"caption\":\"RAL Quality Mark Candles\"},\"image\":{\"@id\":\"https:\/\/www.ral-c.com\/fr\/#\/schema\/logo\/image\/\"},\"sameAs\":[\"https:\/\/www.facebook.com\/kerzenguete\/\",\"https:\/\/www.instagram.com\/ralqualitymarkcandles\/\"]}]}<\/script>\n<!-- \/ Yoast SEO plugin. -->","yoast_head_json":{"title":"Conditions de contr\u00f4le - RAL","robots":{"index":"index","follow":"follow","max-snippet":"max-snippet:-1","max-image-preview":"max-image-preview:large","max-video-preview":"max-video-preview:-1"},"canonical":"https:\/\/www.ral-c.com\/fr\/conditions-de-controle\/","og_locale":"fr_FR","og_type":"article","og_title":"Conditions de contr\u00f4le - RAL","og_description":"Nous travaillons avec des mati\u00e8res premi\u00e8res dont la qualit\u00e9 est garantie ! DISPOSITIONS G\u00c9N\u00c9RALES DE QUALIT\u00c9 ET D&rsquo;ESSAI POUR LES BOUGIES- RAL-GZ 041 T\u00e9l\u00e9chargez ici les textes complets RAL-GZ 041 et suivants au format PDF. T\u00e9l\u00e9chargement Consultez l&rsquo;assurance qualit\u00e9 sur le site Web de RAL Extrait : Dispositions g\u00e9n\u00e9rales de qualit\u00e9 et de contr\u00f4le pour [&hellip;]","og_url":"https:\/\/www.ral-c.com\/fr\/conditions-de-controle\/","og_site_name":"RAL","article_publisher":"https:\/\/www.facebook.com\/kerzenguete\/","article_modified_time":"2026-02-18T11:56:04+00:00","twitter_card":"summary_large_image","twitter_misc":{"Dur\u00e9e de lecture estim\u00e9e":"1 minute"},"schema":{"@context":"https:\/\/schema.org","@graph":[{"@type":"WebPage","@id":"https:\/\/www.ral-c.com\/fr\/conditions-de-controle\/","url":"https:\/\/www.ral-c.com\/fr\/conditions-de-controle\/","name":"Conditions de contr\u00f4le - RAL","isPartOf":{"@id":"https:\/\/www.ral-c.com\/fr\/#website"},"datePublished":"2024-05-24T11:13:47+00:00","dateModified":"2026-02-18T11:56:04+00:00","breadcrumb":{"@id":"https:\/\/www.ral-c.com\/fr\/conditions-de-controle\/#breadcrumb"},"inLanguage":"fr-FR","potentialAction":[{"@type":"ReadAction","target":["https:\/\/www.ral-c.com\/fr\/conditions-de-controle\/"]}]},{"@type":"BreadcrumbList","@id":"https:\/\/www.ral-c.com\/fr\/conditions-de-controle\/#breadcrumb","itemListElement":[{"@type":"ListItem","position":1,"name":"Home","item":"https:\/\/www.ral-c.com\/fr\/"},{"@type":"ListItem","position":2,"name":"Conditions de contr\u00f4le"}]},{"@type":"WebSite","@id":"https:\/\/www.ral-c.com\/fr\/#website","url":"https:\/\/www.ral-c.com\/fr\/","name":"RAL Quality Mark Candles","description":"G\u00fctezeichen f\u00fcr Kerzen","publisher":{"@id":"https:\/\/www.ral-c.com\/fr\/#organization"},"potentialAction":[{"@type":"SearchAction","target":{"@type":"EntryPoint","urlTemplate":"https:\/\/www.ral-c.com\/fr\/?s={search_term_string}"},"query-input":{"@type":"PropertyValueSpecification","valueRequired":true,"valueName":"search_term_string"}}],"inLanguage":"fr-FR"},{"@type":"Organization","@id":"https:\/\/www.ral-c.com\/fr\/#organization","name":"RAL Quality Mark Candles","url":"https:\/\/www.ral-c.com\/fr\/","logo":{"@type":"ImageObject","inLanguage":"fr-FR","@id":"https:\/\/www.ral-c.com\/fr\/#\/schema\/logo\/image\/","url":"https:\/\/www.ral-c.com\/wp-content\/uploads\/2024\/08\/ral-website-logo-en.jpg","contentUrl":"https:\/\/www.ral-c.com\/wp-content\/uploads\/2024\/08\/ral-website-logo-en.jpg","width":739,"height":1419,"caption":"RAL Quality Mark Candles"},"image":{"@id":"https:\/\/www.ral-c.com\/fr\/#\/schema\/logo\/image\/"},"sameAs":["https:\/\/www.facebook.com\/kerzenguete\/","https:\/\/www.instagram.com\/ralqualitymarkcandles\/"]}]}},"_links":{"self":[{"href":"https:\/\/www.ral-c.com\/fr\/wp-json\/wp\/v2\/pages\/3670","targetHints":{"allow":["GET"]}}],"collection":[{"href":"https:\/\/www.ral-c.com\/fr\/wp-json\/wp\/v2\/pages"}],"about":[{"href":"https:\/\/www.ral-c.com\/fr\/wp-json\/wp\/v2\/types\/page"}],"author":[{"embeddable":true,"href":"https:\/\/www.ral-c.com\/fr\/wp-json\/wp\/v2\/users\/2"}],"replies":[{"embeddable":true,"href":"https:\/\/www.ral-c.com\/fr\/wp-json\/wp\/v2\/comments?post=3670"}],"version-history":[{"count":16,"href":"https:\/\/www.ral-c.com\/fr\/wp-json\/wp\/v2\/pages\/3670\/revisions"}],"predecessor-version":[{"id":8003,"href":"https:\/\/www.ral-c.com\/fr\/wp-json\/wp\/v2\/pages\/3670\/revisions\/8003"}],"wp:attachment":[{"href":"https:\/\/www.ral-c.com\/fr\/wp-json\/wp\/v2\/media?parent=3670"}],"curies":[{"name":"wp","href":"https:\/\/api.w.org\/{rel}","templated":true}]}}