{"id":3657,"date":"2024-06-05T14:07:08","date_gmt":"2024-06-05T14:07:08","guid":{"rendered":"https:\/\/ral.komfour-develop.de\/?page_id=3657"},"modified":"2025-07-03T07:12:52","modified_gmt":"2025-07-03T07:12:52","slug":"badania","status":"publish","type":"page","link":"https:\/\/www.ral-c.com\/fr\/badania\/","title":{"rendered":"Recherche"},"content":{"rendered":"\t\t<div data-elementor-type=\"wp-page\" data-elementor-id=\"3657\" class=\"elementor elementor-3657 elementor-2099\" data-elementor-post-type=\"page\">\n\t\t\t\t<div class=\"elementor-element elementor-element-4f6b760 e-con-full elementor-hidden-mobile e-flex e-con e-parent\" data-id=\"4f6b760\" data-element_type=\"container\" data-e-type=\"container\">\n\t\t<div class=\"elementor-element elementor-element-ad3329a e-con-full e-flex e-con e-child\" data-id=\"ad3329a\" data-element_type=\"container\" data-e-type=\"container\">\n\t\t\t\t<div class=\"elementor-element elementor-element-07d2e9c elementor--h-position-left elementor--v-position-top elementor-arrows-position-inside elementor-pagination-position-inside elementor-widget elementor-widget-slides\" data-id=\"07d2e9c\" data-element_type=\"widget\" data-e-type=\"widget\" data-settings=\"{&quot;navigation&quot;:&quot;both&quot;,&quot;autoplay&quot;:&quot;yes&quot;,&quot;pause_on_hover&quot;:&quot;yes&quot;,&quot;pause_on_interaction&quot;:&quot;yes&quot;,&quot;autoplay_speed&quot;:5000,&quot;infinite&quot;:&quot;yes&quot;,&quot;transition&quot;:&quot;slide&quot;,&quot;transition_speed&quot;:500}\" data-widget_type=\"slides.default\">\n\t\t\t\t<div class=\"elementor-widget-container\">\n\t\t\t\t\t\t\t\t\t<div class=\"elementor-swiper\">\n\t\t\t\t\t<div class=\"elementor-slides-wrapper elementor-main-swiper swiper\" role=\"region\" aria-roledescription=\"carousel\" aria-label=\"Diapositives\" dir=\"ltr\" data-animation=\"fadeInUp\">\n\t\t\t\t<div class=\"swiper-wrapper elementor-slides\">\n\t\t\t\t\t\t\t\t\t\t<div class=\"elementor-repeater-item-07035d2 swiper-slide\" role=\"group\" aria-roledescription=\"slide\"><div class=\"swiper-slide-bg\" role=\"img\" aria-label=\"Kerzen mit RAL-G\u00fctezeichen zertifizierter Qualit\u00e4t\"><\/div><div class=\"swiper-slide-inner\" ><div class=\"swiper-slide-contents\"><div class=\"elementor-slide-heading\">Nous travaillons avec<\/div><div class=\"elementor-slide-description\"><p>des mati\u00e8res premi\u00e8res dont la qualit\u00e9 est garantie !<\/p>\n<\/div><\/div><\/div><\/div>\t\t\t\t<\/div>\n\t\t\t\t\t\t\t<\/div>\n\t\t\t\t<\/div>\n\t\t\t\t\t\t\t\t<\/div>\n\t\t\t\t<\/div>\n\t\t\t\t<\/div>\n\t\t\t\t<\/div>\n\t\t<div class=\"elementor-element elementor-element-c5027aa e-con-full elementor-hidden-desktop elementor-hidden-tablet e-flex e-con e-parent\" data-id=\"c5027aa\" data-element_type=\"container\" data-e-type=\"container\">\n\t\t<div class=\"elementor-element elementor-element-50c1fb6 e-con-full e-flex e-con e-child\" data-id=\"50c1fb6\" data-element_type=\"container\" data-e-type=\"container\">\n\t\t\t\t<div class=\"elementor-element elementor-element-bb849e5 elementor--h-position-left elementor--v-position-top elementor-arrows-position-inside elementor-pagination-position-inside elementor-widget elementor-widget-slides\" data-id=\"bb849e5\" data-element_type=\"widget\" data-e-type=\"widget\" data-settings=\"{&quot;navigation&quot;:&quot;both&quot;,&quot;autoplay&quot;:&quot;yes&quot;,&quot;pause_on_hover&quot;:&quot;yes&quot;,&quot;pause_on_interaction&quot;:&quot;yes&quot;,&quot;autoplay_speed&quot;:5000,&quot;infinite&quot;:&quot;yes&quot;,&quot;transition&quot;:&quot;slide&quot;,&quot;transition_speed&quot;:500}\" data-widget_type=\"slides.default\">\n\t\t\t\t<div class=\"elementor-widget-container\">\n\t\t\t\t\t\t\t\t\t<div class=\"elementor-swiper\">\n\t\t\t\t\t<div class=\"elementor-slides-wrapper elementor-main-swiper swiper\" role=\"region\" aria-roledescription=\"carousel\" aria-label=\"Diapositives\" dir=\"ltr\" data-animation=\"fadeInUp\">\n\t\t\t\t<div class=\"swiper-wrapper elementor-slides\">\n\t\t\t\t\t\t\t\t\t\t<div class=\"elementor-repeater-item-07035d2 swiper-slide\" role=\"group\" aria-roledescription=\"slide\"><div class=\"swiper-slide-bg\" role=\"img\" aria-label=\"Kerzen mit RAL-G\u00fctezeichen zertifizierter Qualit\u00e4t\"><\/div><div class=\"swiper-slide-inner\" ><div class=\"swiper-slide-contents\"><div class=\"elementor-slide-heading\">Nous travaillons avec<\/div><div class=\"elementor-slide-description\"><p>des mati\u00e8res premi\u00e8res dont la qualit\u00e9 est garantie !<\/p>\n<\/div><\/div><\/div><\/div>\t\t\t\t<\/div>\n\t\t\t\t\t\t\t<\/div>\n\t\t\t\t<\/div>\n\t\t\t\t\t\t\t\t<\/div>\n\t\t\t\t<\/div>\n\t\t\t\t<\/div>\n\t\t\t\t<\/div>\n\t\t<div class=\"elementor-element elementor-element-69d6e15 e-flex e-con-boxed e-con e-parent\" data-id=\"69d6e15\" data-element_type=\"container\" data-e-type=\"container\">\n\t\t\t\t\t<div class=\"e-con-inner\">\n\t\t<div class=\"elementor-element elementor-element-daf3822 e-con-full e-flex e-con e-child\" data-id=\"daf3822\" data-element_type=\"container\" data-e-type=\"container\">\n\t\t\t\t<div class=\"elementor-element elementor-element-d4a1a2c elementor-widget elementor-widget-heading\" data-id=\"d4a1a2c\" data-element_type=\"widget\" data-e-type=\"widget\" data-widget_type=\"heading.default\">\n\t\t\t\t<div class=\"elementor-widget-container\">\n\t\t\t\t\t<h1 class=\"elementor-heading-title elementor-size-default\">RECHERCHE ET SCIENCE<\/h1>\t\t\t\t<\/div>\n\t\t\t\t<\/div>\n\t\t\t\t<div class=\"elementor-element elementor-element-ab44ff5 elementor-widget elementor-widget-text-editor\" data-id=\"ab44ff5\" data-element_type=\"widget\" data-e-type=\"widget\" data-widget_type=\"text-editor.default\">\n\t\t\t\t<div class=\"elementor-widget-container\">\n\t\t\t\t\t\t\t\t\t<p><\/p>\n<p>Vous trouverez ci-dessous tous les travaux pertinents sur les ingr\u00e9dients, les risques \u00e9ventuels pour la sant\u00e9 et les m\u00e9thodes de test.<\/p>\t\t\t\t\t\t\t\t<\/div>\n\t\t\t\t<\/div>\n\t\t\t\t<div class=\"elementor-element elementor-element-4b50a6f elementor-widget elementor-widget-timeline-widget-addon\" data-id=\"4b50a6f\" data-element_type=\"widget\" data-e-type=\"widget\" data-widget_type=\"timeline-widget-addon.default\">\n\t\t\t\t<div class=\"elementor-widget-container\">\n\t\t\t\t\t<!-- ========= Timeline Widget Addon For Elementor 1.6.23 ========= -->\n<div id=\"twae-wrapper-4b50a6f\" class=\"twae-vertical twae-wrapper  twae-both-sided\">   \n    <div class=\"twae-start\"><\/div>    \n    <div id=\"twea-timeline-4b50a6f\" class=\"twae-timeline\" ><!-- Start of Story Repeater Content --><div id=\"story-80a0a0f\" class=\"twae-story twae-repeater-item twae-story-right twae-story-no-icon\"><!-- Story Label --><div class=\"twae-labels\"><div class=\"twae-label-big\">2019<\/div><\/div><!-- Story Icon --><div class=\"twae-icon\"><svg aria-hidden=\"true\" class=\"e-font-icon-svg e-far-clock\" viewBox=\"0 0 512 512\" xmlns=\"http:\/\/www.w3.org\/2000\/svg\"><path d=\"M256 8C119 8 8 119 8 256s111 248 248 248 248-111 248-248S393 8 256 8zm0 448c-110.5 0-200-89.5-200-200S145.5 56 256 56s200 89.5 200 200-89.5 200-200 200zm61.8-104.4l-84.9-61.7c-3.1-2.3-4.9-5.9-4.9-9.7V116c0-6.6 5.4-12 12-12h32c6.6 0 12 5.4 12 12v141.7l66.8 48.6c5.4 3.9 6.5 11.4 2.6 16.8L334.6 349c-3.9 5.3-11.4 6.5-16.8 2.6z\"><\/path><\/svg><\/div><!-- Story Arrow --><div class=\"twae-arrow\"><\/div><!-- Start of Story Content --><div class=\"twae-content\"><!-- Story Title --><div class=\"twae-title\">Nouvelles connaissances sur les poussi\u00e8res fines \u00e9mises par les bougies<\/div><!-- Story Description --><div class=\"twae-description\"><p>Rapport de l'ECA European Candle Association.<\/p>\n<\/div><\/div><\/div><!-- Start of Story Repeater Content --><div id=\"story-64fef7b\" class=\"twae-story twae-repeater-item twae-story-left twae-story-no-icon\"><!-- Story Label --><div class=\"twae-labels\"><div class=\"twae-label-big\">2014<\/div><\/div><!-- Story Icon --><div class=\"twae-icon\"><svg aria-hidden=\"true\" class=\"e-font-icon-svg e-far-clock\" viewBox=\"0 0 512 512\" xmlns=\"http:\/\/www.w3.org\/2000\/svg\"><path d=\"M256 8C119 8 8 119 8 256s111 248 248 248 248-111 248-248S393 8 256 8zm0 448c-110.5 0-200-89.5-200-200S145.5 56 256 56s200 89.5 200 200-89.5 200-200 200zm61.8-104.4l-84.9-61.7c-3.1-2.3-4.9-5.9-4.9-9.7V116c0-6.6 5.4-12 12-12h32c6.6 0 12 5.4 12 12v141.7l66.8 48.6c5.4 3.9 6.5 11.4 2.6 16.8L334.6 349c-3.9 5.3-11.4 6.5-16.8 2.6z\"><\/path><\/svg><\/div><!-- Story Arrow --><div class=\"twae-arrow\"><\/div><!-- Start of Story Content --><div class=\"twae-content\"><!-- Story Title --><div class=\"twae-title\">Qualit\u00e9 des bougies et comportement de combustion<\/div><!-- Story Description --><div class=\"twae-description\"><p>Conf\u00e9rence de DEKRA, Volker Albrecht, 07.05.2014<\/p>\n<p><a href=\"https:\/\/www.ral-c.com\/wp-content\/uploads\/2024\/06\/Vortrag_DEKRA_Kerzenqualitaet_Abbrandverhalten.pdf\">En savoir plus<\/a><\/p>\n<\/div><\/div><\/div><!-- Start of Story Repeater Content --><div id=\"story-f1b69ef\" class=\"twae-story twae-repeater-item twae-story-right twae-story-no-icon\"><!-- Story Label --><div class=\"twae-labels\"><div class=\"twae-label-big\">2010<\/div><\/div><!-- Story Icon --><div class=\"twae-icon\"><svg aria-hidden=\"true\" class=\"e-font-icon-svg e-far-clock\" viewBox=\"0 0 512 512\" xmlns=\"http:\/\/www.w3.org\/2000\/svg\"><path d=\"M256 8C119 8 8 119 8 256s111 248 248 248 248-111 248-248S393 8 256 8zm0 448c-110.5 0-200-89.5-200-200S145.5 56 256 56s200 89.5 200 200-89.5 200-200 200zm61.8-104.4l-84.9-61.7c-3.1-2.3-4.9-5.9-4.9-9.7V116c0-6.6 5.4-12 12-12h32c6.6 0 12 5.4 12 12v141.7l66.8 48.6c5.4 3.9 6.5 11.4 2.6 16.8L334.6 349c-3.9 5.3-11.4 6.5-16.8 2.6z\"><\/path><\/svg><\/div><!-- Story Arrow --><div class=\"twae-arrow\"><\/div><!-- Start of Story Content --><div class=\"twae-content\"><!-- Story Title --><div class=\"twae-title\">Matth\u00e4i Gutberlet Feller Schimmelpfennig St\u00fcbiger - Mesures de l'intensit\u00e9 lumineuse de bougies de composition diff\u00e9rente<\/div><!-- Story Description --><div class=\"twae-description\"><p>L'objectif de ces recherches \u00e9tait de d\u00e9terminer l'intensit\u00e9 lumineuse de bougies fabriqu\u00e9es \u00e0 partir de paraffine, de cire d'abeille, de graisse et de st\u00e9arine. Afin d'obtenir une information sur l'efficacit\u00e9 de la combustion de ces diff\u00e9rentes mati\u00e8res premi\u00e8res pour bougies, un dispositif de mesure a \u00e9t\u00e9 mis au point, qui permet de d\u00e9terminer simultan\u00e9ment la consommation de cire et l'intensit\u00e9 lumineuse. Le rapport (intensit\u00e9 lumineuse\/consommation de cire) entre ces deux grandeurs permet d'obtenir une mesure de l'efficacit\u00e9 de la transformation de l'\u00e9nergie chimique en lumi\u00e8re.  <\/p>\n<p><a href=\"https:\/\/www.ral-c.com\/wp-content\/uploads\/2024\/06\/Matthaei_Gutberlet_2010_Lichtstaerke_von_Kerzen.pdf\">En savoir plus<\/a><\/p>\n<\/div><\/div><\/div><!-- Start of Story Repeater Content --><div id=\"story-a3b56c0\" class=\"twae-story twae-repeater-item twae-story-left twae-story-no-icon\"><!-- Story Label --><div class=\"twae-labels\"><div class=\"twae-label-big\">2007<\/div><\/div><!-- Story Icon --><div class=\"twae-icon\"><svg aria-hidden=\"true\" class=\"e-font-icon-svg e-far-clock\" viewBox=\"0 0 512 512\" xmlns=\"http:\/\/www.w3.org\/2000\/svg\"><path d=\"M256 8C119 8 8 119 8 256s111 248 248 248 248-111 248-248S393 8 256 8zm0 448c-110.5 0-200-89.5-200-200S145.5 56 256 56s200 89.5 200 200-89.5 200-200 200zm61.8-104.4l-84.9-61.7c-3.1-2.3-4.9-5.9-4.9-9.7V116c0-6.6 5.4-12 12-12h32c6.6 0 12 5.4 12 12v141.7l66.8 48.6c5.4 3.9 6.5 11.4 2.6 16.8L334.6 349c-3.9 5.3-11.4 6.5-16.8 2.6z\"><\/path><\/svg><\/div><!-- Story Arrow --><div class=\"twae-arrow\"><\/div><!-- Start of Story Content --><div class=\"twae-content\"><!-- Story Title --><div class=\"twae-title\">Candle Science  Testing \u2013 Report on the \u00d6kometric Wax and Emissions Study<\/div><!-- Story Description --><div class=\"twae-description\"><p>A new, internationally funded study on candle emissions has confirmed that wellmade candles of all major wax types exhibit the same clean burning behavior, and pose no discernible risks to human health or indoor air quality (disponible uniquement en anglais.)<\/p>\n<p><a href=\"https:\/\/www.ral-c.com\/wp-content\/uploads\/2024\/06\/Oekometric-Wax-1797_NCA_NL_42908.pdf\">En savoir plus<\/a><\/p>\n<\/div><\/div><\/div><!-- Start of Story Repeater Content --><div id=\"story-931218e\" class=\"twae-story twae-repeater-item twae-story-right twae-story-no-icon\"><!-- Story Label --><div class=\"twae-labels\"><div class=\"twae-label-big\">2005<\/div><\/div><!-- Story Icon --><div class=\"twae-icon\"><svg aria-hidden=\"true\" class=\"e-font-icon-svg e-far-clock\" viewBox=\"0 0 512 512\" xmlns=\"http:\/\/www.w3.org\/2000\/svg\"><path d=\"M256 8C119 8 8 119 8 256s111 248 248 248 248-111 248-248S393 8 256 8zm0 448c-110.5 0-200-89.5-200-200S145.5 56 256 56s200 89.5 200 200-89.5 200-200 200zm61.8-104.4l-84.9-61.7c-3.1-2.3-4.9-5.9-4.9-9.7V116c0-6.6 5.4-12 12-12h32c6.6 0 12 5.4 12 12v141.7l66.8 48.6c5.4 3.9 6.5 11.4 2.6 16.8L334.6 349c-3.9 5.3-11.4 6.5-16.8 2.6z\"><\/path><\/svg><\/div><!-- Story Arrow --><div class=\"twae-arrow\"><\/div><!-- Start of Story Content --><div class=\"twae-content\"><!-- Story Title --><div class=\"twae-title\">Matth\u00e4i Veith - M\u00e9thode de d\u00e9termination de l'indice de suie<\/div><!-- Story Description --><div class=\"twae-description\"><p>Une m\u00e9thode de d\u00e9termination du comportement de la suie des bougies allum\u00e9es est pr\u00e9sent\u00e9e. L'appareillage et les co\u00fbts de cette m\u00e9thode sont en bon rapport avec les r\u00e9sultats obtenus. Elle peut \u00eatre utilis\u00e9e aussi bien pour l'assurance qualit\u00e9 que pour le d\u00e9veloppement de produits.   Cela a servi de base \u00e0 la norme EN pour la mesure de la suie.<\/p>\n<\/div><\/div><\/div><!-- Start of Story Repeater Content --><div id=\"story-226a3d3\" class=\"twae-story twae-repeater-item twae-story-left twae-story-no-icon\"><!-- Story Label --><div class=\"twae-labels\"><div class=\"twae-label-big\">2004<\/div><\/div><!-- Story Icon --><div class=\"twae-icon\"><svg aria-hidden=\"true\" class=\"e-font-icon-svg e-far-clock\" viewBox=\"0 0 512 512\" xmlns=\"http:\/\/www.w3.org\/2000\/svg\"><path d=\"M256 8C119 8 8 119 8 256s111 248 248 248 248-111 248-248S393 8 256 8zm0 448c-110.5 0-200-89.5-200-200S145.5 56 256 56s200 89.5 200 200-89.5 200-200 200zm61.8-104.4l-84.9-61.7c-3.1-2.3-4.9-5.9-4.9-9.7V116c0-6.6 5.4-12 12-12h32c6.6 0 12 5.4 12 12v141.7l66.8 48.6c5.4 3.9 6.5 11.4 2.6 16.8L334.6 349c-3.9 5.3-11.4 6.5-16.8 2.6z\"><\/path><\/svg><\/div><!-- Story Arrow --><div class=\"twae-arrow\"><\/div><!-- Start of Story Content --><div class=\"twae-content\"><!-- Story Title --><div class=\"twae-title\">Matth\u00e4i Petereit - LA BOUGIE DE QUALIT\u00c9<\/div><!-- Story Description --><div class=\"twae-description\"><p>Le pr\u00e9sent article d\u00e9crit les mati\u00e8res premi\u00e8res et les additifs utilis\u00e9s pour la fabrication des bougies et explique le processus de combustion dans la flamme de la bougie. Partant de la d\u00e9finition et de la classification des bougies, il expose les crit\u00e8res d\u00e9cisifs pour une utilisation s\u00fbre et sans danger pour l'homme et l'environnement. <\/p>\n<p>La structure et le contenu d'une norme de qualit\u00e9 europ\u00e9enne n\u00e9cessaire pour les bougies en d\u00e9coulent.<\/p>\n<p><a href=\"https:\/\/www.ral-c.com\/wp-content\/uploads\/2024\/06\/Die-Qualitaetskerze2003-_mit-Abbdildungen_.pdf\">En savoir plus<\/a><\/p>\n<\/div><\/div><\/div><\/div>\n    <div class=\"twae-end\"><\/div>\n    <\/div><style type=\"text\/css\">@media (max-width: 1024px){ .twae-wrapper{--tw-ybx-size: 80px !important;}}@media (max-width: 767px){ .twae-wrapper{--tw-ybx-size: 80px !important}}<\/style>\t\t\t\t<\/div>\n\t\t\t\t<\/div>\n\t\t\t\t<\/div>\n\t\t\t\t\t<\/div>\n\t\t\t\t<\/div>\n\t\t\t\t<\/div>\n\t\t","protected":false},"excerpt":{"rendered":"<p>Nous travaillons avec des mati\u00e8res premi\u00e8res dont la qualit\u00e9 est garantie ! Nous travaillons avec des mati\u00e8res premi\u00e8res dont la qualit\u00e9 est garantie ! RECHERCHE ET SCIENCE Vous trouverez ci-dessous tous les travaux pertinents sur les ingr\u00e9dients, les risques \u00e9ventuels pour la sant\u00e9 et les m\u00e9thodes de test. 2019Nouvelles connaissances sur les poussi\u00e8res fines \u00e9mises [&hellip;]<\/p>\n","protected":false},"author":2,"featured_media":0,"parent":0,"menu_order":0,"comment_status":"closed","ping_status":"closed","template":"elementor_header_footer","meta":{"footnotes":""},"class_list":["post-3657","page","type-page","status-publish","hentry"],"acf":[],"yoast_head":"<!-- This site is optimized with the Yoast SEO plugin v27.2 - https:\/\/yoast.com\/product\/yoast-seo-wordpress\/ -->\n<title>Recherche - RAL<\/title>\n<meta name=\"robots\" content=\"index, follow, max-snippet:-1, max-image-preview:large, max-video-preview:-1\" \/>\n<link rel=\"canonical\" href=\"https:\/\/www.ral-c.com\/fr\/badania\/\" \/>\n<meta property=\"og:locale\" content=\"fr_FR\" \/>\n<meta property=\"og:type\" content=\"article\" \/>\n<meta property=\"og:title\" content=\"Recherche - RAL\" \/>\n<meta property=\"og:description\" content=\"Nous travaillons avec des mati\u00e8res premi\u00e8res dont la qualit\u00e9 est garantie ! Nous travaillons avec des mati\u00e8res premi\u00e8res dont la qualit\u00e9 est garantie ! RECHERCHE ET SCIENCE Vous trouverez ci-dessous tous les travaux pertinents sur les ingr\u00e9dients, les risques \u00e9ventuels pour la sant\u00e9 et les m\u00e9thodes de test. 2019Nouvelles connaissances sur les poussi\u00e8res fines \u00e9mises [&hellip;]\" \/>\n<meta property=\"og:url\" content=\"https:\/\/www.ral-c.com\/fr\/badania\/\" \/>\n<meta property=\"og:site_name\" content=\"RAL\" \/>\n<meta property=\"article:publisher\" content=\"https:\/\/www.facebook.com\/kerzenguete\/\" \/>\n<meta property=\"article:modified_time\" content=\"2025-07-03T07:12:52+00:00\" \/>\n<meta name=\"twitter:card\" content=\"summary_large_image\" \/>\n<meta name=\"twitter:label1\" content=\"Dur\u00e9e de lecture estim\u00e9e\" \/>\n\t<meta name=\"twitter:data1\" content=\"2 minutes\" \/>\n<script type=\"application\/ld+json\" class=\"yoast-schema-graph\">{\"@context\":\"https:\/\/schema.org\",\"@graph\":[{\"@type\":\"WebPage\",\"@id\":\"https:\/\/www.ral-c.com\/fr\/badania\/\",\"url\":\"https:\/\/www.ral-c.com\/fr\/badania\/\",\"name\":\"Recherche - RAL\",\"isPartOf\":{\"@id\":\"https:\/\/www.ral-c.com\/fr\/#website\"},\"datePublished\":\"2024-06-05T14:07:08+00:00\",\"dateModified\":\"2025-07-03T07:12:52+00:00\",\"breadcrumb\":{\"@id\":\"https:\/\/www.ral-c.com\/fr\/badania\/#breadcrumb\"},\"inLanguage\":\"fr-FR\",\"potentialAction\":[{\"@type\":\"ReadAction\",\"target\":[\"https:\/\/www.ral-c.com\/fr\/badania\/\"]}]},{\"@type\":\"BreadcrumbList\",\"@id\":\"https:\/\/www.ral-c.com\/fr\/badania\/#breadcrumb\",\"itemListElement\":[{\"@type\":\"ListItem\",\"position\":1,\"name\":\"Home\",\"item\":\"https:\/\/www.ral-c.com\/fr\/\"},{\"@type\":\"ListItem\",\"position\":2,\"name\":\"Recherche\"}]},{\"@type\":\"WebSite\",\"@id\":\"https:\/\/www.ral-c.com\/fr\/#website\",\"url\":\"https:\/\/www.ral-c.com\/fr\/\",\"name\":\"RAL Quality Mark Candles\",\"description\":\"G\u00fctezeichen f\u00fcr Kerzen\",\"publisher\":{\"@id\":\"https:\/\/www.ral-c.com\/fr\/#organization\"},\"potentialAction\":[{\"@type\":\"SearchAction\",\"target\":{\"@type\":\"EntryPoint\",\"urlTemplate\":\"https:\/\/www.ral-c.com\/fr\/?s={search_term_string}\"},\"query-input\":{\"@type\":\"PropertyValueSpecification\",\"valueRequired\":true,\"valueName\":\"search_term_string\"}}],\"inLanguage\":\"fr-FR\"},{\"@type\":\"Organization\",\"@id\":\"https:\/\/www.ral-c.com\/fr\/#organization\",\"name\":\"RAL Quality Mark Candles\",\"url\":\"https:\/\/www.ral-c.com\/fr\/\",\"logo\":{\"@type\":\"ImageObject\",\"inLanguage\":\"fr-FR\",\"@id\":\"https:\/\/www.ral-c.com\/fr\/#\/schema\/logo\/image\/\",\"url\":\"https:\/\/www.ral-c.com\/wp-content\/uploads\/2024\/08\/ral-website-logo-en.jpg\",\"contentUrl\":\"https:\/\/www.ral-c.com\/wp-content\/uploads\/2024\/08\/ral-website-logo-en.jpg\",\"width\":739,\"height\":1419,\"caption\":\"RAL Quality Mark Candles\"},\"image\":{\"@id\":\"https:\/\/www.ral-c.com\/fr\/#\/schema\/logo\/image\/\"},\"sameAs\":[\"https:\/\/www.facebook.com\/kerzenguete\/\",\"https:\/\/www.instagram.com\/ralqualitymarkcandles\/\"]}]}<\/script>\n<!-- \/ Yoast SEO plugin. -->","yoast_head_json":{"title":"Recherche - RAL","robots":{"index":"index","follow":"follow","max-snippet":"max-snippet:-1","max-image-preview":"max-image-preview:large","max-video-preview":"max-video-preview:-1"},"canonical":"https:\/\/www.ral-c.com\/fr\/badania\/","og_locale":"fr_FR","og_type":"article","og_title":"Recherche - RAL","og_description":"Nous travaillons avec des mati\u00e8res premi\u00e8res dont la qualit\u00e9 est garantie ! Nous travaillons avec des mati\u00e8res premi\u00e8res dont la qualit\u00e9 est garantie ! RECHERCHE ET SCIENCE Vous trouverez ci-dessous tous les travaux pertinents sur les ingr\u00e9dients, les risques \u00e9ventuels pour la sant\u00e9 et les m\u00e9thodes de test. 2019Nouvelles connaissances sur les poussi\u00e8res fines \u00e9mises [&hellip;]","og_url":"https:\/\/www.ral-c.com\/fr\/badania\/","og_site_name":"RAL","article_publisher":"https:\/\/www.facebook.com\/kerzenguete\/","article_modified_time":"2025-07-03T07:12:52+00:00","twitter_card":"summary_large_image","twitter_misc":{"Dur\u00e9e de lecture estim\u00e9e":"2 minutes"},"schema":{"@context":"https:\/\/schema.org","@graph":[{"@type":"WebPage","@id":"https:\/\/www.ral-c.com\/fr\/badania\/","url":"https:\/\/www.ral-c.com\/fr\/badania\/","name":"Recherche - RAL","isPartOf":{"@id":"https:\/\/www.ral-c.com\/fr\/#website"},"datePublished":"2024-06-05T14:07:08+00:00","dateModified":"2025-07-03T07:12:52+00:00","breadcrumb":{"@id":"https:\/\/www.ral-c.com\/fr\/badania\/#breadcrumb"},"inLanguage":"fr-FR","potentialAction":[{"@type":"ReadAction","target":["https:\/\/www.ral-c.com\/fr\/badania\/"]}]},{"@type":"BreadcrumbList","@id":"https:\/\/www.ral-c.com\/fr\/badania\/#breadcrumb","itemListElement":[{"@type":"ListItem","position":1,"name":"Home","item":"https:\/\/www.ral-c.com\/fr\/"},{"@type":"ListItem","position":2,"name":"Recherche"}]},{"@type":"WebSite","@id":"https:\/\/www.ral-c.com\/fr\/#website","url":"https:\/\/www.ral-c.com\/fr\/","name":"RAL Quality Mark Candles","description":"G\u00fctezeichen f\u00fcr Kerzen","publisher":{"@id":"https:\/\/www.ral-c.com\/fr\/#organization"},"potentialAction":[{"@type":"SearchAction","target":{"@type":"EntryPoint","urlTemplate":"https:\/\/www.ral-c.com\/fr\/?s={search_term_string}"},"query-input":{"@type":"PropertyValueSpecification","valueRequired":true,"valueName":"search_term_string"}}],"inLanguage":"fr-FR"},{"@type":"Organization","@id":"https:\/\/www.ral-c.com\/fr\/#organization","name":"RAL Quality Mark Candles","url":"https:\/\/www.ral-c.com\/fr\/","logo":{"@type":"ImageObject","inLanguage":"fr-FR","@id":"https:\/\/www.ral-c.com\/fr\/#\/schema\/logo\/image\/","url":"https:\/\/www.ral-c.com\/wp-content\/uploads\/2024\/08\/ral-website-logo-en.jpg","contentUrl":"https:\/\/www.ral-c.com\/wp-content\/uploads\/2024\/08\/ral-website-logo-en.jpg","width":739,"height":1419,"caption":"RAL Quality Mark Candles"},"image":{"@id":"https:\/\/www.ral-c.com\/fr\/#\/schema\/logo\/image\/"},"sameAs":["https:\/\/www.facebook.com\/kerzenguete\/","https:\/\/www.instagram.com\/ralqualitymarkcandles\/"]}]}},"_links":{"self":[{"href":"https:\/\/www.ral-c.com\/fr\/wp-json\/wp\/v2\/pages\/3657","targetHints":{"allow":["GET"]}}],"collection":[{"href":"https:\/\/www.ral-c.com\/fr\/wp-json\/wp\/v2\/pages"}],"about":[{"href":"https:\/\/www.ral-c.com\/fr\/wp-json\/wp\/v2\/types\/page"}],"author":[{"embeddable":true,"href":"https:\/\/www.ral-c.com\/fr\/wp-json\/wp\/v2\/users\/2"}],"replies":[{"embeddable":true,"href":"https:\/\/www.ral-c.com\/fr\/wp-json\/wp\/v2\/comments?post=3657"}],"version-history":[{"count":8,"href":"https:\/\/www.ral-c.com\/fr\/wp-json\/wp\/v2\/pages\/3657\/revisions"}],"predecessor-version":[{"id":6033,"href":"https:\/\/www.ral-c.com\/fr\/wp-json\/wp\/v2\/pages\/3657\/revisions\/6033"}],"wp:attachment":[{"href":"https:\/\/www.ral-c.com\/fr\/wp-json\/wp\/v2\/media?parent=3657"}],"curies":[{"name":"wp","href":"https:\/\/api.w.org\/{rel}","templated":true}]}}