{"id":937,"date":"2024-05-24T12:13:47","date_gmt":"2024-05-24T12:13:47","guid":{"rendered":"https:\/\/ral.komfour-develop.de\/?page_id=937"},"modified":"2026-02-18T12:42:26","modified_gmt":"2026-02-18T11:42:26","slug":"pruefbestimmungen","status":"publish","type":"page","link":"https:\/\/www.ral-c.com\/de\/pruefbestimmungen\/","title":{"rendered":"Pr\u00fcfbestimmungen"},"content":{"rendered":"\t\t<div data-elementor-type=\"wp-page\" data-elementor-id=\"937\" class=\"elementor elementor-937\" data-elementor-post-type=\"page\">\n\t\t\t\t<div class=\"elementor-element elementor-element-e88ffe3 e-flex e-con-boxed e-con e-parent\" data-id=\"e88ffe3\" data-element_type=\"container\" data-e-type=\"container\">\n\t\t\t\t\t<div class=\"e-con-inner\">\n\t\t<div class=\"elementor-element elementor-element-0b3a54e e-con-full e-flex e-con e-child\" data-id=\"0b3a54e\" data-element_type=\"container\" data-e-type=\"container\">\n\t\t\t\t<div class=\"elementor-element elementor-element-a6dbf68 elementor-widget elementor-widget-heading\" data-id=\"a6dbf68\" data-element_type=\"widget\" data-e-type=\"widget\" data-widget_type=\"heading.default\">\n\t\t\t\t<div class=\"elementor-widget-container\">\n\t\t\t\t\t<h1 class=\"elementor-heading-title elementor-size-default\">ALLGEMEINE G\u00dcTE- UND PR\u00dcF&shy;BESTIMMUNGEN F\u00dcR KERZEN- RAL-GZ 041<\/h1>\t\t\t\t<\/div>\n\t\t\t\t<\/div>\n\t\t\t\t<div class=\"elementor-element elementor-element-86fbce5 elementor-widget elementor-widget-text-editor\" data-id=\"86fbce5\" data-element_type=\"widget\" data-e-type=\"widget\" data-widget_type=\"text-editor.default\">\n\t\t\t\t<div class=\"elementor-widget-container\">\n\t\t\t\t\t\t\t\t\t<p>Laden Sie sich die vollst\u00e4ndigen Texte RAL-GZ 041 ff. <a href=\"https:\/\/www.ral-c.com\/wp-content\/uploads\/2024\/05\/RAL-GZ041_guetezeichen-kerzen_de.pdf\">hier<\/a> als PDF herunter.<\/p>\t\t\t\t\t\t\t\t<\/div>\n\t\t\t\t<\/div>\n\t\t\t\t<\/div>\n\t\t<div class=\"elementor-element elementor-element-d6cc016 e-con-full e-flex e-con e-child\" data-id=\"d6cc016\" data-element_type=\"container\" data-e-type=\"container\">\n\t\t<div class=\"elementor-element elementor-element-e4760a6 e-con-full e-grid e-con e-child\" data-id=\"e4760a6\" data-element_type=\"container\" data-e-type=\"container\">\n\t\t\t\t<div class=\"elementor-element elementor-element-1643190 elementor-widget elementor-widget-button\" data-id=\"1643190\" data-element_type=\"widget\" data-e-type=\"widget\" data-widget_type=\"button.default\">\n\t\t\t\t<div class=\"elementor-widget-container\">\n\t\t\t\t\t\t\t\t\t<div class=\"elementor-button-wrapper\">\n\t\t\t\t\t<a class=\"elementor-button elementor-button-link elementor-size-sm\" href=\"https:\/\/www.ral-c.com\/wp-content\/uploads\/2025\/12\/Kerzen-RAL-GZ-041-Ausgabe-07.20_mit-Erganzungen_rusfrei-2.pdf\" target=\"_blank\">\n\t\t\t\t\t\t<span class=\"elementor-button-content-wrapper\">\n\t\t\t\t\t\t\t\t\t<span class=\"elementor-button-text\">Download<\/span>\n\t\t\t\t\t<\/span>\n\t\t\t\t\t<\/a>\n\t\t\t\t<\/div>\n\t\t\t\t\t\t\t\t<\/div>\n\t\t\t\t<\/div>\n\t\t\t\t<div class=\"elementor-element elementor-element-3494304 elementor-widget elementor-widget-button\" data-id=\"3494304\" data-element_type=\"widget\" data-e-type=\"widget\" data-widget_type=\"button.default\">\n\t\t\t\t<div class=\"elementor-widget-container\">\n\t\t\t\t\t\t\t\t\t<div class=\"elementor-button-wrapper\">\n\t\t\t\t\t<a class=\"elementor-button elementor-button-link elementor-size-sm\" href=\"https:\/\/www.ral.de\/guetezeichen-von-a-z\/guetezeichen-uebersicht\/gz-041\/\" target=\"_blank\">\n\t\t\t\t\t\t<span class=\"elementor-button-content-wrapper\">\n\t\t\t\t\t\t\t\t\t<span class=\"elementor-button-text\">G\u00fctesicherung auf der RAL-Webseite einsehen<\/span>\n\t\t\t\t\t<\/span>\n\t\t\t\t\t<\/a>\n\t\t\t\t<\/div>\n\t\t\t\t\t\t\t\t<\/div>\n\t\t\t\t<\/div>\n\t\t\t\t<\/div>\n\t\t\t\t<\/div>\n\t\t\t\t\t<\/div>\n\t\t\t\t<\/div>\n\t\t<div class=\"elementor-element elementor-element-f7ee343 e-grid e-con-boxed e-con e-parent\" data-id=\"f7ee343\" data-element_type=\"container\" data-e-type=\"container\" data-settings=\"{&quot;background_background&quot;:&quot;classic&quot;,&quot;animation&quot;:&quot;none&quot;}\">\n\t\t\t\t\t<div class=\"e-con-inner\">\n\t\t\t\t<div class=\"elementor-element elementor-element-96127a9 animated-fast elementor-invisible elementor-widget elementor-widget-heading\" data-id=\"96127a9\" data-element_type=\"widget\" data-e-type=\"widget\" data-settings=\"{&quot;_animation&quot;:&quot;zoomIn&quot;}\" data-widget_type=\"heading.default\">\n\t\t\t\t<div class=\"elementor-widget-container\">\n\t\t\t\t\t<h2 class=\"elementor-heading-title elementor-size-default\"><a href=\"https:\/\/www.ral-c.com\/de\/pruefbestimmungen-auszug-ral-gz-041\/\">Auszug: Allgemeine G\u00fcte- und Pr\u00fcfbestimmungen f\u00fcr Kerzen RAL-GZ 041<\/a><\/h2>\t\t\t\t<\/div>\n\t\t\t\t<\/div>\n\t\t\t\t<div class=\"elementor-element elementor-element-27fa9d7 animated-fast elementor-invisible elementor-widget elementor-widget-heading\" data-id=\"27fa9d7\" data-element_type=\"widget\" data-e-type=\"widget\" data-settings=\"{&quot;_animation&quot;:&quot;zoomIn&quot;,&quot;_animation_delay&quot;:150}\" data-widget_type=\"heading.default\">\n\t\t\t\t<div class=\"elementor-widget-container\">\n\t\t\t\t\t<h2 class=\"elementor-heading-title elementor-size-default\"><a href=\"https:\/\/www.ral-c.com\/de\/pruefbestimmungen-auszug-ral-gz-041-1\/\">Auszug: Besondere G\u00fcte- und Pr\u00fcfbestimmungen f\u00fcr Haushaltskerzen, Spitzkerzen, Stumpenkerzen und andere Kerzen RAL-GZ 041\/1<\/a><\/h2>\t\t\t\t<\/div>\n\t\t\t\t<\/div>\n\t\t\t\t<div class=\"elementor-element elementor-element-40ac301 animated-fast elementor-invisible elementor-widget elementor-widget-heading\" data-id=\"40ac301\" data-element_type=\"widget\" data-e-type=\"widget\" data-settings=\"{&quot;_animation&quot;:&quot;zoomIn&quot;,&quot;_animation_delay&quot;:300}\" data-widget_type=\"heading.default\">\n\t\t\t\t<div class=\"elementor-widget-container\">\n\t\t\t\t\t<h2 class=\"elementor-heading-title elementor-size-default\"><a href=\"https:\/\/www.ral-c.com\/de\/pruefbestimmungen-auszug-ral-gz-041-2\/\">Auszug: Besondere G\u00fcte- und Pr\u00fcfbestimmungen f\u00fcr Lichte im Innenbereich RAL-GZ 041\/2<\/a><\/h2>\t\t\t\t<\/div>\n\t\t\t\t<\/div>\n\t\t\t\t<div class=\"elementor-element elementor-element-ec84b3a animated-fast elementor-invisible elementor-widget elementor-widget-heading\" data-id=\"ec84b3a\" data-element_type=\"widget\" data-e-type=\"widget\" data-settings=\"{&quot;_animation&quot;:&quot;zoomIn&quot;,&quot;_animation_delay&quot;:450}\" data-widget_type=\"heading.default\">\n\t\t\t\t<div class=\"elementor-widget-container\">\n\t\t\t\t\t<h2 class=\"elementor-heading-title elementor-size-default\"><a href=\"https:\/\/www.ral-c.com\/de\/pruefbestimmungen-auszug-ral-gz-041-3\/\">Auszug: Besondere G\u00fcte- und Pr\u00fcfbestimmungen f\u00fcr Teelichte RAL-GZ 041\/3<\/a><\/h2>\t\t\t\t<\/div>\n\t\t\t\t<\/div>\n\t\t\t\t<div class=\"elementor-element elementor-element-efaef27 animated-fast elementor-invisible elementor-widget elementor-widget-heading\" data-id=\"efaef27\" data-element_type=\"widget\" data-e-type=\"widget\" data-settings=\"{&quot;_animation&quot;:&quot;zoomIn&quot;,&quot;_animation_delay&quot;:600}\" data-widget_type=\"heading.default\">\n\t\t\t\t<div class=\"elementor-widget-container\">\n\t\t\t\t\t<h2 class=\"elementor-heading-title elementor-size-default\"><a href=\"https:\/\/www.ral-c.com\/de\/pruefbestimmungen-auszug-ral-gz-041-4\/\">Auszug: Besondere G\u00fcte- und Pr\u00fcfbestimmungen f\u00fcr Grablichte RAL-GZ 041\/4<\/a><\/h2>\t\t\t\t<\/div>\n\t\t\t\t<\/div>\n\t\t\t\t<div class=\"elementor-element elementor-element-0c1751c animated-fast elementor-invisible elementor-widget elementor-widget-heading\" data-id=\"0c1751c\" data-element_type=\"widget\" data-e-type=\"widget\" data-settings=\"{&quot;_animation&quot;:&quot;zoomIn&quot;,&quot;_animation_delay&quot;:750}\" data-widget_type=\"heading.default\">\n\t\t\t\t<div class=\"elementor-widget-container\">\n\t\t\t\t\t<h2 class=\"elementor-heading-title elementor-size-default\"><a href=\"https:\/\/www.ral-c.com\/de\/pruefbestimmungen-auszug\/\">Auszug: Anforderungen an Roh- Und Hilfsstoffe Zum Gesundheits-Schutz<\/a><\/h2>\t\t\t\t<\/div>\n\t\t\t\t<\/div>\n\t\t\t\t\t<\/div>\n\t\t\t\t<\/div>\n\t\t\t\t<\/div>\n\t\t","protected":false},"excerpt":{"rendered":"<p>ALLGEMEINE G\u00dcTE- UND PR\u00dcF&shy;BESTIMMUNGEN F\u00dcR KERZEN- RAL-GZ 041 Laden Sie sich die vollst\u00e4ndigen Texte RAL-GZ 041 ff. hier als PDF herunter. Download G\u00fctesicherung auf der RAL-Webseite einsehen Auszug: Allgemeine G\u00fcte- und Pr\u00fcfbestimmungen f\u00fcr Kerzen RAL-GZ 041 Auszug: Besondere G\u00fcte- und Pr\u00fcfbestimmungen f\u00fcr Haushaltskerzen, Spitzkerzen, Stumpenkerzen und andere Kerzen RAL-GZ 041\/1 Auszug: Besondere G\u00fcte- und Pr\u00fcfbestimmungen [&hellip;]<\/p>\n","protected":false},"author":2,"featured_media":0,"parent":0,"menu_order":0,"comment_status":"closed","ping_status":"closed","template":"elementor_header_footer","meta":{"footnotes":""},"class_list":["post-937","page","type-page","status-publish","hentry"],"acf":[],"yoast_head":"<!-- This site is optimized with the Yoast SEO plugin v27.2 - https:\/\/yoast.com\/product\/yoast-seo-wordpress\/ -->\n<title>Pr\u00fcfbestimmungen - RAL<\/title>\n<meta name=\"description\" content=\"Erfahren mehr \u00fcber die G\u00fcte- und Pr\u00fcfbestimmungen f\u00fcr Kerzen der G\u00fctegemeinschaft Kerzen e. V. mit Blick auf den Gesundheitsschutz.\" \/>\n<meta name=\"robots\" content=\"index, follow, max-snippet:-1, max-image-preview:large, max-video-preview:-1\" \/>\n<link rel=\"canonical\" href=\"https:\/\/www.ral-c.com\/de\/pruefbestimmungen\/\" \/>\n<meta property=\"og:locale\" content=\"de_DE\" \/>\n<meta property=\"og:type\" content=\"article\" \/>\n<meta property=\"og:title\" content=\"Pr\u00fcfbestimmungen - RAL\" \/>\n<meta property=\"og:description\" content=\"Erfahren mehr \u00fcber die G\u00fcte- und Pr\u00fcfbestimmungen f\u00fcr Kerzen der G\u00fctegemeinschaft Kerzen e. V. mit Blick auf den Gesundheitsschutz.\" \/>\n<meta property=\"og:url\" content=\"https:\/\/www.ral-c.com\/de\/pruefbestimmungen\/\" \/>\n<meta property=\"og:site_name\" content=\"RAL\" \/>\n<meta property=\"article:publisher\" content=\"https:\/\/www.facebook.com\/kerzenguete\/\" \/>\n<meta property=\"article:modified_time\" content=\"2026-02-18T11:42:26+00:00\" \/>\n<meta name=\"twitter:card\" content=\"summary_large_image\" \/>\n<meta name=\"twitter:label1\" content=\"Gesch\u00e4tzte Lesezeit\" \/>\n\t<meta name=\"twitter:data1\" content=\"1\u00a0Minute\" \/>\n<script type=\"application\/ld+json\" class=\"yoast-schema-graph\">{\"@context\":\"https:\/\/schema.org\",\"@graph\":[{\"@type\":\"WebPage\",\"@id\":\"https:\/\/www.ral-c.com\/de\/pruefbestimmungen\/\",\"url\":\"https:\/\/www.ral-c.com\/de\/pruefbestimmungen\/\",\"name\":\"Pr\u00fcfbestimmungen - RAL\",\"isPartOf\":{\"@id\":\"https:\/\/www.ral-c.com\/de\/#website\"},\"datePublished\":\"2024-05-24T12:13:47+00:00\",\"dateModified\":\"2026-02-18T11:42:26+00:00\",\"description\":\"Erfahren mehr \u00fcber die G\u00fcte- und Pr\u00fcfbestimmungen f\u00fcr Kerzen der G\u00fctegemeinschaft Kerzen e. V. mit Blick auf den Gesundheitsschutz.\",\"breadcrumb\":{\"@id\":\"https:\/\/www.ral-c.com\/de\/pruefbestimmungen\/#breadcrumb\"},\"inLanguage\":\"de\",\"potentialAction\":[{\"@type\":\"ReadAction\",\"target\":[\"https:\/\/www.ral-c.com\/de\/pruefbestimmungen\/\"]}]},{\"@type\":\"BreadcrumbList\",\"@id\":\"https:\/\/www.ral-c.com\/de\/pruefbestimmungen\/#breadcrumb\",\"itemListElement\":[{\"@type\":\"ListItem\",\"position\":1,\"name\":\"Home\",\"item\":\"https:\/\/www.ral-c.com\/de\/\"},{\"@type\":\"ListItem\",\"position\":2,\"name\":\"Pr\u00fcfbestimmungen\"}]},{\"@type\":\"WebSite\",\"@id\":\"https:\/\/www.ral-c.com\/de\/#website\",\"url\":\"https:\/\/www.ral-c.com\/de\/\",\"name\":\"RAL Quality Mark Candles\",\"description\":\"G\u00fctezeichen f\u00fcr Kerzen\",\"publisher\":{\"@id\":\"https:\/\/www.ral-c.com\/de\/#organization\"},\"potentialAction\":[{\"@type\":\"SearchAction\",\"target\":{\"@type\":\"EntryPoint\",\"urlTemplate\":\"https:\/\/www.ral-c.com\/de\/?s={search_term_string}\"},\"query-input\":{\"@type\":\"PropertyValueSpecification\",\"valueRequired\":true,\"valueName\":\"search_term_string\"}}],\"inLanguage\":\"de\"},{\"@type\":\"Organization\",\"@id\":\"https:\/\/www.ral-c.com\/de\/#organization\",\"name\":\"RAL Quality Mark Candles\",\"url\":\"https:\/\/www.ral-c.com\/de\/\",\"logo\":{\"@type\":\"ImageObject\",\"inLanguage\":\"de\",\"@id\":\"https:\/\/www.ral-c.com\/de\/#\/schema\/logo\/image\/\",\"url\":\"https:\/\/www.ral-c.com\/wp-content\/uploads\/2024\/08\/ral-website-logo-en.jpg\",\"contentUrl\":\"https:\/\/www.ral-c.com\/wp-content\/uploads\/2024\/08\/ral-website-logo-en.jpg\",\"width\":739,\"height\":1419,\"caption\":\"RAL Quality Mark Candles\"},\"image\":{\"@id\":\"https:\/\/www.ral-c.com\/de\/#\/schema\/logo\/image\/\"},\"sameAs\":[\"https:\/\/www.facebook.com\/kerzenguete\/\",\"https:\/\/www.instagram.com\/ralqualitymarkcandles\/\"]}]}<\/script>\n<!-- \/ Yoast SEO plugin. -->","yoast_head_json":{"title":"Pr\u00fcfbestimmungen - RAL","description":"Erfahren mehr \u00fcber die G\u00fcte- und Pr\u00fcfbestimmungen f\u00fcr Kerzen der G\u00fctegemeinschaft Kerzen e. V. mit Blick auf den Gesundheitsschutz.","robots":{"index":"index","follow":"follow","max-snippet":"max-snippet:-1","max-image-preview":"max-image-preview:large","max-video-preview":"max-video-preview:-1"},"canonical":"https:\/\/www.ral-c.com\/de\/pruefbestimmungen\/","og_locale":"de_DE","og_type":"article","og_title":"Pr\u00fcfbestimmungen - RAL","og_description":"Erfahren mehr \u00fcber die G\u00fcte- und Pr\u00fcfbestimmungen f\u00fcr Kerzen der G\u00fctegemeinschaft Kerzen e. V. mit Blick auf den Gesundheitsschutz.","og_url":"https:\/\/www.ral-c.com\/de\/pruefbestimmungen\/","og_site_name":"RAL","article_publisher":"https:\/\/www.facebook.com\/kerzenguete\/","article_modified_time":"2026-02-18T11:42:26+00:00","twitter_card":"summary_large_image","twitter_misc":{"Gesch\u00e4tzte Lesezeit":"1\u00a0Minute"},"schema":{"@context":"https:\/\/schema.org","@graph":[{"@type":"WebPage","@id":"https:\/\/www.ral-c.com\/de\/pruefbestimmungen\/","url":"https:\/\/www.ral-c.com\/de\/pruefbestimmungen\/","name":"Pr\u00fcfbestimmungen - RAL","isPartOf":{"@id":"https:\/\/www.ral-c.com\/de\/#website"},"datePublished":"2024-05-24T12:13:47+00:00","dateModified":"2026-02-18T11:42:26+00:00","description":"Erfahren mehr \u00fcber die G\u00fcte- und Pr\u00fcfbestimmungen f\u00fcr Kerzen der G\u00fctegemeinschaft Kerzen e. V. mit Blick auf den Gesundheitsschutz.","breadcrumb":{"@id":"https:\/\/www.ral-c.com\/de\/pruefbestimmungen\/#breadcrumb"},"inLanguage":"de","potentialAction":[{"@type":"ReadAction","target":["https:\/\/www.ral-c.com\/de\/pruefbestimmungen\/"]}]},{"@type":"BreadcrumbList","@id":"https:\/\/www.ral-c.com\/de\/pruefbestimmungen\/#breadcrumb","itemListElement":[{"@type":"ListItem","position":1,"name":"Home","item":"https:\/\/www.ral-c.com\/de\/"},{"@type":"ListItem","position":2,"name":"Pr\u00fcfbestimmungen"}]},{"@type":"WebSite","@id":"https:\/\/www.ral-c.com\/de\/#website","url":"https:\/\/www.ral-c.com\/de\/","name":"RAL Quality Mark Candles","description":"G\u00fctezeichen f\u00fcr Kerzen","publisher":{"@id":"https:\/\/www.ral-c.com\/de\/#organization"},"potentialAction":[{"@type":"SearchAction","target":{"@type":"EntryPoint","urlTemplate":"https:\/\/www.ral-c.com\/de\/?s={search_term_string}"},"query-input":{"@type":"PropertyValueSpecification","valueRequired":true,"valueName":"search_term_string"}}],"inLanguage":"de"},{"@type":"Organization","@id":"https:\/\/www.ral-c.com\/de\/#organization","name":"RAL Quality Mark Candles","url":"https:\/\/www.ral-c.com\/de\/","logo":{"@type":"ImageObject","inLanguage":"de","@id":"https:\/\/www.ral-c.com\/de\/#\/schema\/logo\/image\/","url":"https:\/\/www.ral-c.com\/wp-content\/uploads\/2024\/08\/ral-website-logo-en.jpg","contentUrl":"https:\/\/www.ral-c.com\/wp-content\/uploads\/2024\/08\/ral-website-logo-en.jpg","width":739,"height":1419,"caption":"RAL Quality Mark Candles"},"image":{"@id":"https:\/\/www.ral-c.com\/de\/#\/schema\/logo\/image\/"},"sameAs":["https:\/\/www.facebook.com\/kerzenguete\/","https:\/\/www.instagram.com\/ralqualitymarkcandles\/"]}]}},"_links":{"self":[{"href":"https:\/\/www.ral-c.com\/de\/wp-json\/wp\/v2\/pages\/937","targetHints":{"allow":["GET"]}}],"collection":[{"href":"https:\/\/www.ral-c.com\/de\/wp-json\/wp\/v2\/pages"}],"about":[{"href":"https:\/\/www.ral-c.com\/de\/wp-json\/wp\/v2\/types\/page"}],"author":[{"embeddable":true,"href":"https:\/\/www.ral-c.com\/de\/wp-json\/wp\/v2\/users\/2"}],"replies":[{"embeddable":true,"href":"https:\/\/www.ral-c.com\/de\/wp-json\/wp\/v2\/comments?post=937"}],"version-history":[{"count":100,"href":"https:\/\/www.ral-c.com\/de\/wp-json\/wp\/v2\/pages\/937\/revisions"}],"predecessor-version":[{"id":7993,"href":"https:\/\/www.ral-c.com\/de\/wp-json\/wp\/v2\/pages\/937\/revisions\/7993"}],"wp:attachment":[{"href":"https:\/\/www.ral-c.com\/de\/wp-json\/wp\/v2\/media?parent=937"}],"curies":[{"name":"wp","href":"https:\/\/api.w.org\/{rel}","templated":true}]}}