{"id":5917,"date":"2025-07-02T06:30:41","date_gmt":"2025-07-02T06:30:41","guid":{"rendered":"https:\/\/www.ral-c.com\/?page_id=5917"},"modified":"2025-10-28T07:32:43","modified_gmt":"2025-10-28T07:32:43","slug":"sales-support","status":"publish","type":"page","link":"https:\/\/www.ral-c.com\/de\/sales-support\/","title":{"rendered":"Sales-Unterst\u00fctzung"},"content":{"rendered":"<!-- dce invisible -->","protected":false},"excerpt":{"rendered":"<p>Back NEU. DIE PERFEKTE MARKETING-L\u00d6SUNG! Mit unserer digitalen Brosch\u00fcre kommen Sie direkt zum Punkt. Mit bewegten Bildern und interaktiven Elementen ist die Brosch\u00fcre das perfekte Produkt, um das Qualit\u00e4tssiegel und dessen Bedeutung zu erkl\u00e4ren. Klicken Sie auf den Link unten, um das gesamte Erlebnis zu genie\u00dfen. Werfen Sie einen Blick in die neue Brosch\u00fcre Wie [&hellip;]<\/p>\n","protected":false},"author":2,"featured_media":0,"parent":0,"menu_order":0,"comment_status":"closed","ping_status":"closed","template":"elementor_header_footer","meta":{"footnotes":""},"class_list":["post-5917","page","type-page","status-publish","hentry"],"acf":[],"yoast_head":"<!-- This site is optimized with the Yoast SEO plugin v27.2 - https:\/\/yoast.com\/product\/yoast-seo-wordpress\/ -->\n<title>Sales-Unterst\u00fctzung - RAL<\/title>\n<meta name=\"robots\" content=\"index, follow, max-snippet:-1, max-image-preview:large, max-video-preview:-1\" \/>\n<link rel=\"canonical\" href=\"https:\/\/www.ral-c.com\/de\/sales-support\/\" \/>\n<meta property=\"og:locale\" content=\"de_DE\" \/>\n<meta property=\"og:type\" content=\"article\" \/>\n<meta property=\"og:title\" content=\"Sales-Unterst\u00fctzung - RAL\" \/>\n<meta property=\"og:description\" content=\"Back NEU. DIE PERFEKTE MARKETING-L\u00d6SUNG! Mit unserer digitalen Brosch\u00fcre kommen Sie direkt zum Punkt. Mit bewegten Bildern und interaktiven Elementen ist die Brosch\u00fcre das perfekte Produkt, um das Qualit\u00e4tssiegel und dessen Bedeutung zu erkl\u00e4ren. Klicken Sie auf den Link unten, um das gesamte Erlebnis zu genie\u00dfen. Werfen Sie einen Blick in die neue Brosch\u00fcre Wie [&hellip;]\" \/>\n<meta property=\"og:url\" content=\"https:\/\/www.ral-c.com\/de\/sales-support\/\" \/>\n<meta property=\"og:site_name\" content=\"RAL\" \/>\n<meta property=\"article:publisher\" content=\"https:\/\/www.facebook.com\/kerzenguete\/\" \/>\n<meta property=\"article:modified_time\" content=\"2025-10-28T07:32:43+00:00\" \/>\n<meta property=\"og:image\" content=\"https:\/\/www.ral-c.com\/wp-content\/uploads\/2025\/10\/broschure-animation-weboptimiert-1.gif\" \/>\n<meta name=\"twitter:card\" content=\"summary_large_image\" \/>\n<meta name=\"twitter:label1\" content=\"Gesch\u00e4tzte Lesezeit\" \/>\n\t<meta name=\"twitter:data1\" content=\"2\u00a0Minuten\" \/>\n<script type=\"application\/ld+json\" class=\"yoast-schema-graph\">{\"@context\":\"https:\/\/schema.org\",\"@graph\":[{\"@type\":\"WebPage\",\"@id\":\"https:\/\/www.ral-c.com\/de\/sales-support\/\",\"url\":\"https:\/\/www.ral-c.com\/de\/sales-support\/\",\"name\":\"Sales-Unterst\u00fctzung - RAL\",\"isPartOf\":{\"@id\":\"https:\/\/www.ral-c.com\/de\/#website\"},\"primaryImageOfPage\":{\"@id\":\"https:\/\/www.ral-c.com\/de\/sales-support\/#primaryimage\"},\"image\":{\"@id\":\"https:\/\/www.ral-c.com\/de\/sales-support\/#primaryimage\"},\"thumbnailUrl\":\"https:\/\/www.ral-c.com\/wp-content\/uploads\/2025\/10\/broschure-animation-weboptimiert-1.gif\",\"datePublished\":\"2025-07-02T06:30:41+00:00\",\"dateModified\":\"2025-10-28T07:32:43+00:00\",\"breadcrumb\":{\"@id\":\"https:\/\/www.ral-c.com\/de\/sales-support\/#breadcrumb\"},\"inLanguage\":\"de\",\"potentialAction\":[{\"@type\":\"ReadAction\",\"target\":[\"https:\/\/www.ral-c.com\/de\/sales-support\/\"]}]},{\"@type\":\"ImageObject\",\"inLanguage\":\"de\",\"@id\":\"https:\/\/www.ral-c.com\/de\/sales-support\/#primaryimage\",\"url\":\"https:\/\/www.ral-c.com\/wp-content\/uploads\/2025\/10\/broschure-animation-weboptimiert-1.gif\",\"contentUrl\":\"https:\/\/www.ral-c.com\/wp-content\/uploads\/2025\/10\/broschure-animation-weboptimiert-1.gif\"},{\"@type\":\"BreadcrumbList\",\"@id\":\"https:\/\/www.ral-c.com\/de\/sales-support\/#breadcrumb\",\"itemListElement\":[{\"@type\":\"ListItem\",\"position\":1,\"name\":\"Home\",\"item\":\"https:\/\/www.ral-c.com\/de\/\"},{\"@type\":\"ListItem\",\"position\":2,\"name\":\"Sales-Unterst\u00fctzung\"}]},{\"@type\":\"WebSite\",\"@id\":\"https:\/\/www.ral-c.com\/de\/#website\",\"url\":\"https:\/\/www.ral-c.com\/de\/\",\"name\":\"RAL Quality Mark Candles\",\"description\":\"G\u00fctezeichen f\u00fcr Kerzen\",\"publisher\":{\"@id\":\"https:\/\/www.ral-c.com\/de\/#organization\"},\"potentialAction\":[{\"@type\":\"SearchAction\",\"target\":{\"@type\":\"EntryPoint\",\"urlTemplate\":\"https:\/\/www.ral-c.com\/de\/?s={search_term_string}\"},\"query-input\":{\"@type\":\"PropertyValueSpecification\",\"valueRequired\":true,\"valueName\":\"search_term_string\"}}],\"inLanguage\":\"de\"},{\"@type\":\"Organization\",\"@id\":\"https:\/\/www.ral-c.com\/de\/#organization\",\"name\":\"RAL Quality Mark Candles\",\"url\":\"https:\/\/www.ral-c.com\/de\/\",\"logo\":{\"@type\":\"ImageObject\",\"inLanguage\":\"de\",\"@id\":\"https:\/\/www.ral-c.com\/de\/#\/schema\/logo\/image\/\",\"url\":\"https:\/\/www.ral-c.com\/wp-content\/uploads\/2024\/08\/ral-website-logo-en.jpg\",\"contentUrl\":\"https:\/\/www.ral-c.com\/wp-content\/uploads\/2024\/08\/ral-website-logo-en.jpg\",\"width\":739,\"height\":1419,\"caption\":\"RAL Quality Mark Candles\"},\"image\":{\"@id\":\"https:\/\/www.ral-c.com\/de\/#\/schema\/logo\/image\/\"},\"sameAs\":[\"https:\/\/www.facebook.com\/kerzenguete\/\",\"https:\/\/www.instagram.com\/ralqualitymarkcandles\/\"]}]}<\/script>\n<!-- \/ Yoast SEO plugin. -->","yoast_head_json":{"title":"Sales-Unterst\u00fctzung - RAL","robots":{"index":"index","follow":"follow","max-snippet":"max-snippet:-1","max-image-preview":"max-image-preview:large","max-video-preview":"max-video-preview:-1"},"canonical":"https:\/\/www.ral-c.com\/de\/sales-support\/","og_locale":"de_DE","og_type":"article","og_title":"Sales-Unterst\u00fctzung - RAL","og_description":"Back NEU. DIE PERFEKTE MARKETING-L\u00d6SUNG! Mit unserer digitalen Brosch\u00fcre kommen Sie direkt zum Punkt. Mit bewegten Bildern und interaktiven Elementen ist die Brosch\u00fcre das perfekte Produkt, um das Qualit\u00e4tssiegel und dessen Bedeutung zu erkl\u00e4ren. Klicken Sie auf den Link unten, um das gesamte Erlebnis zu genie\u00dfen. Werfen Sie einen Blick in die neue Brosch\u00fcre Wie [&hellip;]","og_url":"https:\/\/www.ral-c.com\/de\/sales-support\/","og_site_name":"RAL","article_publisher":"https:\/\/www.facebook.com\/kerzenguete\/","article_modified_time":"2025-10-28T07:32:43+00:00","og_image":[{"url":"https:\/\/www.ral-c.com\/wp-content\/uploads\/2025\/10\/broschure-animation-weboptimiert-1.gif","type":"","width":"","height":""}],"twitter_card":"summary_large_image","twitter_misc":{"Gesch\u00e4tzte Lesezeit":"2\u00a0Minuten"},"schema":{"@context":"https:\/\/schema.org","@graph":[{"@type":"WebPage","@id":"https:\/\/www.ral-c.com\/de\/sales-support\/","url":"https:\/\/www.ral-c.com\/de\/sales-support\/","name":"Sales-Unterst\u00fctzung - RAL","isPartOf":{"@id":"https:\/\/www.ral-c.com\/de\/#website"},"primaryImageOfPage":{"@id":"https:\/\/www.ral-c.com\/de\/sales-support\/#primaryimage"},"image":{"@id":"https:\/\/www.ral-c.com\/de\/sales-support\/#primaryimage"},"thumbnailUrl":"https:\/\/www.ral-c.com\/wp-content\/uploads\/2025\/10\/broschure-animation-weboptimiert-1.gif","datePublished":"2025-07-02T06:30:41+00:00","dateModified":"2025-10-28T07:32:43+00:00","breadcrumb":{"@id":"https:\/\/www.ral-c.com\/de\/sales-support\/#breadcrumb"},"inLanguage":"de","potentialAction":[{"@type":"ReadAction","target":["https:\/\/www.ral-c.com\/de\/sales-support\/"]}]},{"@type":"ImageObject","inLanguage":"de","@id":"https:\/\/www.ral-c.com\/de\/sales-support\/#primaryimage","url":"https:\/\/www.ral-c.com\/wp-content\/uploads\/2025\/10\/broschure-animation-weboptimiert-1.gif","contentUrl":"https:\/\/www.ral-c.com\/wp-content\/uploads\/2025\/10\/broschure-animation-weboptimiert-1.gif"},{"@type":"BreadcrumbList","@id":"https:\/\/www.ral-c.com\/de\/sales-support\/#breadcrumb","itemListElement":[{"@type":"ListItem","position":1,"name":"Home","item":"https:\/\/www.ral-c.com\/de\/"},{"@type":"ListItem","position":2,"name":"Sales-Unterst\u00fctzung"}]},{"@type":"WebSite","@id":"https:\/\/www.ral-c.com\/de\/#website","url":"https:\/\/www.ral-c.com\/de\/","name":"RAL Quality Mark Candles","description":"G\u00fctezeichen f\u00fcr Kerzen","publisher":{"@id":"https:\/\/www.ral-c.com\/de\/#organization"},"potentialAction":[{"@type":"SearchAction","target":{"@type":"EntryPoint","urlTemplate":"https:\/\/www.ral-c.com\/de\/?s={search_term_string}"},"query-input":{"@type":"PropertyValueSpecification","valueRequired":true,"valueName":"search_term_string"}}],"inLanguage":"de"},{"@type":"Organization","@id":"https:\/\/www.ral-c.com\/de\/#organization","name":"RAL Quality Mark Candles","url":"https:\/\/www.ral-c.com\/de\/","logo":{"@type":"ImageObject","inLanguage":"de","@id":"https:\/\/www.ral-c.com\/de\/#\/schema\/logo\/image\/","url":"https:\/\/www.ral-c.com\/wp-content\/uploads\/2024\/08\/ral-website-logo-en.jpg","contentUrl":"https:\/\/www.ral-c.com\/wp-content\/uploads\/2024\/08\/ral-website-logo-en.jpg","width":739,"height":1419,"caption":"RAL Quality Mark Candles"},"image":{"@id":"https:\/\/www.ral-c.com\/de\/#\/schema\/logo\/image\/"},"sameAs":["https:\/\/www.facebook.com\/kerzenguete\/","https:\/\/www.instagram.com\/ralqualitymarkcandles\/"]}]}},"_links":{"self":[{"href":"https:\/\/www.ral-c.com\/de\/wp-json\/wp\/v2\/pages\/5917","targetHints":{"allow":["GET"]}}],"collection":[{"href":"https:\/\/www.ral-c.com\/de\/wp-json\/wp\/v2\/pages"}],"about":[{"href":"https:\/\/www.ral-c.com\/de\/wp-json\/wp\/v2\/types\/page"}],"author":[{"embeddable":true,"href":"https:\/\/www.ral-c.com\/de\/wp-json\/wp\/v2\/users\/2"}],"replies":[{"embeddable":true,"href":"https:\/\/www.ral-c.com\/de\/wp-json\/wp\/v2\/comments?post=5917"}],"version-history":[{"count":23,"href":"https:\/\/www.ral-c.com\/de\/wp-json\/wp\/v2\/pages\/5917\/revisions"}],"predecessor-version":[{"id":7030,"href":"https:\/\/www.ral-c.com\/de\/wp-json\/wp\/v2\/pages\/5917\/revisions\/7030"}],"wp:attachment":[{"href":"https:\/\/www.ral-c.com\/de\/wp-json\/wp\/v2\/media?parent=5917"}],"curies":[{"name":"wp","href":"https:\/\/api.w.org\/{rel}","templated":true}]}}