{"id":2188,"date":"2024-06-06T12:34:52","date_gmt":"2024-06-06T12:34:52","guid":{"rendered":"https:\/\/ral.komfour-develop.de\/?page_id=2188"},"modified":"2026-03-31T09:22:25","modified_gmt":"2026-03-31T08:22:25","slug":"piktogramme","status":"publish","type":"page","link":"https:\/\/www.ral-c.com\/de\/piktogramme\/","title":{"rendered":"Piktogramme"},"content":{"rendered":"<!-- dce invisible -->","protected":false},"excerpt":{"rendered":"<p>Zur\u00fcck PIKTOGRAMME F\u00dcR DIE SICHERE VERWENDUNG VON KERZEN Kerzen brennen mit offener Flamme. Daher m\u00fcssen einige grundlegende Regeln beachtet werden, um einen sicheren Umgang zu gew\u00e4hrleisten. Die wichtigsten Sicherheitshinweise in Form von Piktogrammen oder Text finden Sie auf dem Etikett. Hier erkl\u00e4ren wir Ihnen, was die Piktogramme bedeuten. Allgemeines WarnzeichenDownload AbstandDownload AufrechtDownload Ausreichend LuftzufuhrDownload Docht [&hellip;]<\/p>\n","protected":false},"author":2,"featured_media":0,"parent":0,"menu_order":0,"comment_status":"closed","ping_status":"closed","template":"elementor_header_footer","meta":{"footnotes":""},"class_list":["post-2188","page","type-page","status-publish","hentry"],"acf":[],"yoast_head":"<!-- This site is optimized with the Yoast SEO plugin v27.2 - https:\/\/yoast.com\/product\/yoast-seo-wordpress\/ -->\n<title>Piktogramme - RAL<\/title>\n<meta name=\"description\" content=\"Erfahre mehr \u00fcber Sicherheitshinweise und Piktogramme f\u00fcr den sicheren Umgang mit Kerzen oder lade diese herunter.\" \/>\n<meta name=\"robots\" content=\"index, follow, max-snippet:-1, max-image-preview:large, max-video-preview:-1\" \/>\n<link rel=\"canonical\" href=\"https:\/\/www.ral-c.com\/de\/piktogramme\/\" \/>\n<meta property=\"og:locale\" content=\"de_DE\" \/>\n<meta property=\"og:type\" content=\"article\" \/>\n<meta property=\"og:title\" content=\"Piktogramme - RAL\" \/>\n<meta property=\"og:description\" content=\"Erfahre mehr \u00fcber Sicherheitshinweise und Piktogramme f\u00fcr den sicheren Umgang mit Kerzen oder lade diese herunter.\" \/>\n<meta property=\"og:url\" content=\"https:\/\/www.ral-c.com\/de\/piktogramme\/\" \/>\n<meta property=\"og:site_name\" content=\"RAL\" \/>\n<meta property=\"article:publisher\" content=\"https:\/\/www.facebook.com\/kerzenguete\/\" \/>\n<meta property=\"article:modified_time\" content=\"2026-03-31T08:22:25+00:00\" \/>\n<meta property=\"og:image\" content=\"https:\/\/www.ral-c.com\/wp-content\/uploads\/2024\/05\/allgemeines-warnzeichen.png\" \/>\n\t<meta property=\"og:image:width\" content=\"199\" \/>\n\t<meta property=\"og:image:height\" content=\"174\" \/>\n\t<meta property=\"og:image:type\" content=\"image\/png\" \/>\n<meta name=\"twitter:card\" content=\"summary_large_image\" \/>\n<meta name=\"twitter:label1\" content=\"Gesch\u00e4tzte Lesezeit\" \/>\n\t<meta name=\"twitter:data1\" content=\"6\u00a0Minuten\" \/>\n<script type=\"application\/ld+json\" class=\"yoast-schema-graph\">{\"@context\":\"https:\/\/schema.org\",\"@graph\":[{\"@type\":\"WebPage\",\"@id\":\"https:\/\/www.ral-c.com\/de\/piktogramme\/\",\"url\":\"https:\/\/www.ral-c.com\/de\/piktogramme\/\",\"name\":\"Piktogramme - RAL\",\"isPartOf\":{\"@id\":\"https:\/\/www.ral-c.com\/de\/#website\"},\"primaryImageOfPage\":{\"@id\":\"https:\/\/www.ral-c.com\/de\/piktogramme\/#primaryimage\"},\"image\":{\"@id\":\"https:\/\/www.ral-c.com\/de\/piktogramme\/#primaryimage\"},\"thumbnailUrl\":\"https:\/\/www.ral-c.com\/wp-content\/uploads\/2024\/05\/allgemeines-warnzeichen.png\",\"datePublished\":\"2024-06-06T12:34:52+00:00\",\"dateModified\":\"2026-03-31T08:22:25+00:00\",\"description\":\"Erfahre mehr \u00fcber Sicherheitshinweise und Piktogramme f\u00fcr den sicheren Umgang mit Kerzen oder lade diese herunter.\",\"breadcrumb\":{\"@id\":\"https:\/\/www.ral-c.com\/de\/piktogramme\/#breadcrumb\"},\"inLanguage\":\"de\",\"potentialAction\":[{\"@type\":\"ReadAction\",\"target\":[\"https:\/\/www.ral-c.com\/de\/piktogramme\/\"]}]},{\"@type\":\"ImageObject\",\"inLanguage\":\"de\",\"@id\":\"https:\/\/www.ral-c.com\/de\/piktogramme\/#primaryimage\",\"url\":\"https:\/\/www.ral-c.com\/wp-content\/uploads\/2024\/05\/allgemeines-warnzeichen.png\",\"contentUrl\":\"https:\/\/www.ral-c.com\/wp-content\/uploads\/2024\/05\/allgemeines-warnzeichen.png\"},{\"@type\":\"BreadcrumbList\",\"@id\":\"https:\/\/www.ral-c.com\/de\/piktogramme\/#breadcrumb\",\"itemListElement\":[{\"@type\":\"ListItem\",\"position\":1,\"name\":\"Home\",\"item\":\"https:\/\/www.ral-c.com\/de\/\"},{\"@type\":\"ListItem\",\"position\":2,\"name\":\"Piktogramme\"}]},{\"@type\":\"WebSite\",\"@id\":\"https:\/\/www.ral-c.com\/de\/#website\",\"url\":\"https:\/\/www.ral-c.com\/de\/\",\"name\":\"RAL Quality Mark Candles\",\"description\":\"G\u00fctezeichen f\u00fcr Kerzen\",\"publisher\":{\"@id\":\"https:\/\/www.ral-c.com\/de\/#organization\"},\"potentialAction\":[{\"@type\":\"SearchAction\",\"target\":{\"@type\":\"EntryPoint\",\"urlTemplate\":\"https:\/\/www.ral-c.com\/de\/?s={search_term_string}\"},\"query-input\":{\"@type\":\"PropertyValueSpecification\",\"valueRequired\":true,\"valueName\":\"search_term_string\"}}],\"inLanguage\":\"de\"},{\"@type\":\"Organization\",\"@id\":\"https:\/\/www.ral-c.com\/de\/#organization\",\"name\":\"RAL Quality Mark Candles\",\"url\":\"https:\/\/www.ral-c.com\/de\/\",\"logo\":{\"@type\":\"ImageObject\",\"inLanguage\":\"de\",\"@id\":\"https:\/\/www.ral-c.com\/de\/#\/schema\/logo\/image\/\",\"url\":\"https:\/\/www.ral-c.com\/wp-content\/uploads\/2024\/08\/ral-website-logo-en.jpg\",\"contentUrl\":\"https:\/\/www.ral-c.com\/wp-content\/uploads\/2024\/08\/ral-website-logo-en.jpg\",\"width\":739,\"height\":1419,\"caption\":\"RAL Quality Mark Candles\"},\"image\":{\"@id\":\"https:\/\/www.ral-c.com\/de\/#\/schema\/logo\/image\/\"},\"sameAs\":[\"https:\/\/www.facebook.com\/kerzenguete\/\",\"https:\/\/www.instagram.com\/ralqualitymarkcandles\/\"]}]}<\/script>\n<!-- \/ Yoast SEO plugin. -->","yoast_head_json":{"title":"Piktogramme - RAL","description":"Erfahre mehr \u00fcber Sicherheitshinweise und Piktogramme f\u00fcr den sicheren Umgang mit Kerzen oder lade diese herunter.","robots":{"index":"index","follow":"follow","max-snippet":"max-snippet:-1","max-image-preview":"max-image-preview:large","max-video-preview":"max-video-preview:-1"},"canonical":"https:\/\/www.ral-c.com\/de\/piktogramme\/","og_locale":"de_DE","og_type":"article","og_title":"Piktogramme - RAL","og_description":"Erfahre mehr \u00fcber Sicherheitshinweise und Piktogramme f\u00fcr den sicheren Umgang mit Kerzen oder lade diese herunter.","og_url":"https:\/\/www.ral-c.com\/de\/piktogramme\/","og_site_name":"RAL","article_publisher":"https:\/\/www.facebook.com\/kerzenguete\/","article_modified_time":"2026-03-31T08:22:25+00:00","og_image":[{"width":199,"height":174,"url":"https:\/\/www.ral-c.com\/wp-content\/uploads\/2024\/05\/allgemeines-warnzeichen.png","type":"image\/png"}],"twitter_card":"summary_large_image","twitter_misc":{"Gesch\u00e4tzte Lesezeit":"6\u00a0Minuten"},"schema":{"@context":"https:\/\/schema.org","@graph":[{"@type":"WebPage","@id":"https:\/\/www.ral-c.com\/de\/piktogramme\/","url":"https:\/\/www.ral-c.com\/de\/piktogramme\/","name":"Piktogramme - RAL","isPartOf":{"@id":"https:\/\/www.ral-c.com\/de\/#website"},"primaryImageOfPage":{"@id":"https:\/\/www.ral-c.com\/de\/piktogramme\/#primaryimage"},"image":{"@id":"https:\/\/www.ral-c.com\/de\/piktogramme\/#primaryimage"},"thumbnailUrl":"https:\/\/www.ral-c.com\/wp-content\/uploads\/2024\/05\/allgemeines-warnzeichen.png","datePublished":"2024-06-06T12:34:52+00:00","dateModified":"2026-03-31T08:22:25+00:00","description":"Erfahre mehr \u00fcber Sicherheitshinweise und Piktogramme f\u00fcr den sicheren Umgang mit Kerzen oder lade diese herunter.","breadcrumb":{"@id":"https:\/\/www.ral-c.com\/de\/piktogramme\/#breadcrumb"},"inLanguage":"de","potentialAction":[{"@type":"ReadAction","target":["https:\/\/www.ral-c.com\/de\/piktogramme\/"]}]},{"@type":"ImageObject","inLanguage":"de","@id":"https:\/\/www.ral-c.com\/de\/piktogramme\/#primaryimage","url":"https:\/\/www.ral-c.com\/wp-content\/uploads\/2024\/05\/allgemeines-warnzeichen.png","contentUrl":"https:\/\/www.ral-c.com\/wp-content\/uploads\/2024\/05\/allgemeines-warnzeichen.png"},{"@type":"BreadcrumbList","@id":"https:\/\/www.ral-c.com\/de\/piktogramme\/#breadcrumb","itemListElement":[{"@type":"ListItem","position":1,"name":"Home","item":"https:\/\/www.ral-c.com\/de\/"},{"@type":"ListItem","position":2,"name":"Piktogramme"}]},{"@type":"WebSite","@id":"https:\/\/www.ral-c.com\/de\/#website","url":"https:\/\/www.ral-c.com\/de\/","name":"RAL Quality Mark Candles","description":"G\u00fctezeichen f\u00fcr Kerzen","publisher":{"@id":"https:\/\/www.ral-c.com\/de\/#organization"},"potentialAction":[{"@type":"SearchAction","target":{"@type":"EntryPoint","urlTemplate":"https:\/\/www.ral-c.com\/de\/?s={search_term_string}"},"query-input":{"@type":"PropertyValueSpecification","valueRequired":true,"valueName":"search_term_string"}}],"inLanguage":"de"},{"@type":"Organization","@id":"https:\/\/www.ral-c.com\/de\/#organization","name":"RAL Quality Mark Candles","url":"https:\/\/www.ral-c.com\/de\/","logo":{"@type":"ImageObject","inLanguage":"de","@id":"https:\/\/www.ral-c.com\/de\/#\/schema\/logo\/image\/","url":"https:\/\/www.ral-c.com\/wp-content\/uploads\/2024\/08\/ral-website-logo-en.jpg","contentUrl":"https:\/\/www.ral-c.com\/wp-content\/uploads\/2024\/08\/ral-website-logo-en.jpg","width":739,"height":1419,"caption":"RAL Quality Mark Candles"},"image":{"@id":"https:\/\/www.ral-c.com\/de\/#\/schema\/logo\/image\/"},"sameAs":["https:\/\/www.facebook.com\/kerzenguete\/","https:\/\/www.instagram.com\/ralqualitymarkcandles\/"]}]}},"_links":{"self":[{"href":"https:\/\/www.ral-c.com\/de\/wp-json\/wp\/v2\/pages\/2188","targetHints":{"allow":["GET"]}}],"collection":[{"href":"https:\/\/www.ral-c.com\/de\/wp-json\/wp\/v2\/pages"}],"about":[{"href":"https:\/\/www.ral-c.com\/de\/wp-json\/wp\/v2\/types\/page"}],"author":[{"embeddable":true,"href":"https:\/\/www.ral-c.com\/de\/wp-json\/wp\/v2\/users\/2"}],"replies":[{"embeddable":true,"href":"https:\/\/www.ral-c.com\/de\/wp-json\/wp\/v2\/comments?post=2188"}],"version-history":[{"count":28,"href":"https:\/\/www.ral-c.com\/de\/wp-json\/wp\/v2\/pages\/2188\/revisions"}],"predecessor-version":[{"id":8095,"href":"https:\/\/www.ral-c.com\/de\/wp-json\/wp\/v2\/pages\/2188\/revisions\/8095"}],"wp:attachment":[{"href":"https:\/\/www.ral-c.com\/de\/wp-json\/wp\/v2\/media?parent=2188"}],"curies":[{"name":"wp","href":"https:\/\/api.w.org\/{rel}","templated":true}]}}