{"id":1337,"date":"2024-05-28T14:23:39","date_gmt":"2024-05-28T14:23:39","guid":{"rendered":"https:\/\/ral.komfour-develop.de\/?page_id=1337"},"modified":"2025-07-03T07:16:51","modified_gmt":"2025-07-03T07:16:51","slug":"pruefbestimmungen-auszug-ral-gz-041-4","status":"publish","type":"page","link":"https:\/\/www.ral-c.com\/de\/pruefbestimmungen-auszug-ral-gz-041-4\/","title":{"rendered":"Pr\u00fcfbestimmungen Auszug RAL-GZ 041\/4"},"content":{"rendered":"\t\t<div data-elementor-type=\"wp-page\" data-elementor-id=\"1337\" class=\"elementor elementor-1337\" data-elementor-post-type=\"page\">\n\t\t\t\t<div class=\"elementor-element elementor-element-1c04d01 e-con-full e-flex e-con e-parent\" data-id=\"1c04d01\" data-element_type=\"container\" data-e-type=\"container\">\n\t\t<div class=\"elementor-element elementor-element-7b8b2fb e-con-full e-flex e-con e-child\" data-id=\"7b8b2fb\" data-element_type=\"container\" data-e-type=\"container\">\n\t\t\t\t<div class=\"elementor-element elementor-element-403a0b5 elementor--h-position-left elementor--v-position-top elementor-arrows-position-inside elementor-pagination-position-inside elementor-widget elementor-widget-slides\" data-id=\"403a0b5\" data-element_type=\"widget\" data-e-type=\"widget\" data-settings=\"{&quot;navigation&quot;:&quot;both&quot;,&quot;autoplay&quot;:&quot;yes&quot;,&quot;pause_on_hover&quot;:&quot;yes&quot;,&quot;pause_on_interaction&quot;:&quot;yes&quot;,&quot;autoplay_speed&quot;:5000,&quot;infinite&quot;:&quot;yes&quot;,&quot;transition&quot;:&quot;slide&quot;,&quot;transition_speed&quot;:500}\" data-widget_type=\"slides.default\">\n\t\t\t\t<div class=\"elementor-widget-container\">\n\t\t\t\t\t\t\t\t\t<div class=\"elementor-swiper\">\n\t\t\t\t\t<div class=\"elementor-slides-wrapper elementor-main-swiper swiper\" role=\"region\" aria-roledescription=\"carousel\" aria-label=\"Slider\" dir=\"ltr\" data-animation=\"fadeInUp\">\n\t\t\t\t<div class=\"swiper-wrapper elementor-slides\">\n\t\t\t\t\t\t\t\t\t\t<div class=\"elementor-repeater-item-07035d2 swiper-slide\" role=\"group\" aria-roledescription=\"slide\"><div class=\"swiper-slide-bg\" role=\"img\" aria-label=\"Kerzen mit RAL-G\u00fctezeichen zertifizierter Qualit\u00e4t\"><\/div><div class=\"swiper-slide-inner\" ><div class=\"swiper-slide-contents\"><div class=\"elementor-slide-heading\">Wir arbeiten mit<\/div><div class=\"elementor-slide-description\">g\u00fctegesicherten\nRohstoffen!<\/div><\/div><\/div><\/div>\t\t\t\t<\/div>\n\t\t\t\t\t\t\t<\/div>\n\t\t\t\t<\/div>\n\t\t\t\t\t\t\t\t<\/div>\n\t\t\t\t<\/div>\n\t\t\t\t<\/div>\n\t\t\t\t<\/div>\n\t\t<div class=\"elementor-element elementor-element-1cb4345 e-flex e-con-boxed e-con e-parent\" data-id=\"1cb4345\" data-element_type=\"container\" data-e-type=\"container\">\n\t\t\t\t\t<div class=\"e-con-inner\">\n\t\t<div class=\"elementor-element elementor-element-5afa847 e-con-full e-flex e-con e-child\" data-id=\"5afa847\" data-element_type=\"container\" data-e-type=\"container\">\n\t\t\t\t<div class=\"elementor-element elementor-element-6d29b45 elementor-widget elementor-widget-heading\" data-id=\"6d29b45\" data-element_type=\"widget\" data-e-type=\"widget\" data-widget_type=\"heading.default\">\n\t\t\t\t<div class=\"elementor-widget-container\">\n\t\t\t\t\t<h1 class=\"elementor-heading-title elementor-size-default\">AUSZUG AUS DEN BESONDEREN G\u00dcTE- UND PR\u00dcFBESTIMMUNGEN F\u00dcR GRABLICHTE RAL-GZ 041\/4<\/h1>\t\t\t\t<\/div>\n\t\t\t\t<\/div>\n\t\t\t\t<div class=\"elementor-element elementor-element-5805c0d elementor-widget elementor-widget-text-editor\" data-id=\"5805c0d\" data-element_type=\"widget\" data-e-type=\"widget\" data-widget_type=\"text-editor.default\">\n\t\t\t\t<div class=\"elementor-widget-container\">\n\t\t\t\t\t\t\t\t\t<p><\/p>\n<h1>4-1 GELTUNGSBEREICH<\/h1>\n<p><img fetchpriority=\"high\" decoding=\"async\" class=\"alignnone size-medium wp-image-1442\" src=\"https:\/\/www.ral-c.com\/wp-content\/uploads\/2024\/05\/grablicht-weiss-deckel-300x243.jpg\" alt=\"\" width=\"300\" height=\"243\" srcset=\"https:\/\/www.ral-c.com\/wp-content\/uploads\/2024\/05\/grablicht-weiss-deckel-300x243.jpg 300w, https:\/\/www.ral-c.com\/wp-content\/uploads\/2024\/05\/grablicht-weiss-deckel-768x622.jpg 768w, https:\/\/www.ral-c.com\/wp-content\/uploads\/2024\/05\/grablicht-weiss-deckel.jpg 845w\" sizes=\"(max-width: 300px) 100vw, 300px\" \/><\/p>\n<p>Die gleichm\u00e4\u00dfig gemischte Brennmasse wird in einem Beh\u00e4lter eingef\u00fcllt.<\/p>\n<p>Die Produkte sind dazu bestimmt, in oder au\u00dferhalb einer Grablaterne unter freiem Himmel ununterbrochen, also bis zum Selbstverl\u00f6schen, abzubrennen, und zwar sowohl bei Temperaturen \u00fcber als auch unter 0 \u00b0C.<\/p>\n<p>Hierzu geh\u00f6ren als Sondergruppe \u00d6llichte und Kompositions-\u00d6llichte.<\/p>\n<p>Innerhalb dieses Geltungsbereiches m\u00fcssen die Anforderungen des G\u00fctezeichens Kerzen f\u00fcr Grablichte erf\u00fcllt werden.<\/p>\t\t\t\t\t\t\t\t<\/div>\n\t\t\t\t<\/div>\n\t\t\t\t<div class=\"elementor-element elementor-element-5d061f4 elementor-widget elementor-widget-text-editor\" data-id=\"5d061f4\" data-element_type=\"widget\" data-e-type=\"widget\" data-widget_type=\"text-editor.default\">\n\t\t\t\t<div class=\"elementor-widget-container\">\n\t\t\t\t\t\t\t\t\t<p><\/p>\n<h1>4-2 G\u00dcTEBESTIMMUNGEN<\/h1>\n<h3>4-2.1 Anforderungen an die Rohstoffe<\/h3>\n<p>Anlage 1 \u201eAnforderungen an Roh- und Hilfsstoffe zum Gesundheitsschutz\u201c findet keine Anwendung.<\/p>\n<h3>4-2.2 Optische und technische Anforderungen<\/h3>\n<h4>4-2.2.1 Aussehen \/ Beh\u00e4lterqualit\u00e4t \/ Dochtanordnung<\/h4>\n<p>Der Docht und der Dochthalter sind zentrisch anzuordnen.<\/p>\n<p>Die Oberfl\u00e4che des Kerzenk\u00f6rpers muss bei Betrachtung ohne technische Hilfsmittel frei von Verunreinigungen sein.<\/p>\n<p>Das Beh\u00e4ltnis muss w\u00e4hrend des gesamten Brennvorganges bis zum Selbstverl\u00f6schen das Auslaufen der geschmolzenen Brennmasse verhindern.<\/p>\n<h4>4-2.2.2 Brenndauer<\/h4>\n<p>Ein g\u00fctegesichertes Produkt kann entweder mit ausdr\u00fccklicher Angabe der Mindestbrenndauer oder ohne solche Angaben vermarktet werden. Im Falle der ausdr\u00fccklichen Angabe ist die Brenndauer auf deren durchschnittliche Einhaltung hin zu pr\u00fcfen.<\/p>\n<p>Bei einer Angabe wie \u201eca.\u201c oder \u201e\u00b1\u201c ist eine Minustoleranz von 10 % zul\u00e4ssig.<\/p>\n<h4>4-2.2.3 Brennverhalten<\/h4>\n<p><img decoding=\"async\" class=\"alignnone size-full wp-image-1371\" src=\"https:\/\/www.ral-c.com\/wp-content\/uploads\/2024\/05\/grablicht_rot.jpg\" alt=\"\" width=\"300\" height=\"300\" srcset=\"https:\/\/www.ral-c.com\/wp-content\/uploads\/2024\/05\/grablicht_rot.jpg 300w, https:\/\/www.ral-c.com\/wp-content\/uploads\/2024\/05\/grablicht_rot-150x150.jpg 150w\" sizes=\"(max-width: 300px) 100vw, 300px\" \/><\/p>\t\t\t\t\t\t\t\t<\/div>\n\t\t\t\t<\/div>\n\t\t\t\t<div class=\"elementor-element elementor-element-3613d3b elementor-widget elementor-widget-text-editor\" data-id=\"3613d3b\" data-element_type=\"widget\" data-e-type=\"widget\" data-widget_type=\"text-editor.default\">\n\t\t\t\t<div class=\"elementor-widget-container\">\n\t\t\t\t\t\t\t\t\t<p><\/p>\n<h1>4-3 PR\u00dcFBESTIMMUNGEN<\/h1>\n<p><img decoding=\"async\" class=\"alignnone size-medium wp-image-1443\" src=\"https:\/\/www.ral-c.com\/wp-content\/uploads\/2024\/05\/grablicht-pruefbestimmungen-300x243.jpg\" alt=\"\" width=\"300\" height=\"243\" srcset=\"https:\/\/www.ral-c.com\/wp-content\/uploads\/2024\/05\/grablicht-pruefbestimmungen-300x243.jpg 300w, https:\/\/www.ral-c.com\/wp-content\/uploads\/2024\/05\/grablicht-pruefbestimmungen-768x622.jpg 768w, https:\/\/www.ral-c.com\/wp-content\/uploads\/2024\/05\/grablicht-pruefbestimmungen.jpg 845w\" sizes=\"(max-width: 300px) 100vw, 300px\" \/><\/p>\n<p>Die Pr\u00fcfung des Abbrandes erfolgt in einem Pr\u00fcfraum mit einer Raumtemperatur zwischen 15 \u00b0C und 25 \u00b0C.<\/p>\n<p>Es ist zu unterscheiden:<\/p>\n<p>Grablicht-Modelle ohne Deckel werden in einer Grablaterne abgebrannt,<br \/>Grablicht-Modelle mit Deckel werden freistehend abgebrannt.<br \/>Die Grablaterne, die f\u00fcr die Pr\u00fcfung verwendet wird, muss sachgerecht gestaltet sein, d.h. es werden folgende konstruktive Merkmale empfohlen:<\/p>\n<p>Abmessungen: z.B. 10 cm Breite, 10 cm Tiefe, 20 cm H\u00f6he. Der Innenraum der Laterne soll so gro\u00df sein, dass zwischen der Grablichth\u00fclle, den W\u00e4nden und dem Deckel der Laterne gen\u00fcgend Freiraum verbleibt, und zwar an den Seiten mind. 3 cm, nach oben mind. 5 cm,<br \/>die Laterne muss eine Luftzufuhr und den Abzug der Brandgase gew\u00e4hrleisten.<\/p>\t\t\t\t\t\t\t\t<\/div>\n\t\t\t\t<\/div>\n\t\t\t\t<div class=\"elementor-element elementor-element-4060073 elementor-widget elementor-widget-text-editor\" data-id=\"4060073\" data-element_type=\"widget\" data-e-type=\"widget\" data-widget_type=\"text-editor.default\">\n\t\t\t\t<div class=\"elementor-widget-container\">\n\t\t\t\t\t\t\t\t\t<p><\/p>\n<h1>4-4 GESAMTBEURTEILUNG<\/h1>\n<p><img loading=\"lazy\" decoding=\"async\" class=\"alignnone size-medium wp-image-1444\" src=\"https:\/\/www.ral-c.com\/wp-content\/uploads\/2024\/05\/grablicht-gesamtbeurteilung-300x243.jpg\" alt=\"\" width=\"300\" height=\"243\" srcset=\"https:\/\/www.ral-c.com\/wp-content\/uploads\/2024\/05\/grablicht-gesamtbeurteilung-300x243.jpg 300w, https:\/\/www.ral-c.com\/wp-content\/uploads\/2024\/05\/grablicht-gesamtbeurteilung-768x622.jpg 768w, https:\/\/www.ral-c.com\/wp-content\/uploads\/2024\/05\/grablicht-gesamtbeurteilung.jpg 845w\" sizes=\"(max-width: 300px) 100vw, 300px\" \/><\/p>\t\t\t\t\t\t\t\t<\/div>\n\t\t\t\t<\/div>\n\t\t\t\t<div class=\"elementor-element elementor-element-5f95f1c gallery-spacing-custom elementor-widget elementor-widget-image-gallery\" data-id=\"5f95f1c\" data-element_type=\"widget\" data-e-type=\"widget\" data-widget_type=\"image-gallery.default\">\n\t\t\t\t<div class=\"elementor-widget-container\">\n\t\t\t\t\t\t\t<div class=\"elementor-image-gallery\">\n\t\t\t<div id='gallery-1' class='gallery galleryid-1337 gallery-columns-2 gallery-size-full'><figure class='gallery-item'>\n\t\t\t<div class='gallery-icon portrait'>\n\t\t\t\t<a data-elementor-open-lightbox=\"yes\" data-elementor-lightbox-slideshow=\"5f95f1c\" data-elementor-lightbox-title=\"award-certificate\" data-e-action-hash=\"#elementor-action%3Aaction%3Dlightbox%26settings%3DeyJpZCI6MTM4NywidXJsIjoiaHR0cHM6XC9cL3d3dy5yYWwtYy5jb21cL3dwLWNvbnRlbnRcL3VwbG9hZHNcLzIwMjRcLzA1XC9hd2FyZC1jZXJ0aWZpY2F0ZS5qcGciLCJzbGlkZXNob3ciOiI1Zjk1ZjFjIn0%3D\" href='https:\/\/www.ral-c.com\/wp-content\/uploads\/2024\/05\/award-certificate.jpg'><img loading=\"lazy\" decoding=\"async\" width=\"718\" height=\"1030\" src=\"https:\/\/www.ral-c.com\/wp-content\/uploads\/2024\/05\/award-certificate.jpg\" class=\"attachment-full size-full\" alt=\"\" srcset=\"https:\/\/www.ral-c.com\/wp-content\/uploads\/2024\/05\/award-certificate.jpg 718w, https:\/\/www.ral-c.com\/wp-content\/uploads\/2024\/05\/award-certificate-209x300.jpg 209w, https:\/\/www.ral-c.com\/wp-content\/uploads\/2024\/05\/award-certificate-714x1024.jpg 714w\" sizes=\"(max-width: 718px) 100vw, 718px\" \/><\/a>\n\t\t\t<\/div><\/figure><figure class='gallery-item'>\n\t\t\t<div class='gallery-icon portrait'>\n\t\t\t\t<a data-elementor-open-lightbox=\"yes\" data-elementor-lightbox-slideshow=\"5f95f1c\" data-elementor-lightbox-title=\"test-report\" data-e-action-hash=\"#elementor-action%3Aaction%3Dlightbox%26settings%3DeyJpZCI6MTM4OCwidXJsIjoiaHR0cHM6XC9cL3d3dy5yYWwtYy5jb21cL3dwLWNvbnRlbnRcL3VwbG9hZHNcLzIwMjRcLzA1XC90ZXN0LXJlcG9ydC5qcGciLCJzbGlkZXNob3ciOiI1Zjk1ZjFjIn0%3D\" href='https:\/\/www.ral-c.com\/wp-content\/uploads\/2024\/05\/test-report.jpg'><img loading=\"lazy\" decoding=\"async\" width=\"718\" height=\"1030\" src=\"https:\/\/www.ral-c.com\/wp-content\/uploads\/2024\/05\/test-report.jpg\" class=\"attachment-full size-full\" alt=\"\" srcset=\"https:\/\/www.ral-c.com\/wp-content\/uploads\/2024\/05\/test-report.jpg 718w, https:\/\/www.ral-c.com\/wp-content\/uploads\/2024\/05\/test-report-209x300.jpg 209w, https:\/\/www.ral-c.com\/wp-content\/uploads\/2024\/05\/test-report-714x1024.jpg 714w\" sizes=\"(max-width: 718px) 100vw, 718px\" \/><\/a>\n\t\t\t<\/div><\/figure>\n\t\t<\/div>\n\t\t<\/div>\n\t\t\t\t\t\t<\/div>\n\t\t\t\t<\/div>\n\t\t\t\t<\/div>\n\t\t\t\t\t<\/div>\n\t\t\t\t<\/div>\n\t\t\t\t<\/div>\n\t\t","protected":false},"excerpt":{"rendered":"<p>Wir arbeiten mitg\u00fctegesicherten Rohstoffen! AUSZUG AUS DEN BESONDEREN G\u00dcTE- UND PR\u00dcFBESTIMMUNGEN F\u00dcR GRABLICHTE RAL-GZ 041\/4 4-1 GELTUNGSBEREICH Die gleichm\u00e4\u00dfig gemischte Brennmasse wird in einem Beh\u00e4lter eingef\u00fcllt. Die Produkte sind dazu bestimmt, in oder au\u00dferhalb einer Grablaterne unter freiem Himmel ununterbrochen, also bis zum Selbstverl\u00f6schen, abzubrennen, und zwar sowohl bei Temperaturen \u00fcber als auch unter 0 [&hellip;]<\/p>\n","protected":false},"author":2,"featured_media":0,"parent":0,"menu_order":0,"comment_status":"closed","ping_status":"closed","template":"elementor_header_footer","meta":{"footnotes":""},"class_list":["post-1337","page","type-page","status-publish","hentry"],"acf":[],"yoast_head":"<!-- This site is optimized with the Yoast SEO plugin v27.2 - https:\/\/yoast.com\/product\/yoast-seo-wordpress\/ -->\n<title>Pr\u00fcfbestimmungen Auszug RAL-GZ 041\/4 - RAL<\/title>\n<meta name=\"description\" content=\"Erfahren mehr \u00fcber die G\u00fcte- und Pr\u00fcfbestimmungen f\u00fcr Kerzen der G\u00fctegemeinschaft Kerzen e. V. mit Blick auf den Gesundheitsschutz.\" \/>\n<meta name=\"robots\" content=\"index, follow, max-snippet:-1, max-image-preview:large, max-video-preview:-1\" \/>\n<link rel=\"canonical\" href=\"https:\/\/www.ral-c.com\/de\/pruefbestimmungen-auszug-ral-gz-041-4\/\" \/>\n<meta property=\"og:locale\" content=\"de_DE\" \/>\n<meta property=\"og:type\" content=\"article\" \/>\n<meta property=\"og:title\" content=\"Pr\u00fcfbestimmungen Auszug RAL-GZ 041\/4 - RAL\" \/>\n<meta property=\"og:description\" content=\"Erfahren mehr \u00fcber die G\u00fcte- und Pr\u00fcfbestimmungen f\u00fcr Kerzen der G\u00fctegemeinschaft Kerzen e. V. mit Blick auf den Gesundheitsschutz.\" \/>\n<meta property=\"og:url\" content=\"https:\/\/www.ral-c.com\/de\/pruefbestimmungen-auszug-ral-gz-041-4\/\" \/>\n<meta property=\"og:site_name\" content=\"RAL\" \/>\n<meta property=\"article:publisher\" content=\"https:\/\/www.facebook.com\/kerzenguete\/\" \/>\n<meta property=\"article:modified_time\" content=\"2025-07-03T07:16:51+00:00\" \/>\n<meta property=\"og:image\" content=\"https:\/\/www.ral-c.com\/wp-content\/uploads\/2024\/05\/grablicht-weiss-deckel.jpg\" \/>\n\t<meta property=\"og:image:width\" content=\"845\" \/>\n\t<meta property=\"og:image:height\" content=\"684\" \/>\n\t<meta property=\"og:image:type\" content=\"image\/jpeg\" \/>\n<meta name=\"twitter:card\" content=\"summary_large_image\" \/>\n<meta name=\"twitter:label1\" content=\"Gesch\u00e4tzte Lesezeit\" \/>\n\t<meta name=\"twitter:data1\" content=\"3\u00a0Minuten\" \/>\n<script type=\"application\/ld+json\" class=\"yoast-schema-graph\">{\"@context\":\"https:\/\/schema.org\",\"@graph\":[{\"@type\":\"WebPage\",\"@id\":\"https:\/\/www.ral-c.com\/de\/pruefbestimmungen-auszug-ral-gz-041-4\/\",\"url\":\"https:\/\/www.ral-c.com\/de\/pruefbestimmungen-auszug-ral-gz-041-4\/\",\"name\":\"Pr\u00fcfbestimmungen Auszug RAL-GZ 041\/4 - RAL\",\"isPartOf\":{\"@id\":\"https:\/\/www.ral-c.com\/de\/#website\"},\"primaryImageOfPage\":{\"@id\":\"https:\/\/www.ral-c.com\/de\/pruefbestimmungen-auszug-ral-gz-041-4\/#primaryimage\"},\"image\":{\"@id\":\"https:\/\/www.ral-c.com\/de\/pruefbestimmungen-auszug-ral-gz-041-4\/#primaryimage\"},\"thumbnailUrl\":\"https:\/\/www.ral-c.com\/wp-content\/uploads\/2024\/05\/grablicht-weiss-deckel-300x243.jpg\",\"datePublished\":\"2024-05-28T14:23:39+00:00\",\"dateModified\":\"2025-07-03T07:16:51+00:00\",\"description\":\"Erfahren mehr \u00fcber die G\u00fcte- und Pr\u00fcfbestimmungen f\u00fcr Kerzen der G\u00fctegemeinschaft Kerzen e. V. mit Blick auf den Gesundheitsschutz.\",\"breadcrumb\":{\"@id\":\"https:\/\/www.ral-c.com\/de\/pruefbestimmungen-auszug-ral-gz-041-4\/#breadcrumb\"},\"inLanguage\":\"de\",\"potentialAction\":[{\"@type\":\"ReadAction\",\"target\":[\"https:\/\/www.ral-c.com\/de\/pruefbestimmungen-auszug-ral-gz-041-4\/\"]}]},{\"@type\":\"ImageObject\",\"inLanguage\":\"de\",\"@id\":\"https:\/\/www.ral-c.com\/de\/pruefbestimmungen-auszug-ral-gz-041-4\/#primaryimage\",\"url\":\"https:\/\/www.ral-c.com\/wp-content\/uploads\/2024\/05\/grablicht-weiss-deckel-300x243.jpg\",\"contentUrl\":\"https:\/\/www.ral-c.com\/wp-content\/uploads\/2024\/05\/grablicht-weiss-deckel-300x243.jpg\"},{\"@type\":\"BreadcrumbList\",\"@id\":\"https:\/\/www.ral-c.com\/de\/pruefbestimmungen-auszug-ral-gz-041-4\/#breadcrumb\",\"itemListElement\":[{\"@type\":\"ListItem\",\"position\":1,\"name\":\"Home\",\"item\":\"https:\/\/www.ral-c.com\/de\/\"},{\"@type\":\"ListItem\",\"position\":2,\"name\":\"Pr\u00fcfbestimmungen Auszug RAL-GZ 041\/4\"}]},{\"@type\":\"WebSite\",\"@id\":\"https:\/\/www.ral-c.com\/de\/#website\",\"url\":\"https:\/\/www.ral-c.com\/de\/\",\"name\":\"RAL Quality Mark Candles\",\"description\":\"G\u00fctezeichen f\u00fcr Kerzen\",\"publisher\":{\"@id\":\"https:\/\/www.ral-c.com\/de\/#organization\"},\"potentialAction\":[{\"@type\":\"SearchAction\",\"target\":{\"@type\":\"EntryPoint\",\"urlTemplate\":\"https:\/\/www.ral-c.com\/de\/?s={search_term_string}\"},\"query-input\":{\"@type\":\"PropertyValueSpecification\",\"valueRequired\":true,\"valueName\":\"search_term_string\"}}],\"inLanguage\":\"de\"},{\"@type\":\"Organization\",\"@id\":\"https:\/\/www.ral-c.com\/de\/#organization\",\"name\":\"RAL Quality Mark Candles\",\"url\":\"https:\/\/www.ral-c.com\/de\/\",\"logo\":{\"@type\":\"ImageObject\",\"inLanguage\":\"de\",\"@id\":\"https:\/\/www.ral-c.com\/de\/#\/schema\/logo\/image\/\",\"url\":\"https:\/\/www.ral-c.com\/wp-content\/uploads\/2024\/08\/ral-website-logo-en.jpg\",\"contentUrl\":\"https:\/\/www.ral-c.com\/wp-content\/uploads\/2024\/08\/ral-website-logo-en.jpg\",\"width\":739,\"height\":1419,\"caption\":\"RAL Quality Mark Candles\"},\"image\":{\"@id\":\"https:\/\/www.ral-c.com\/de\/#\/schema\/logo\/image\/\"},\"sameAs\":[\"https:\/\/www.facebook.com\/kerzenguete\/\",\"https:\/\/www.instagram.com\/ralqualitymarkcandles\/\"]}]}<\/script>\n<!-- \/ Yoast SEO plugin. -->","yoast_head_json":{"title":"Pr\u00fcfbestimmungen Auszug RAL-GZ 041\/4 - RAL","description":"Erfahren mehr \u00fcber die G\u00fcte- und Pr\u00fcfbestimmungen f\u00fcr Kerzen der G\u00fctegemeinschaft Kerzen e. V. mit Blick auf den Gesundheitsschutz.","robots":{"index":"index","follow":"follow","max-snippet":"max-snippet:-1","max-image-preview":"max-image-preview:large","max-video-preview":"max-video-preview:-1"},"canonical":"https:\/\/www.ral-c.com\/de\/pruefbestimmungen-auszug-ral-gz-041-4\/","og_locale":"de_DE","og_type":"article","og_title":"Pr\u00fcfbestimmungen Auszug RAL-GZ 041\/4 - RAL","og_description":"Erfahren mehr \u00fcber die G\u00fcte- und Pr\u00fcfbestimmungen f\u00fcr Kerzen der G\u00fctegemeinschaft Kerzen e. V. mit Blick auf den Gesundheitsschutz.","og_url":"https:\/\/www.ral-c.com\/de\/pruefbestimmungen-auszug-ral-gz-041-4\/","og_site_name":"RAL","article_publisher":"https:\/\/www.facebook.com\/kerzenguete\/","article_modified_time":"2025-07-03T07:16:51+00:00","og_image":[{"width":845,"height":684,"url":"https:\/\/www.ral-c.com\/wp-content\/uploads\/2024\/05\/grablicht-weiss-deckel.jpg","type":"image\/jpeg"}],"twitter_card":"summary_large_image","twitter_misc":{"Gesch\u00e4tzte Lesezeit":"3\u00a0Minuten"},"schema":{"@context":"https:\/\/schema.org","@graph":[{"@type":"WebPage","@id":"https:\/\/www.ral-c.com\/de\/pruefbestimmungen-auszug-ral-gz-041-4\/","url":"https:\/\/www.ral-c.com\/de\/pruefbestimmungen-auszug-ral-gz-041-4\/","name":"Pr\u00fcfbestimmungen Auszug RAL-GZ 041\/4 - RAL","isPartOf":{"@id":"https:\/\/www.ral-c.com\/de\/#website"},"primaryImageOfPage":{"@id":"https:\/\/www.ral-c.com\/de\/pruefbestimmungen-auszug-ral-gz-041-4\/#primaryimage"},"image":{"@id":"https:\/\/www.ral-c.com\/de\/pruefbestimmungen-auszug-ral-gz-041-4\/#primaryimage"},"thumbnailUrl":"https:\/\/www.ral-c.com\/wp-content\/uploads\/2024\/05\/grablicht-weiss-deckel-300x243.jpg","datePublished":"2024-05-28T14:23:39+00:00","dateModified":"2025-07-03T07:16:51+00:00","description":"Erfahren mehr \u00fcber die G\u00fcte- und Pr\u00fcfbestimmungen f\u00fcr Kerzen der G\u00fctegemeinschaft Kerzen e. V. mit Blick auf den Gesundheitsschutz.","breadcrumb":{"@id":"https:\/\/www.ral-c.com\/de\/pruefbestimmungen-auszug-ral-gz-041-4\/#breadcrumb"},"inLanguage":"de","potentialAction":[{"@type":"ReadAction","target":["https:\/\/www.ral-c.com\/de\/pruefbestimmungen-auszug-ral-gz-041-4\/"]}]},{"@type":"ImageObject","inLanguage":"de","@id":"https:\/\/www.ral-c.com\/de\/pruefbestimmungen-auszug-ral-gz-041-4\/#primaryimage","url":"https:\/\/www.ral-c.com\/wp-content\/uploads\/2024\/05\/grablicht-weiss-deckel-300x243.jpg","contentUrl":"https:\/\/www.ral-c.com\/wp-content\/uploads\/2024\/05\/grablicht-weiss-deckel-300x243.jpg"},{"@type":"BreadcrumbList","@id":"https:\/\/www.ral-c.com\/de\/pruefbestimmungen-auszug-ral-gz-041-4\/#breadcrumb","itemListElement":[{"@type":"ListItem","position":1,"name":"Home","item":"https:\/\/www.ral-c.com\/de\/"},{"@type":"ListItem","position":2,"name":"Pr\u00fcfbestimmungen Auszug RAL-GZ 041\/4"}]},{"@type":"WebSite","@id":"https:\/\/www.ral-c.com\/de\/#website","url":"https:\/\/www.ral-c.com\/de\/","name":"RAL Quality Mark Candles","description":"G\u00fctezeichen f\u00fcr Kerzen","publisher":{"@id":"https:\/\/www.ral-c.com\/de\/#organization"},"potentialAction":[{"@type":"SearchAction","target":{"@type":"EntryPoint","urlTemplate":"https:\/\/www.ral-c.com\/de\/?s={search_term_string}"},"query-input":{"@type":"PropertyValueSpecification","valueRequired":true,"valueName":"search_term_string"}}],"inLanguage":"de"},{"@type":"Organization","@id":"https:\/\/www.ral-c.com\/de\/#organization","name":"RAL Quality Mark Candles","url":"https:\/\/www.ral-c.com\/de\/","logo":{"@type":"ImageObject","inLanguage":"de","@id":"https:\/\/www.ral-c.com\/de\/#\/schema\/logo\/image\/","url":"https:\/\/www.ral-c.com\/wp-content\/uploads\/2024\/08\/ral-website-logo-en.jpg","contentUrl":"https:\/\/www.ral-c.com\/wp-content\/uploads\/2024\/08\/ral-website-logo-en.jpg","width":739,"height":1419,"caption":"RAL Quality Mark Candles"},"image":{"@id":"https:\/\/www.ral-c.com\/de\/#\/schema\/logo\/image\/"},"sameAs":["https:\/\/www.facebook.com\/kerzenguete\/","https:\/\/www.instagram.com\/ralqualitymarkcandles\/"]}]}},"_links":{"self":[{"href":"https:\/\/www.ral-c.com\/de\/wp-json\/wp\/v2\/pages\/1337","targetHints":{"allow":["GET"]}}],"collection":[{"href":"https:\/\/www.ral-c.com\/de\/wp-json\/wp\/v2\/pages"}],"about":[{"href":"https:\/\/www.ral-c.com\/de\/wp-json\/wp\/v2\/types\/page"}],"author":[{"embeddable":true,"href":"https:\/\/www.ral-c.com\/de\/wp-json\/wp\/v2\/users\/2"}],"replies":[{"embeddable":true,"href":"https:\/\/www.ral-c.com\/de\/wp-json\/wp\/v2\/comments?post=1337"}],"version-history":[{"count":28,"href":"https:\/\/www.ral-c.com\/de\/wp-json\/wp\/v2\/pages\/1337\/revisions"}],"predecessor-version":[{"id":6048,"href":"https:\/\/www.ral-c.com\/de\/wp-json\/wp\/v2\/pages\/1337\/revisions\/6048"}],"wp:attachment":[{"href":"https:\/\/www.ral-c.com\/de\/wp-json\/wp\/v2\/media?parent=1337"}],"curies":[{"name":"wp","href":"https:\/\/api.w.org\/{rel}","templated":true}]}}